{"id":286,"date":"2021-06-20T04:30:25","date_gmt":"2021-06-20T04:30:25","guid":{"rendered":"https:\/\/mrr.ixy.mybluehost.me\/website_dcad05ef\/?page_id=286"},"modified":"2024-05-26T17:27:56","modified_gmt":"2024-05-26T17:27:56","slug":"acio-staff","status":"publish","type":"page","link":"https:\/\/acio-official.org\/sv\/acio-staff\/","title":{"rendered":"ACIO-personal"},"content":{"rendered":"<div data-elementor-type=\"wp-page\" data-elementor-id=\"286\" class=\"elementor elementor-286\">\n\t\t\t\t\t\t<section class=\"elementor-section elementor-top-section elementor-element elementor-element-xb1n15u elementor-section-boxed elementor-section-height-default elementor-section-height-default\" data-id=\"xb1n15u\" data-element_type=\"section\" data-e-type=\"section\" data-settings=\"{&quot;background_background&quot;:&quot;video&quot;,&quot;background_video_link&quot;:&quot;https:\\\/\\\/youtu.be\\\/Qu58sD0WwNY&quot;}\">\n\t\t\t\t\t\t\t\t<div class=\"elementor-background-video-container elementor-hidden-mobile\">\n\t\t\t\t\t\t\t\t\t\t\t\t\t<div class=\"elementor-background-video-embed\" role=\"presentation\"><\/div>\n\t\t\t\t\t\t\t\t\t\t\t\t<\/div>\n\t\t\t\t\t\t\t\t\t<div class=\"elementor-background-overlay\"><\/div>\n\t\t\t\t\t\t\t<div class=\"elementor-container elementor-column-gap-default\">\n\t\t\t\t\t<div class=\"elementor-column elementor-col-100 elementor-top-column elementor-element elementor-element-1053ca7a\" data-id=\"1053ca7a\" data-element_type=\"column\" data-e-type=\"column\">\n\t\t\t<div class=\"elementor-widget-wrap elementor-element-populated\">\n\t\t\t\t\t\t<div class=\"elementor-element elementor-element-3d99e122 elementor-widget elementor-widget-heading\" data-id=\"3d99e122\" data-element_type=\"widget\" data-e-type=\"widget\" data-widget_type=\"heading.default\">\n\t\t\t\t<div class=\"elementor-widget-container\">\n\t\t\t\t\t<h1 class=\"elementor-heading-title elementor-size-default\">ACIO PERSONAL<\/h1>\t\t\t\t<\/div>\n\t\t\t\t<\/div>\n\t\t\t\t\t<\/div>\n\t\t<\/div>\n\t\t\t\t\t<\/div>\n\t\t<\/section>\n\t\t\t\t<section class=\"elementor-section elementor-top-section elementor-element elementor-element-5712713 elementor-section-boxed elementor-section-height-default elementor-section-height-default\" data-id=\"5712713\" data-element_type=\"section\" data-e-type=\"section\" data-settings=\"{&quot;background_background&quot;:&quot;classic&quot;}\">\n\t\t\t\t\t\t\t<div class=\"elementor-background-overlay\"><\/div>\n\t\t\t\t\t\t\t<div class=\"elementor-container elementor-column-gap-default\">\n\t\t\t\t\t<div class=\"elementor-column elementor-col-100 elementor-top-column elementor-element elementor-element-be93f2e\" data-id=\"be93f2e\" data-element_type=\"column\" data-e-type=\"column\">\n\t\t\t<div class=\"elementor-widget-wrap elementor-element-populated\">\n\t\t\t\t\t\t<div class=\"elementor-element elementor-element-ba0748a elementor-widget elementor-widget-heading\" data-id=\"ba0748a\" data-element_type=\"widget\" data-e-type=\"widget\" data-widget_type=\"heading.default\">\n\t\t\t\t<div class=\"elementor-widget-container\">\n\t\t\t\t\t<h2 class=\"elementor-heading-title elementor-size-large\">Peter insidern<\/h2>\t\t\t\t<\/div>\n\t\t\t\t<\/div>\n\t\t\t\t\t<\/div>\n\t\t<\/div>\n\t\t\t\t\t<\/div>\n\t\t<\/section>\n\t\t\t\t<section class=\"elementor-section elementor-top-section elementor-element elementor-element-b3288c1 elementor-section-boxed elementor-section-height-default elementor-section-height-default\" data-id=\"b3288c1\" data-element_type=\"section\" data-e-type=\"section\">\n\t\t\t\t\t\t<div class=\"elementor-container elementor-column-gap-default\">\n\t\t\t\t\t<div class=\"elementor-column elementor-col-100 elementor-top-column elementor-element elementor-element-61ad73b\" data-id=\"61ad73b\" data-element_type=\"column\" data-e-type=\"column\">\n\t\t\t<div class=\"elementor-widget-wrap elementor-element-populated\">\n\t\t\t\t\t\t<div class=\"elementor-element elementor-element-fe594a5 elementor-widget elementor-widget-text-editor\" data-id=\"fe594a5\" data-element_type=\"widget\" data-e-type=\"widget\" data-widget_type=\"text-editor.default\">\n\t\t\t\t<div class=\"elementor-widget-container\">\n\t\t\t\t\t\t\t\t\t<p><span style=\"text-decoration: underline;\"><em>ACIO 12: e divisionschef<\/em><\/span><\/p>\t\t\t\t\t\t\t\t<\/div>\n\t\t\t\t<\/div>\n\t\t\t\t\t<\/div>\n\t\t<\/div>\n\t\t\t\t\t<\/div>\n\t\t<\/section>\n\t\t\t\t<section class=\"elementor-section elementor-top-section elementor-element elementor-element-1479162 elementor-section-boxed elementor-section-height-default elementor-section-height-default\" data-id=\"1479162\" data-element_type=\"section\" data-e-type=\"section\" data-settings=\"{&quot;background_background&quot;:&quot;classic&quot;}\">\n\t\t\t\t\t\t\t<div class=\"elementor-background-overlay\"><\/div>\n\t\t\t\t\t\t\t<div class=\"elementor-container elementor-column-gap-default\">\n\t\t\t\t\t<div class=\"elementor-column elementor-col-66 elementor-top-column elementor-element elementor-element-466295d\" data-id=\"466295d\" data-element_type=\"column\" data-e-type=\"column\">\n\t\t\t<div class=\"elementor-widget-wrap elementor-element-populated\">\n\t\t\t\t\t\t<div class=\"elementor-element elementor-element-bc1dea0 elementor-widget elementor-widget-text-editor\" data-id=\"bc1dea0\" data-element_type=\"widget\" data-e-type=\"widget\" data-widget_type=\"text-editor.default\">\n\t\t\t\t<div class=\"elementor-widget-container\">\n\t\t\t\t\t\t\t\t\t<p><span class=\"x-el x-el-span c1-8x c1-8y c1-b c1-c c1-d c1-e c1-f c1-g\">Peter f\u00f6ddes 1970 i Slovakien, som \u00e4r en del av f\u00f6re detta Tjeckoslovakien och har ett amerikanskt Nato-s\u00e4kerhetsgodk\u00e4nnande p\u00e5 niv\u00e5 60 och h\u00f6gre. I tidig \u00e5lder hade han sin f\u00f6rsta kontakt eller m\u00f6te med utomjordingar (ungef\u00e4r runt 5 \u00e5r gammal). N\u00e4r han v\u00e4xte upp i f\u00f6re detta Tjeckoslovakien hade han ocks\u00e5 st\u00f6tt p\u00e5 m\u00e5nga konstiga h\u00e4ndelser ang\u00e5ende instabila elektromagnetiska f\u00e4lt inom regionen, vilket \u00f6kade hans erfarenhetsm\u00e4ssiga kunskap om icke-vanliga fenomen.<\/span><\/p><p><span class=\"x-el x-el-span c1-8x c1-8y c1-b c1-c c1-d c1-e c1-f c1-g\">Peter immigrerade till v\u00e4stra Tyskland 1988 och han rekryterades omedelbart till den speciella arm\u00e9enheten i de hemliga NATO-milit\u00e4rstyrkorna.<\/span><\/p><p><span class=\"x-el x-el-span c1-8x c1-8y c1-b c1-c c1-d c1-e c1-f c1-g\">\u00c5r 1990 blev Peter medlem i ACIO. Strax efter hans intr\u00e4de i ACIO b\u00f6rjade hans f\u00f6rsta m\u00f6te med krig n\u00e4r han var inblandad i inb\u00f6rdeskriget i fd Jugoslavien i regionen p\u00e5 Balkan 1991. Det fanns m\u00e5nga andra projekt \/ uppdrag genom \u00e5ren men p\u00e5 grund av k\u00e4nslighet och konfidentialitet. av projekten \u00e4r han begr\u00e4nsad till att dela djupet av sin arbetserfarenhet med allm\u00e4nheten. Under denna tid hade han praktisk erfarenhet av ACIO: s arbete, i egenskap av specialstyrkor, som hj\u00e4lpte honom att f\u00e5 kunskap och g\u00e5 vidare med organisationen.<\/span><\/p><p><span class=\"x-el x-el-span c1-8x c1-8y c1-b c1-c c1-d c1-e c1-f c1-g\">Efter att ha varit anst\u00e4lld av ACIO i 5 \u00e5r erbj\u00f6ds han en position i ACIO: s 12: e division. Hans jobbbeskrivning omfattade, men inte begr\u00e4nsat till, \u00f6vervakning av utl\u00e4nningar och deras syfte f\u00f6r att vara p\u00e5 jorden.\u00a0<\/span><\/p><p><span class=\"x-el x-el-span c1-8x c1-8y c1-b c1-c c1-d c1-e c1-f c1-g\">Efter 20 \u00e5r blev Peter chef f\u00f6r ACIO: s 12: e division och vid det 28: e \u00e5ret med denna avdelning har han skjutits in i hemliga rymduppdrag. Hans erfarenheter inkluderar migrationen mellan olika tidslinjer, verkligheter, utrymmen, universum, dimensioner och megaverser f\u00f6r att hj\u00e4lpa till att h\u00e5lla v\u00e5r verklighet och v\u00e4rld tillsammans.<\/span><\/p><p><span class=\"x-el x-el-span c1-8x c1-8y c1-b c1-c c1-d c1-e c1-f c1-g\">F\u00f6rutom sitt arbete med ACIO fick Peter tillst\u00e5nd att l\u00e4mna ut information till allm\u00e4nheten som tidigare inte var tillg\u00e4nglig och till\u00e5ten. Han delar f\u00f6rklaringar till v\u00e5r nuvarande tid och avsl\u00f6jar m\u00e5nga mysterier och nyfikna h\u00e4ndelser som har f\u00e5tt befolkningen att undra om utomjordingar existerar och vad deras niv\u00e5 av engagemang \u00e4r h\u00e4r p\u00e5 jorden.<\/span><\/p>\t\t\t\t\t\t\t\t<\/div>\n\t\t\t\t<\/div>\n\t\t\t\t\t<\/div>\n\t\t<\/div>\n\t\t\t\t<div class=\"elementor-column elementor-col-33 elementor-top-column elementor-element elementor-element-fcd7715\" data-id=\"fcd7715\" data-element_type=\"column\" data-e-type=\"column\">\n\t\t\t<div class=\"elementor-widget-wrap elementor-element-populated\">\n\t\t\t\t\t\t<div class=\"elementor-element elementor-element-15bd08a elementor-widget elementor-widget-image\" data-id=\"15bd08a\" data-element_type=\"widget\" data-e-type=\"widget\" data-widget_type=\"image.default\">\n\t\t\t\t<div class=\"elementor-widget-container\">\n\t\t\t\t\t\t\t\t\t\t\t\t\t\t\t<img fetchpriority=\"high\" decoding=\"async\" width=\"300\" height=\"450\" src=\"https:\/\/acio-official.org\/wp-content\/uploads\/2021\/06\/pipe-man.jpg\" class=\"attachment-large size-large wp-image-566\" alt=\"\" srcset=\"https:\/\/acio-official.org\/wp-content\/uploads\/2021\/06\/pipe-man.jpg 300w, https:\/\/acio-official.org\/wp-content\/uploads\/2021\/06\/pipe-man-200x300.jpg 200w, https:\/\/acio-official.org\/wp-content\/uploads\/2021\/06\/pipe-man-8x12.jpg 8w\" sizes=\"(max-width: 300px) 100vw, 300px\" \/>\t\t\t\t\t\t\t\t\t\t\t\t\t\t\t<\/div>\n\t\t\t\t<\/div>\n\t\t\t\t\t<\/div>\n\t\t<\/div>\n\t\t\t\t\t<\/div>\n\t\t<\/section>\n\t\t\t\t<section class=\"elementor-section elementor-top-section elementor-element elementor-element-fa0d31d elementor-section-boxed elementor-section-height-default elementor-section-height-default\" data-id=\"fa0d31d\" data-element_type=\"section\" data-e-type=\"section\" data-settings=\"{&quot;background_background&quot;:&quot;classic&quot;}\">\n\t\t\t\t\t\t\t<div class=\"elementor-background-overlay\"><\/div>\n\t\t\t\t\t\t\t<div class=\"elementor-container elementor-column-gap-default\">\n\t\t\t\t\t<div class=\"elementor-column elementor-col-100 elementor-top-column elementor-element elementor-element-dc8a3c3\" data-id=\"dc8a3c3\" data-element_type=\"column\" data-e-type=\"column\">\n\t\t\t<div class=\"elementor-widget-wrap elementor-element-populated\">\n\t\t\t\t\t\t<div class=\"elementor-element elementor-element-1657666 elementor-widget elementor-widget-heading\" data-id=\"1657666\" data-element_type=\"widget\" data-e-type=\"widget\" data-widget_type=\"heading.default\">\n\t\t\t\t<div class=\"elementor-widget-container\">\n\t\t\t\t\t<h2 class=\"elementor-heading-title elementor-size-default\">Jessica Arael Marrocco<\/h2>\t\t\t\t<\/div>\n\t\t\t\t<\/div>\n\t\t\t\t\t<\/div>\n\t\t<\/div>\n\t\t\t\t\t<\/div>\n\t\t<\/section>\n\t\t\t\t<section class=\"elementor-section elementor-top-section elementor-element elementor-element-c93a6f6 elementor-section-boxed elementor-section-height-default elementor-section-height-default\" data-id=\"c93a6f6\" data-element_type=\"section\" data-e-type=\"section\">\n\t\t\t\t\t\t<div class=\"elementor-container elementor-column-gap-default\">\n\t\t\t\t\t<div class=\"elementor-column elementor-col-100 elementor-top-column elementor-element elementor-element-e9eb4da\" data-id=\"e9eb4da\" data-element_type=\"column\" data-e-type=\"column\">\n\t\t\t<div class=\"elementor-widget-wrap elementor-element-populated\">\n\t\t\t\t\t\t<div class=\"elementor-element elementor-element-84935f4 elementor-widget elementor-widget-text-editor\" data-id=\"84935f4\" data-element_type=\"widget\" data-e-type=\"widget\" data-widget_type=\"text-editor.default\">\n\t\t\t\t<div class=\"elementor-widget-container\">\n\t\t\t\t\t\t\t\t\t<p><span style=\"text-decoration: underline;\"><em>ACIO 6: e divisionen Cicada 3301<\/em><\/span><\/p>\t\t\t\t\t\t\t\t<\/div>\n\t\t\t\t<\/div>\n\t\t\t\t\t<\/div>\n\t\t<\/div>\n\t\t\t\t\t<\/div>\n\t\t<\/section>\n\t\t\t\t<section class=\"elementor-section elementor-top-section elementor-element elementor-element-d0fc563 elementor-section-boxed elementor-section-height-default elementor-section-height-default\" data-id=\"d0fc563\" data-element_type=\"section\" data-e-type=\"section\" data-settings=\"{&quot;background_background&quot;:&quot;classic&quot;}\">\n\t\t\t\t\t\t\t<div class=\"elementor-background-overlay\"><\/div>\n\t\t\t\t\t\t\t<div class=\"elementor-container elementor-column-gap-default\">\n\t\t\t\t\t<div class=\"elementor-column elementor-col-66 elementor-top-column elementor-element elementor-element-4ee9051\" data-id=\"4ee9051\" data-element_type=\"column\" data-e-type=\"column\">\n\t\t\t<div class=\"elementor-widget-wrap elementor-element-populated\">\n\t\t\t\t\t\t<div class=\"elementor-element elementor-element-3c8f711 elementor-widget elementor-widget-text-editor\" data-id=\"3c8f711\" data-element_type=\"widget\" data-e-type=\"widget\" data-widget_type=\"text-editor.default\">\n\t\t\t\t<div class=\"elementor-widget-container\">\n\t\t\t\t\t\t\t\t\t<p>Jessica f\u00f6ddes i Boston-omr\u00e5det 1964, hon var mycket riktad och vald f\u00f6r att anv\u00e4ndas i programmen fr\u00e5n f\u00f6dseln genom hela sin barndom eftersom hon snabbt identifierades av ACIO f\u00f6r att ha en sj\u00e4lssignatur av ok\u00e4nt fr\u00e5n v\u00e4rldens ursprung. Tidigt visade hon en utomordentligt stark psykisk uppfattning som \u00f6vertr\u00e4ffade de flesta andra m\u00e4nniskor. P\u00e5 grund av sitt g\u00e5tfulla ursprung placerades hon i<a href=\"https:\/\/mrr.ixy.mybluehost.me\/website_dcad05ef\/2021\/06\/27\/the-numbers-group\/\"> nummergruppen<\/a> som nummer 12.<\/p><p>Vid 5 \u00e5rs \u00e5lder introducerades Jessica f\u00f6r ACIO och <a href=\"https:\/\/mrr.ixy.mybluehost.me\/website_dcad05ef\/2021\/06\/13\/intergalactic-council\/\">Intergalactic Council<\/a> och tog sedan kontakt med Peter Insider 2016 d\u00e4r hon b\u00f6rjade avsl\u00f6ja sitt engagemang i de hemliga rymdprogrammen. Som en exceptionell psykiker av ET-ursprung anv\u00e4ndes Jessica tungt i programmen av organisationer som <a href=\"https:\/\/mrr.ixy.mybluehost.me\/website_dcad05ef\/2021\/06\/28\/mars-colony-corporation\/\">MCC (Mars Colony Corporation)<\/a>, <a href=\"https:\/\/mrr.ixy.mybluehost.me\/website_dcad05ef\/2021\/07\/02\/worldwide-military-corporations\/\">Kruger Mercenary Corporation<\/a>,<a href=\"https:\/\/mrr.ixy.mybluehost.me\/website_dcad05ef\/2021\/06\/27\/the-labyrinth-group\/\"> labyrintgruppen<\/a>, och arbetade ocks\u00e5 som en galaktisk kontakt som kommunicerar med<a href=\"https:\/\/mrr.ixy.mybluehost.me\/website_dcad05ef\/2021\/06\/13\/council-of-5\/\"> r\u00e5det av 5<\/a>. Jessica \u00e4r ocks\u00e5 aktiv som en tillg\u00e5ng inom ACIO 6th Division Cicada 3301 d\u00e4r hon forts\u00e4tter att dechiffrera data fr\u00e5n intergalaktisk aktivitet och deras effekter p\u00e5 planeten.<\/p><p>Siffragruppen best\u00e5r av individer med f\u00f6rm\u00e5gor som noggrant observeras f\u00f6r att identifiera om de \u00e4r v\u00e4lvilliga eller illvilliga f\u00f6r denna verklighet. Samtidigt blir m\u00e5nga andra intresserade av barn med f\u00f6rm\u00e5gor, s\u00e5 detta \u00f6ppnade henne f\u00f6r onda program, milab och dolda milit\u00e4ra operationer och experiment.<\/p><p>Jessica \u00e4r en SSP- och MILAB-upplevare som har varit djupt involverad i olika supersoldatprojekt och special\u00e5tkomstprogram som psykisk och intuitiv specialist.<\/p><p>P\u00e5 grund av att det var en v\u00e4rdefull tillg\u00e5ng, blev Jessica ocks\u00e5 bortf\u00f6rd och tvingades experimentera med Murkoff MILAB -anl\u00e4ggningen vid 6 \u00e5rs \u00e5lder som en del av <a href=\"https:\/\/outlast.fandom.com\/wiki\/The_Walrider\">Projekt Walrider<\/a>. H\u00e4r visades det att aspekter av hennes energiska signatur extraherades och s\u00e5ldes till olika parter f\u00f6r att anv\u00e4ndas f\u00f6r andra agendor. Ett exempel p\u00e5 detta \u00e4r den verkliga CIA -tillg\u00e5ngen som vanligtvis identifieras som <a href=\"https:\/\/callofduty.fandom.com\/wiki\/Jason_Hudson\">Jason Hudson<\/a>, en individ inom programmen som var sammansm\u00e4lt med Jessicas stulna energiska signatur. Jason Hudson n\u00e4mns ocks\u00e5 som en karakt\u00e4r inom Call of duty -videospelserien d\u00e4r tv -spelets karakt\u00e4r \u00e4r baserad p\u00e5 den verkliga personen som arbetar i programmen.<\/p><p>Jessica arbetade ocks\u00e5 n\u00e4ra med <a href=\"https:\/\/mrr.ixy.mybluehost.me\/website_dcad05ef\/2021\/06\/14\/monarch-umbrella-refugee-group-m-u-r-g\/\">MURG (Monarch Umbrella Refugee Group)<\/a> d\u00e4r hon tilldelades en moderroll f\u00f6r att v\u00e4gleda och ta hand om de misshandlade medlemmarna efter att ha rymt sina respektive programmeringsm\u00f6jligheter inom Monarch och Umbrella.<\/p><p><span style=\"font-weight: 400;\">Idag \u00e4r Jessica fortfarande aktiv som en psykisk, interdimensionell seer, Akashic-skivl\u00e4sare, radiov\u00e4rd, podcaster och \u00e4gare av <a href=\"https:\/\/andronetalksradio.com\/\" target=\"_blank\" rel=\"noopener\">AndronETalks Radio<\/a>. Hon g\u00f6r regelbundna shower med Peter p\u00e5 sig <a href=\"https:\/\/www.youtube.com\/channel\/UC0zR-WRVWfW474e5L8HYqoQ\" target=\"_blank\" rel=\"noopener\">Youtube-kanal<\/a> diskuterar avsl\u00f6jande, planetariska och galaktiska h\u00e4ndelser som p\u00e5verkar v\u00e4rlden. L\u00e4ra sig mer om <a href=\"https:\/\/readingsbyarael.com\/\" target=\"_blank\" rel=\"noopener\">Jessica p\u00e5 sin webbplats h\u00e4r<\/a>. <\/span><\/p>\t\t\t\t\t\t\t\t<\/div>\n\t\t\t\t<\/div>\n\t\t\t\t\t<\/div>\n\t\t<\/div>\n\t\t\t\t<div class=\"elementor-column elementor-col-33 elementor-top-column elementor-element elementor-element-fb8b8cc\" data-id=\"fb8b8cc\" data-element_type=\"column\" data-e-type=\"column\">\n\t\t\t<div class=\"elementor-widget-wrap elementor-element-populated\">\n\t\t\t\t\t\t<div class=\"elementor-element elementor-element-153d57a elementor-widget elementor-widget-image\" data-id=\"153d57a\" data-element_type=\"widget\" data-e-type=\"widget\" data-widget_type=\"image.default\">\n\t\t\t\t<div class=\"elementor-widget-container\">\n\t\t\t\t\t\t\t\t\t\t\t\t<figure class=\"wp-caption\">\n\t\t\t\t\t\t\t\t\t\t\t<a href=\"https:\/\/readingsbyarael.com\/\" target=\"_blank\">\n\t\t\t\t\t\t\t<img decoding=\"async\" width=\"450\" height=\"600\" src=\"https:\/\/acio-official.org\/wp-content\/uploads\/2021\/06\/1550503650236-768x1024.jpeg\" class=\"attachment-large size-large wp-image-298\" alt=\"\" srcset=\"https:\/\/acio-official.org\/wp-content\/uploads\/2021\/06\/1550503650236-768x1024.jpeg 768w, https:\/\/acio-official.org\/wp-content\/uploads\/2021\/06\/1550503650236-225x300.jpeg 225w, https:\/\/acio-official.org\/wp-content\/uploads\/2021\/06\/1550503650236-600x800.jpeg 600w, https:\/\/acio-official.org\/wp-content\/uploads\/2021\/06\/1550503650236-487x649.jpeg 487w, https:\/\/acio-official.org\/wp-content\/uploads\/2021\/06\/1550503650236.jpeg 960w\" sizes=\"(max-width: 450px) 100vw, 450px\" \/>\t\t\t\t\t\t\t\t<\/a>\n\t\t\t\t\t\t\t\t\t\t\t<figcaption class=\"widget-image-caption wp-caption-text\">Bes\u00f6k Jessicas webbplats: readingsbyarael.com<\/figcaption>\n\t\t\t\t\t\t\t\t\t\t<\/figure>\n\t\t\t\t\t\t\t\t\t<\/div>\n\t\t\t\t<\/div>\n\t\t\t\t\t<\/div>\n\t\t<\/div>\n\t\t\t\t\t<\/div>\n\t\t<\/section>\n\t\t\t\t<\/div>","protected":false},"excerpt":{"rendered":"<p>ACIO STAFF Peter the Insider ACIO 12th Division Director Peter was born in 1970 in Slovakia, which is a part of former Czechoslovaki and has a U.S. Nato Security Clearance level 60 and above. At an early age he had his first contact or encounter with aliens (approximately around 5 years old). Growing up in [&hellip;]<\/p>\n","protected":false},"author":1,"featured_media":0,"parent":0,"menu_order":0,"comment_status":"closed","ping_status":"closed","template":"","meta":{"om_disable_all_campaigns":false,"site-sidebar-layout":"no-sidebar","site-content-layout":"page-builder","ast-site-content-layout":"default","site-content-style":"default","site-sidebar-style":"default","ast-global-header-display":"","ast-banner-title-visibility":"","ast-main-header-display":"","ast-hfb-above-header-display":"","ast-hfb-below-header-display":"","ast-hfb-mobile-header-display":"","site-post-title":"disabled","ast-breadcrumbs-content":"","ast-featured-img":"disabled","footer-sml-layout":"","ast-disable-related-posts":"","theme-transparent-header-meta":"","adv-header-id-meta":"","stick-header-meta":"","header-above-stick-meta":"","header-main-stick-meta":"","header-below-stick-meta":"","astra-migrate-meta-layouts":"default","ast-page-background-enabled":"default","ast-page-background-meta":{"desktop":{"background-color":"","background-image":"","background-repeat":"repeat","background-position":"center center","background-size":"auto","background-attachment":"scroll","background-type":"","background-media":"","overlay-type":"","overlay-color":"","overlay-opacity":"","overlay-gradient":""},"tablet":{"background-color":"","background-image":"","background-repeat":"repeat","background-position":"center center","background-size":"auto","background-attachment":"scroll","background-type":"","background-media":"","overlay-type":"","overlay-color":"","overlay-opacity":"","overlay-gradient":""},"mobile":{"background-color":"","background-image":"","background-repeat":"repeat","background-position":"center center","background-size":"auto","background-attachment":"scroll","background-type":"","background-media":"","overlay-type":"","overlay-color":"","overlay-opacity":"","overlay-gradient":""}},"ast-content-background-meta":{"desktop":{"background-color":"var(--ast-global-color-5)","background-image":"","background-repeat":"repeat","background-position":"center center","background-size":"auto","background-attachment":"scroll","background-type":"","background-media":"","overlay-type":"","overlay-color":"","overlay-opacity":"","overlay-gradient":""},"tablet":{"background-color":"var(--ast-global-color-5)","background-image":"","background-repeat":"repeat","background-position":"center center","background-size":"auto","background-attachment":"scroll","background-type":"","background-media":"","overlay-type":"","overlay-color":"","overlay-opacity":"","overlay-gradient":""},"mobile":{"background-color":"var(--ast-global-color-5)","background-image":"","background-repeat":"repeat","background-position":"center center","background-size":"auto","background-attachment":"scroll","background-type":"","background-media":"","overlay-type":"","overlay-color":"","overlay-opacity":"","overlay-gradient":""}},"footnotes":""},"class_list":["post-286","page","type-page","status-publish","hentry"],"_links":{"self":[{"href":"https:\/\/acio-official.org\/sv\/wp-json\/wp\/v2\/pages\/286","targetHints":{"allow":["GET"]}}],"collection":[{"href":"https:\/\/acio-official.org\/sv\/wp-json\/wp\/v2\/pages"}],"about":[{"href":"https:\/\/acio-official.org\/sv\/wp-json\/wp\/v2\/types\/page"}],"author":[{"embeddable":true,"href":"https:\/\/acio-official.org\/sv\/wp-json\/wp\/v2\/users\/1"}],"replies":[{"embeddable":true,"href":"https:\/\/acio-official.org\/sv\/wp-json\/wp\/v2\/comments?post=286"}],"version-history":[{"count":5,"href":"https:\/\/acio-official.org\/sv\/wp-json\/wp\/v2\/pages\/286\/revisions"}],"predecessor-version":[{"id":1430,"href":"https:\/\/acio-official.org\/sv\/wp-json\/wp\/v2\/pages\/286\/revisions\/1430"}],"wp:attachment":[{"href":"https:\/\/acio-official.org\/sv\/wp-json\/wp\/v2\/media?parent=286"}],"curies":[{"name":"wp","href":"https:\/\/api.w.org\/{rel}","templated":true}]}}