{"id":213,"date":"2021-06-14T03:19:30","date_gmt":"2021-06-14T03:19:30","guid":{"rendered":"https:\/\/mrr.ixy.mybluehost.me\/website_dcad05ef\/?page_id=213"},"modified":"2021-06-22T02:43:48","modified_gmt":"2021-06-22T02:43:48","slug":"disclaimers-on-the-acio","status":"publish","type":"page","link":"https:\/\/acio-official.org\/sv\/disclaimers-on-the-acio\/","title":{"rendered":"Ansvarsfriskrivningar om ACIO"},"content":{"rendered":"<div data-elementor-type=\"wp-page\" data-elementor-id=\"213\" class=\"elementor elementor-213\">\n\t\t\t\t\t\t<section class=\"elementor-section elementor-top-section elementor-element elementor-element-qxsprek elementor-section-boxed elementor-section-height-default elementor-section-height-default\" data-id=\"qxsprek\" data-element_type=\"section\" data-e-type=\"section\" data-settings=\"{&quot;background_background&quot;:&quot;classic&quot;}\">\n\t\t\t\t\t\t\t<div class=\"elementor-background-overlay\"><\/div>\n\t\t\t\t\t\t\t<div class=\"elementor-container elementor-column-gap-default\">\n\t\t\t\t\t<div class=\"elementor-column elementor-col-100 elementor-top-column elementor-element elementor-element-1053ca7a\" data-id=\"1053ca7a\" data-element_type=\"column\" data-e-type=\"column\">\n\t\t\t<div class=\"elementor-widget-wrap elementor-element-populated\">\n\t\t\t\t\t\t<div class=\"elementor-element elementor-element-3d99e122 elementor-widget elementor-widget-heading\" data-id=\"3d99e122\" data-element_type=\"widget\" data-e-type=\"widget\" data-widget_type=\"heading.default\">\n\t\t\t\t<div class=\"elementor-widget-container\">\n\t\t\t\t\t<h1 class=\"elementor-heading-title elementor-size-default\">ACIO FRISKRIVNINGAR <\/h1>\t\t\t\t<\/div>\n\t\t\t\t<\/div>\n\t\t\t\t\t<\/div>\n\t\t<\/div>\n\t\t\t\t\t<\/div>\n\t\t<\/section>\n\t\t\t\t<section class=\"elementor-section elementor-top-section elementor-element elementor-element-6f6dab4 elementor-section-boxed elementor-section-height-default elementor-section-height-default\" data-id=\"6f6dab4\" data-element_type=\"section\" data-e-type=\"section\" data-settings=\"{&quot;background_background&quot;:&quot;classic&quot;}\">\n\t\t\t\t\t\t\t<div class=\"elementor-background-overlay\"><\/div>\n\t\t\t\t\t\t\t<div class=\"elementor-container elementor-column-gap-default\">\n\t\t\t\t\t<div class=\"elementor-column elementor-col-100 elementor-top-column elementor-element elementor-element-5dbc720\" data-id=\"5dbc720\" data-element_type=\"column\" data-e-type=\"column\">\n\t\t\t<div class=\"elementor-widget-wrap elementor-element-populated\">\n\t\t\t\t\t\t<div class=\"elementor-element elementor-element-d6d363c elementor-widget elementor-widget-text-editor\" data-id=\"d6d363c\" data-element_type=\"widget\" data-e-type=\"widget\" data-widget_type=\"text-editor.default\">\n\t\t\t\t<div class=\"elementor-widget-container\">\n\t\t\t\t\t\t\t\t\t<p><span style=\"font-weight: 400;\">Fr\u00e5n och med detta skrivande \u00e4r den officiella ACIO-webbplatsen och Peter the Insider de enda officiellt sanktionerade resurserna och auktoriteten inom Advanced Contact Intelligence Organization. Det har kommit till v\u00e5r medvetenhet att det kan finnas andra grupper eller individer online som p\u00e5st\u00e5r sig vara utanf\u00f6r ACIO eller har tillg\u00e5ng till personalregister, databasfiler och intelligensrapporter fr\u00e5n ACIO. Vi ber att du unders\u00f6ker dessa p\u00e5st\u00e5enden med ett urskiljande \u00f6ga eftersom m\u00e5nga har f\u00f6rs\u00f6kt att falskt utg\u00f6ra sig som en ACIO-representant f\u00f6r olika negativa agendor som bara tj\u00e4nar till att motverka och diskreditera avsl\u00f6jande r\u00f6relsen.\u00a0<\/span><\/p><p><span style=\"font-weight: 400;\">Fram till detta datum \u00e4r Peter Insider den enda k\u00e4nda personen som offentligt erbjuder intelligens direkt fr\u00e5n ACIO eftersom ingen annan person har auktoriserats av ACIO att utf\u00f6ra denna roll p\u00e5 offentlig niv\u00e5. Med utvalda individer som Peter arbetar med kan han anv\u00e4nda ett teknikgr\u00e4nssnitt f\u00f6r att komma \u00e5t ett individs energiska f\u00e4lt och extrahera relevant information och personalfiler f\u00f6r supersoldater och SSP-upplevare. Denna process liknar mycket hur en psykisk kan st\u00e4lla in en individs Akashic-post, men ACIO: s datorgr\u00e4nssnitt g\u00f6r det m\u00f6jligt f\u00f6r honom att f\u00e5 tillg\u00e5ng till den djupaste m\u00f6jliga niv\u00e5n av en individs Akashic-post. Detta kallas proto-medvetenhetsniv\u00e5 och \u00e4r tillg\u00e4ngligt av endast de mest skickliga och erfarna psykikerna i limbo p\u00e5 astralniv\u00e5 om det alls \u00e4r tillg\u00e4ngligt f\u00f6r en vanlig m\u00e4nniska. Med det sagt ges \u00e4ven Peter sj\u00e4lv beh\u00f6rig \u00e5tkomst till endast en begr\u00e4nsad databas inom ACIO f\u00f6r avsl\u00f6jande. Vid denna tidpunkt erbjuder Peter inte tillg\u00e5ng till personalregister f\u00f6r supersoldater eller SSP-upplevare p\u00e5 grund av andra stora ansvarsomr\u00e5den som han f\u00f6r n\u00e4rvarande \u00e4r aktiv inom och ingen best\u00e4md tidslinje \u00e4r tillg\u00e4nglig f\u00f6r n\u00e4r Peter kommer att \u00e5terv\u00e4nda till att erbjuda denna tj\u00e4nst. Det b\u00f6r dock noteras att Peter aldrig kommer att beg\u00e4ra ers\u00e4ttning f\u00f6r n\u00e5gon av dessa tj\u00e4nster, s\u00e5 varje person som p\u00e5st\u00e5r sig erbjuda att dela ACIO-personalregister f\u00f6r betalning \u00e4r ett definitivt bedr\u00e4geri och b\u00f6r ignoreras och undvikas. <\/span><\/p>\t\t\t\t\t\t\t\t<\/div>\n\t\t\t\t<\/div>\n\t\t\t\t\t<\/div>\n\t\t<\/div>\n\t\t\t\t\t<\/div>\n\t\t<\/section>\n\t\t\t\t<\/div>","protected":false},"excerpt":{"rendered":"<p>ACIO DISCLAIMERS As of the date of this writing, the ACIO official website and Peter the Insider are the only officially sanctioned resources and authority on the Advanced Contact Intelligence Organization. It has come to our awareness that there may be other groups or individuals online that claim to be apart of the ACIO or [&hellip;]<\/p>\n","protected":false},"author":1,"featured_media":0,"parent":0,"menu_order":0,"comment_status":"closed","ping_status":"closed","template":"","meta":{"om_disable_all_campaigns":false,"site-sidebar-layout":"no-sidebar","site-content-layout":"page-builder","ast-site-content-layout":"default","site-content-style":"default","site-sidebar-style":"default","ast-global-header-display":"","ast-banner-title-visibility":"","ast-main-header-display":"","ast-hfb-above-header-display":"","ast-hfb-below-header-display":"","ast-hfb-mobile-header-display":"","site-post-title":"disabled","ast-breadcrumbs-content":"","ast-featured-img":"disabled","footer-sml-layout":"","ast-disable-related-posts":"","theme-transparent-header-meta":"","adv-header-id-meta":"","stick-header-meta":"","header-above-stick-meta":"","header-main-stick-meta":"","header-below-stick-meta":"","astra-migrate-meta-layouts":"default","ast-page-background-enabled":"default","ast-page-background-meta":{"desktop":{"background-color":"","background-image":"","background-repeat":"repeat","background-position":"center center","background-size":"auto","background-attachment":"scroll","background-type":"","background-media":"","overlay-type":"","overlay-color":"","overlay-opacity":"","overlay-gradient":""},"tablet":{"background-color":"","background-image":"","background-repeat":"repeat","background-position":"center center","background-size":"auto","background-attachment":"scroll","background-type":"","background-media":"","overlay-type":"","overlay-color":"","overlay-opacity":"","overlay-gradient":""},"mobile":{"background-color":"","background-image":"","background-repeat":"repeat","background-position":"center center","background-size":"auto","background-attachment":"scroll","background-type":"","background-media":"","overlay-type":"","overlay-color":"","overlay-opacity":"","overlay-gradient":""}},"ast-content-background-meta":{"desktop":{"background-color":"var(--ast-global-color-5)","background-image":"","background-repeat":"repeat","background-position":"center center","background-size":"auto","background-attachment":"scroll","background-type":"","background-media":"","overlay-type":"","overlay-color":"","overlay-opacity":"","overlay-gradient":""},"tablet":{"background-color":"var(--ast-global-color-5)","background-image":"","background-repeat":"repeat","background-position":"center center","background-size":"auto","background-attachment":"scroll","background-type":"","background-media":"","overlay-type":"","overlay-color":"","overlay-opacity":"","overlay-gradient":""},"mobile":{"background-color":"var(--ast-global-color-5)","background-image":"","background-repeat":"repeat","background-position":"center center","background-size":"auto","background-attachment":"scroll","background-type":"","background-media":"","overlay-type":"","overlay-color":"","overlay-opacity":"","overlay-gradient":""}},"footnotes":""},"class_list":["post-213","page","type-page","status-publish","hentry"],"_links":{"self":[{"href":"https:\/\/acio-official.org\/sv\/wp-json\/wp\/v2\/pages\/213","targetHints":{"allow":["GET"]}}],"collection":[{"href":"https:\/\/acio-official.org\/sv\/wp-json\/wp\/v2\/pages"}],"about":[{"href":"https:\/\/acio-official.org\/sv\/wp-json\/wp\/v2\/types\/page"}],"author":[{"embeddable":true,"href":"https:\/\/acio-official.org\/sv\/wp-json\/wp\/v2\/users\/1"}],"replies":[{"embeddable":true,"href":"https:\/\/acio-official.org\/sv\/wp-json\/wp\/v2\/comments?post=213"}],"version-history":[{"count":22,"href":"https:\/\/acio-official.org\/sv\/wp-json\/wp\/v2\/pages\/213\/revisions"}],"predecessor-version":[{"id":558,"href":"https:\/\/acio-official.org\/sv\/wp-json\/wp\/v2\/pages\/213\/revisions\/558"}],"wp:attachment":[{"href":"https:\/\/acio-official.org\/sv\/wp-json\/wp\/v2\/media?parent=213"}],"curies":[{"name":"wp","href":"https:\/\/api.w.org\/{rel}","templated":true}]}}