{"id":210,"date":"2021-06-14T03:19:30","date_gmt":"2021-06-14T03:19:30","guid":{"rendered":"https:\/\/mrr.ixy.mybluehost.me\/website_dcad05ef\/?page_id=210"},"modified":"2021-06-21T02:28:43","modified_gmt":"2021-06-21T02:28:43","slug":"disclosures-with-peter","status":"publish","type":"page","link":"https:\/\/acio-official.org\/sv\/disclosures-with-peter\/","title":{"rendered":"Upplysningar med Peter"},"content":{"rendered":"<div data-elementor-type=\"wp-page\" data-elementor-id=\"210\" class=\"elementor elementor-210\">\n\t\t\t\t\t\t<section class=\"elementor-section elementor-top-section elementor-element elementor-element-pe43s4z elementor-section-boxed elementor-section-height-default elementor-section-height-default\" data-id=\"pe43s4z\" data-element_type=\"section\" data-e-type=\"section\" data-settings=\"{&quot;background_background&quot;:&quot;video&quot;,&quot;background_video_link&quot;:&quot;https:\\\/\\\/youtu.be\\\/8cyFYDVKv-A&quot;}\">\n\t\t\t\t\t\t\t\t<div class=\"elementor-background-video-container elementor-hidden-mobile\">\n\t\t\t\t\t\t\t\t\t\t\t\t\t<div class=\"elementor-background-video-embed\" role=\"presentation\"><\/div>\n\t\t\t\t\t\t\t\t\t\t\t\t<\/div>\n\t\t\t\t\t\t\t\t\t<div class=\"elementor-background-overlay\"><\/div>\n\t\t\t\t\t\t\t<div class=\"elementor-container elementor-column-gap-default\">\n\t\t\t\t\t<div class=\"elementor-column elementor-col-100 elementor-top-column elementor-element elementor-element-1053ca7a\" data-id=\"1053ca7a\" data-element_type=\"column\" data-e-type=\"column\">\n\t\t\t<div class=\"elementor-widget-wrap elementor-element-populated\">\n\t\t\t\t\t\t<div class=\"elementor-element elementor-element-3d99e122 elementor-widget elementor-widget-heading\" data-id=\"3d99e122\" data-element_type=\"widget\" data-e-type=\"widget\" data-widget_type=\"heading.default\">\n\t\t\t\t<div class=\"elementor-widget-container\">\n\t\t\t\t\t<h1 class=\"elementor-heading-title elementor-size-default\">UPPGIFTER OM PETER<\/h1>\t\t\t\t<\/div>\n\t\t\t\t<\/div>\n\t\t\t\t\t<\/div>\n\t\t<\/div>\n\t\t\t\t\t<\/div>\n\t\t<\/section>\n\t\t\t\t<section class=\"elementor-section elementor-top-section elementor-element elementor-element-de81daf elementor-section-boxed elementor-section-height-default elementor-section-height-default\" data-id=\"de81daf\" data-element_type=\"section\" data-e-type=\"section\" data-settings=\"{&quot;background_background&quot;:&quot;classic&quot;}\">\n\t\t\t\t\t\t\t<div class=\"elementor-background-overlay\"><\/div>\n\t\t\t\t\t\t\t<div class=\"elementor-container elementor-column-gap-default\">\n\t\t\t\t\t<div class=\"elementor-column elementor-col-50 elementor-top-column elementor-element elementor-element-538da90\" data-id=\"538da90\" data-element_type=\"column\" data-e-type=\"column\">\n\t\t\t<div class=\"elementor-widget-wrap elementor-element-populated\">\n\t\t\t\t\t\t<div class=\"elementor-element elementor-element-b5fa40b elementor-widget elementor-widget-text-editor\" data-id=\"b5fa40b\" data-element_type=\"widget\" data-e-type=\"widget\" data-widget_type=\"text-editor.default\">\n\t\t\t\t<div class=\"elementor-widget-container\">\n\t\t\t\t\t\t\t\t\t<p>Sedan 2015 har Peter spridit kritisk information relaterad till avsl\u00f6jande och speciella \u00e5tkomstprogram som \u00e4ger rum bland v\u00e4rldens regeringar och f\u00f6retag runt om i v\u00e4rlden. Du kan h\u00e5lla dig uppdaterad om alla Peters \u00f6verf\u00f6ringar genom att st\u00e4lla in <a href=\"https:\/\/www.youtube.com\/playlist?list=PLFIbbckmeY0UAfno2eqaR1Jo2J0VXqjSz\">Upplysningar med Peter<\/a> p\u00e5 Jessica Arael Marroccos youtube-kanal.\u00a0<\/p>\t\t\t\t\t\t\t\t<\/div>\n\t\t\t\t<\/div>\n\t\t\t\t\t<\/div>\n\t\t<\/div>\n\t\t\t\t<div class=\"elementor-column elementor-col-50 elementor-top-column elementor-element elementor-element-be35b26\" data-id=\"be35b26\" data-element_type=\"column\" data-e-type=\"column\">\n\t\t\t<div class=\"elementor-widget-wrap elementor-element-populated\">\n\t\t\t\t\t\t<div class=\"elementor-element elementor-element-54dac08 elementor-widget elementor-widget-image\" data-id=\"54dac08\" data-element_type=\"widget\" data-e-type=\"widget\" data-widget_type=\"image.default\">\n\t\t\t\t<div class=\"elementor-widget-container\">\n\t\t\t\t\t\t\t\t\t\t\t\t\t\t\t\t<a href=\"https:\/\/www.youtube.com\/playlist?list=PLFIbbckmeY0UAfno2eqaR1Jo2J0VXqjSz\">\n\t\t\t\t\t\t\t<img fetchpriority=\"high\" decoding=\"async\" width=\"600\" height=\"336\" src=\"https:\/\/acio-official.org\/wp-content\/uploads\/2021\/06\/Screen-Shot-2021-05-23-at-10.17.10-AM-1024x573.png\" class=\"attachment-large size-large wp-image-382\" alt=\"\" srcset=\"https:\/\/acio-official.org\/wp-content\/uploads\/2021\/06\/Screen-Shot-2021-05-23-at-10.17.10-AM-1024x573.png 1024w, https:\/\/acio-official.org\/wp-content\/uploads\/2021\/06\/Screen-Shot-2021-05-23-at-10.17.10-AM-300x168.png 300w, https:\/\/acio-official.org\/wp-content\/uploads\/2021\/06\/Screen-Shot-2021-05-23-at-10.17.10-AM-768x430.png 768w, https:\/\/acio-official.org\/wp-content\/uploads\/2021\/06\/Screen-Shot-2021-05-23-at-10.17.10-AM-600x336.png 600w, https:\/\/acio-official.org\/wp-content\/uploads\/2021\/06\/Screen-Shot-2021-05-23-at-10.17.10-AM.png 1069w\" sizes=\"(max-width: 600px) 100vw, 600px\" \/>\t\t\t\t\t\t\t\t<\/a>\n\t\t\t\t\t\t\t\t\t\t\t\t\t\t\t<\/div>\n\t\t\t\t<\/div>\n\t\t\t\t<div class=\"elementor-element elementor-element-fc08ef6 elementor-widget elementor-widget-text-editor\" data-id=\"fc08ef6\" data-element_type=\"widget\" data-e-type=\"widget\" data-widget_type=\"text-editor.default\">\n\t\t\t\t<div class=\"elementor-widget-container\">\n\t\t\t\t\t\t\t\t\t<p>Youtube: <a href=\"https:\/\/www.youtube.com\/channel\/UC0zR-WRVWfW474e5L8HYqoQ\">Jessica Arael Marrocco \/ AndronETalks<\/a><\/p>\t\t\t\t\t\t\t\t<\/div>\n\t\t\t\t<\/div>\n\t\t\t\t\t<\/div>\n\t\t<\/div>\n\t\t\t\t\t<\/div>\n\t\t<\/section>\n\t\t\t\t<section class=\"elementor-section elementor-top-section elementor-element elementor-element-badb636 elementor-section-boxed elementor-section-height-default elementor-section-height-default\" data-id=\"badb636\" data-element_type=\"section\" data-e-type=\"section\" data-settings=\"{&quot;background_background&quot;:&quot;classic&quot;}\">\n\t\t\t\t\t\t\t<div class=\"elementor-background-overlay\"><\/div>\n\t\t\t\t\t\t\t<div class=\"elementor-container elementor-column-gap-default\">\n\t\t\t\t\t<div class=\"elementor-column elementor-col-100 elementor-top-column elementor-element elementor-element-a4cef7f\" data-id=\"a4cef7f\" data-element_type=\"column\" data-e-type=\"column\">\n\t\t\t<div class=\"elementor-widget-wrap elementor-element-populated\">\n\t\t\t\t\t\t<div class=\"elementor-element elementor-element-a0783b7 elementor-widget elementor-widget-heading\" data-id=\"a0783b7\" data-element_type=\"widget\" data-e-type=\"widget\" data-widget_type=\"heading.default\">\n\t\t\t\t<div class=\"elementor-widget-container\">\n\t\t\t\t\t<h2 class=\"elementor-heading-title elementor-size-default\">AndronETalks radiostation<\/h2>\t\t\t\t<\/div>\n\t\t\t\t<\/div>\n\t\t\t\t\t<\/div>\n\t\t<\/div>\n\t\t\t\t\t<\/div>\n\t\t<\/section>\n\t\t\t\t<section class=\"elementor-section elementor-top-section elementor-element elementor-element-e5af3d1 elementor-section-boxed elementor-section-height-default elementor-section-height-default\" data-id=\"e5af3d1\" data-element_type=\"section\" data-e-type=\"section\" data-settings=\"{&quot;background_background&quot;:&quot;classic&quot;}\">\n\t\t\t\t\t\t\t<div class=\"elementor-background-overlay\"><\/div>\n\t\t\t\t\t\t\t<div class=\"elementor-container elementor-column-gap-default\">\n\t\t\t\t\t<div class=\"elementor-column elementor-col-50 elementor-top-column elementor-element elementor-element-d960659\" data-id=\"d960659\" data-element_type=\"column\" data-e-type=\"column\">\n\t\t\t<div class=\"elementor-widget-wrap elementor-element-populated\">\n\t\t\t\t\t\t<div class=\"elementor-element elementor-element-351d104 elementor-widget elementor-widget-text-editor\" data-id=\"351d104\" data-element_type=\"widget\" data-e-type=\"widget\" data-widget_type=\"text-editor.default\">\n\t\t\t\t<div class=\"elementor-widget-container\">\n\t\t\t\t\t\t\t\t\t<p>Du kan ocks\u00e5 st\u00e4lla in Disclosures with Peter on the <a href=\"https:\/\/andronetalksradio.com\/\">AndronETalks Radiosida h\u00e4r!<\/a><\/p>\t\t\t\t\t\t\t\t<\/div>\n\t\t\t\t<\/div>\n\t\t\t\t\t<\/div>\n\t\t<\/div>\n\t\t\t\t<div class=\"elementor-column elementor-col-50 elementor-top-column elementor-element elementor-element-c9186de\" data-id=\"c9186de\" data-element_type=\"column\" data-e-type=\"column\">\n\t\t\t<div class=\"elementor-widget-wrap elementor-element-populated\">\n\t\t\t\t\t\t<div class=\"elementor-element elementor-element-a05da40 elementor-widget elementor-widget-image\" data-id=\"a05da40\" data-element_type=\"widget\" data-e-type=\"widget\" data-widget_type=\"image.default\">\n\t\t\t\t<div class=\"elementor-widget-container\">\n\t\t\t\t\t\t\t\t\t\t\t\t\t\t\t\t<a href=\"https:\/\/andronetalksradio.com\/\">\n\t\t\t\t\t\t\t<img decoding=\"async\" width=\"600\" height=\"338\" src=\"https:\/\/acio-official.org\/wp-content\/uploads\/2021\/06\/Andronetalks-Radio-1024x576.jpg\" class=\"attachment-large size-large wp-image-383\" alt=\"\" srcset=\"https:\/\/acio-official.org\/wp-content\/uploads\/2021\/06\/Andronetalks-Radio-1024x576.jpg 1024w, https:\/\/acio-official.org\/wp-content\/uploads\/2021\/06\/Andronetalks-Radio-300x169.jpg 300w, https:\/\/acio-official.org\/wp-content\/uploads\/2021\/06\/Andronetalks-Radio-768x432.jpg 768w, https:\/\/acio-official.org\/wp-content\/uploads\/2021\/06\/Andronetalks-Radio-1536x864.jpg 1536w, https:\/\/acio-official.org\/wp-content\/uploads\/2021\/06\/Andronetalks-Radio-600x338.jpg 600w, https:\/\/acio-official.org\/wp-content\/uploads\/2021\/06\/Andronetalks-Radio-1154x649.jpg 1154w, https:\/\/acio-official.org\/wp-content\/uploads\/2021\/06\/Andronetalks-Radio.jpg 1920w\" sizes=\"(max-width: 600px) 100vw, 600px\" \/>\t\t\t\t\t\t\t\t<\/a>\n\t\t\t\t\t\t\t\t\t\t\t\t\t\t\t<\/div>\n\t\t\t\t<\/div>\n\t\t\t\t\t<\/div>\n\t\t<\/div>\n\t\t\t\t\t<\/div>\n\t\t<\/section>\n\t\t\t\t<\/div>","protected":false},"excerpt":{"rendered":"<p>DISCLOSURES WITH PETER Since 2015, Peter has been disseminating critical intel\u00a0 related to disclosure and special access programs taking place amongst world governments and corporations around the world. You can get up to date on all of Peter&#8217;s intel transmissions by tuning into Disclosures with Peter on Jessica Arael Marrocco&#8217;s youtube channel.\u00a0 Youtube: Jessica Arael [&hellip;]<\/p>\n","protected":false},"author":1,"featured_media":0,"parent":0,"menu_order":0,"comment_status":"closed","ping_status":"closed","template":"","meta":{"om_disable_all_campaigns":false,"site-sidebar-layout":"no-sidebar","site-content-layout":"page-builder","ast-site-content-layout":"default","site-content-style":"default","site-sidebar-style":"default","ast-global-header-display":"","ast-banner-title-visibility":"","ast-main-header-display":"","ast-hfb-above-header-display":"","ast-hfb-below-header-display":"","ast-hfb-mobile-header-display":"","site-post-title":"disabled","ast-breadcrumbs-content":"","ast-featured-img":"disabled","footer-sml-layout":"","ast-disable-related-posts":"","theme-transparent-header-meta":"","adv-header-id-meta":"","stick-header-meta":"","header-above-stick-meta":"","header-main-stick-meta":"","header-below-stick-meta":"","astra-migrate-meta-layouts":"default","ast-page-background-enabled":"default","ast-page-background-meta":{"desktop":{"background-color":"","background-image":"","background-repeat":"repeat","background-position":"center center","background-size":"auto","background-attachment":"scroll","background-type":"","background-media":"","overlay-type":"","overlay-color":"","overlay-opacity":"","overlay-gradient":""},"tablet":{"background-color":"","background-image":"","background-repeat":"repeat","background-position":"center center","background-size":"auto","background-attachment":"scroll","background-type":"","background-media":"","overlay-type":"","overlay-color":"","overlay-opacity":"","overlay-gradient":""},"mobile":{"background-color":"","background-image":"","background-repeat":"repeat","background-position":"center center","background-size":"auto","background-attachment":"scroll","background-type":"","background-media":"","overlay-type":"","overlay-color":"","overlay-opacity":"","overlay-gradient":""}},"ast-content-background-meta":{"desktop":{"background-color":"var(--ast-global-color-5)","background-image":"","background-repeat":"repeat","background-position":"center center","background-size":"auto","background-attachment":"scroll","background-type":"","background-media":"","overlay-type":"","overlay-color":"","overlay-opacity":"","overlay-gradient":""},"tablet":{"background-color":"var(--ast-global-color-5)","background-image":"","background-repeat":"repeat","background-position":"center center","background-size":"auto","background-attachment":"scroll","background-type":"","background-media":"","overlay-type":"","overlay-color":"","overlay-opacity":"","overlay-gradient":""},"mobile":{"background-color":"var(--ast-global-color-5)","background-image":"","background-repeat":"repeat","background-position":"center center","background-size":"auto","background-attachment":"scroll","background-type":"","background-media":"","overlay-type":"","overlay-color":"","overlay-opacity":"","overlay-gradient":""}},"footnotes":""},"class_list":["post-210","page","type-page","status-publish","hentry"],"_links":{"self":[{"href":"https:\/\/acio-official.org\/sv\/wp-json\/wp\/v2\/pages\/210","targetHints":{"allow":["GET"]}}],"collection":[{"href":"https:\/\/acio-official.org\/sv\/wp-json\/wp\/v2\/pages"}],"about":[{"href":"https:\/\/acio-official.org\/sv\/wp-json\/wp\/v2\/types\/page"}],"author":[{"embeddable":true,"href":"https:\/\/acio-official.org\/sv\/wp-json\/wp\/v2\/users\/1"}],"replies":[{"embeddable":true,"href":"https:\/\/acio-official.org\/sv\/wp-json\/wp\/v2\/comments?post=210"}],"version-history":[{"count":13,"href":"https:\/\/acio-official.org\/sv\/wp-json\/wp\/v2\/pages\/210\/revisions"}],"predecessor-version":[{"id":523,"href":"https:\/\/acio-official.org\/sv\/wp-json\/wp\/v2\/pages\/210\/revisions\/523"}],"wp:attachment":[{"href":"https:\/\/acio-official.org\/sv\/wp-json\/wp\/v2\/media?parent=210"}],"curies":[{"name":"wp","href":"https:\/\/api.w.org\/{rel}","templated":true}]}}