{"id":286,"date":"2021-06-20T04:30:25","date_gmt":"2021-06-20T04:30:25","guid":{"rendered":"https:\/\/mrr.ixy.mybluehost.me\/website_dcad05ef\/?page_id=286"},"modified":"2024-05-26T17:27:56","modified_gmt":"2024-05-26T17:27:56","slug":"acio-staff","status":"publish","type":"page","link":"https:\/\/acio-official.org\/pt\/acio-staff\/","title":{"rendered":"Equipe ACIO"},"content":{"rendered":"<div data-elementor-type=\"wp-page\" data-elementor-id=\"286\" class=\"elementor elementor-286\">\n\t\t\t\t\t\t<section class=\"elementor-section elementor-top-section elementor-element elementor-element-xb1n15u elementor-section-boxed elementor-section-height-default elementor-section-height-default\" data-id=\"xb1n15u\" data-element_type=\"section\" data-e-type=\"section\" data-settings=\"{&quot;background_background&quot;:&quot;video&quot;,&quot;background_video_link&quot;:&quot;https:\\\/\\\/youtu.be\\\/Qu58sD0WwNY&quot;}\">\n\t\t\t\t\t\t\t\t<div class=\"elementor-background-video-container elementor-hidden-mobile\">\n\t\t\t\t\t\t\t\t\t\t\t\t\t<div class=\"elementor-background-video-embed\" role=\"presentation\"><\/div>\n\t\t\t\t\t\t\t\t\t\t\t\t<\/div>\n\t\t\t\t\t\t\t\t\t<div class=\"elementor-background-overlay\"><\/div>\n\t\t\t\t\t\t\t<div class=\"elementor-container elementor-column-gap-default\">\n\t\t\t\t\t<div class=\"elementor-column elementor-col-100 elementor-top-column elementor-element elementor-element-1053ca7a\" data-id=\"1053ca7a\" data-element_type=\"column\" data-e-type=\"column\">\n\t\t\t<div class=\"elementor-widget-wrap elementor-element-populated\">\n\t\t\t\t\t\t<div class=\"elementor-element elementor-element-3d99e122 elementor-widget elementor-widget-heading\" data-id=\"3d99e122\" data-element_type=\"widget\" data-e-type=\"widget\" data-widget_type=\"heading.default\">\n\t\t\t\t<div class=\"elementor-widget-container\">\n\t\t\t\t\t<h1 class=\"elementor-heading-title elementor-size-default\">EQUIPE DE ACIO<\/h1>\t\t\t\t<\/div>\n\t\t\t\t<\/div>\n\t\t\t\t\t<\/div>\n\t\t<\/div>\n\t\t\t\t\t<\/div>\n\t\t<\/section>\n\t\t\t\t<section class=\"elementor-section elementor-top-section elementor-element elementor-element-5712713 elementor-section-boxed elementor-section-height-default elementor-section-height-default\" data-id=\"5712713\" data-element_type=\"section\" data-e-type=\"section\" data-settings=\"{&quot;background_background&quot;:&quot;classic&quot;}\">\n\t\t\t\t\t\t\t<div class=\"elementor-background-overlay\"><\/div>\n\t\t\t\t\t\t\t<div class=\"elementor-container elementor-column-gap-default\">\n\t\t\t\t\t<div class=\"elementor-column elementor-col-100 elementor-top-column elementor-element elementor-element-be93f2e\" data-id=\"be93f2e\" data-element_type=\"column\" data-e-type=\"column\">\n\t\t\t<div class=\"elementor-widget-wrap elementor-element-populated\">\n\t\t\t\t\t\t<div class=\"elementor-element elementor-element-ba0748a elementor-widget elementor-widget-heading\" data-id=\"ba0748a\" data-element_type=\"widget\" data-e-type=\"widget\" data-widget_type=\"heading.default\">\n\t\t\t\t<div class=\"elementor-widget-container\">\n\t\t\t\t\t<h2 class=\"elementor-heading-title elementor-size-large\">Peter the Insider<\/h2>\t\t\t\t<\/div>\n\t\t\t\t<\/div>\n\t\t\t\t\t<\/div>\n\t\t<\/div>\n\t\t\t\t\t<\/div>\n\t\t<\/section>\n\t\t\t\t<section class=\"elementor-section elementor-top-section elementor-element elementor-element-b3288c1 elementor-section-boxed elementor-section-height-default elementor-section-height-default\" data-id=\"b3288c1\" data-element_type=\"section\" data-e-type=\"section\">\n\t\t\t\t\t\t<div class=\"elementor-container elementor-column-gap-default\">\n\t\t\t\t\t<div class=\"elementor-column elementor-col-100 elementor-top-column elementor-element elementor-element-61ad73b\" data-id=\"61ad73b\" data-element_type=\"column\" data-e-type=\"column\">\n\t\t\t<div class=\"elementor-widget-wrap elementor-element-populated\">\n\t\t\t\t\t\t<div class=\"elementor-element elementor-element-fe594a5 elementor-widget elementor-widget-text-editor\" data-id=\"fe594a5\" data-element_type=\"widget\" data-e-type=\"widget\" data-widget_type=\"text-editor.default\">\n\t\t\t\t<div class=\"elementor-widget-container\">\n\t\t\t\t\t\t\t\t\t<p><span style=\"text-decoration: underline;\"><em>ACIO 12\u00aa Divis\u00e3o Diretor<\/em><\/span><\/p>\t\t\t\t\t\t\t\t<\/div>\n\t\t\t\t<\/div>\n\t\t\t\t\t<\/div>\n\t\t<\/div>\n\t\t\t\t\t<\/div>\n\t\t<\/section>\n\t\t\t\t<section class=\"elementor-section elementor-top-section elementor-element elementor-element-1479162 elementor-section-boxed elementor-section-height-default elementor-section-height-default\" data-id=\"1479162\" data-element_type=\"section\" data-e-type=\"section\" data-settings=\"{&quot;background_background&quot;:&quot;classic&quot;}\">\n\t\t\t\t\t\t\t<div class=\"elementor-background-overlay\"><\/div>\n\t\t\t\t\t\t\t<div class=\"elementor-container elementor-column-gap-default\">\n\t\t\t\t\t<div class=\"elementor-column elementor-col-66 elementor-top-column elementor-element elementor-element-466295d\" data-id=\"466295d\" data-element_type=\"column\" data-e-type=\"column\">\n\t\t\t<div class=\"elementor-widget-wrap elementor-element-populated\">\n\t\t\t\t\t\t<div class=\"elementor-element elementor-element-bc1dea0 elementor-widget elementor-widget-text-editor\" data-id=\"bc1dea0\" data-element_type=\"widget\" data-e-type=\"widget\" data-widget_type=\"text-editor.default\">\n\t\t\t\t<div class=\"elementor-widget-container\">\n\t\t\t\t\t\t\t\t\t<p><span class=\"x-el x-el-span c1-8x c1-8y c1-b c1-c c1-d c1-e c1-f c1-g\">Peter nasceu em 1970 na Eslov\u00e1quia, que faz parte da antiga Tchecoslov\u00e1quia e possui autoriza\u00e7\u00e3o de seguran\u00e7a da OTAN dos EUA n\u00edvel 60 e superior. Ainda muito jovem teve seu primeiro contato ou encontro com alien\u00edgenas (aproximadamente por volta dos 5 anos). Crescendo na antiga Tchecoslov\u00e1quia, ele tamb\u00e9m encontrou muitos eventos estranhos relacionados a campos eletromagn\u00e9ticos inst\u00e1veis na regi\u00e3o, o que aumentou seu conhecimento experimental de fen\u00f4menos incomuns.<\/span><\/p><p><span class=\"x-el x-el-span c1-8x c1-8y c1-b c1-c c1-d c1-e c1-f c1-g\">Peter imigrou para a Alemanha Ocidental em 1988 e foi imediatamente recrutado para a unidade especial do ex\u00e9rcito nas for\u00e7as militares secretas da OTAN.<\/span><\/p><p><span class=\"x-el x-el-span c1-8x c1-8y c1-b c1-c c1-d c1-e c1-f c1-g\">Em 1990, Peter tornou-se membro da ACIO. Logo ap\u00f3s sua entrada na ACIO, seu primeiro encontro com a guerra come\u00e7ou quando ele se envolveu na guerra civil da ex-Iugosl\u00e1via na regi\u00e3o da Europa dos Balc\u00e3s em 1991. Houve v\u00e1rios outros projetos \/ miss\u00f5es ao longo dos anos, mas devido \u00e0 sensibilidade e confidencialidade dos projetos, ele se limita a compartilhar a profundidade de sua experi\u00eancia de trabalho com o p\u00fablico. Durante este tempo, teve experi\u00eancia pr\u00e1tica com o trabalho da ACIO, na qualidade de for\u00e7as especiais, que o ajudou a adquirir conhecimentos e avan\u00e7ar ainda mais com a organiza\u00e7\u00e3o.<\/span><\/p><p><span class=\"x-el x-el-span c1-8x c1-8y c1-b c1-c c1-d c1-e c1-f c1-g\">Depois de trabalhar no ACIO por 5 anos, ele foi oferecido um cargo na 12\u00aa divis\u00e3o do ACIO. Sua descri\u00e7\u00e3o de trabalho inclu\u00eda, mas n\u00e3o se limitava a, monitorar a presen\u00e7a de alien\u00edgenas e seu prop\u00f3sito de estar na Terra.\u00a0<\/span><\/p><p><span class=\"x-el x-el-span c1-8x c1-8y c1-b c1-c c1-d c1-e c1-f c1-g\">Ap\u00f3s 20 anos, Peter tornou-se o diretor da 12\u00aa divis\u00e3o da ACIO e no 28\u00ba ano com este Departamento, ele foi lan\u00e7ado em miss\u00f5es espaciais secretas. Suas experi\u00eancias incluem a migra\u00e7\u00e3o entre diferentes linhas do tempo, realidades, espa\u00e7os, universos, dimens\u00f5es e megaversos para ajudar a manter nossa realidade e mundo juntos.<\/span><\/p><p><span class=\"x-el x-el-span c1-8x c1-8y c1-b c1-c c1-d c1-e c1-f c1-g\">Al\u00e9m de seu trabalho com a ACIO, Peter recebeu permiss\u00e3o para divulgar informa\u00e7\u00f5es ao p\u00fablico que antes n\u00e3o eram acess\u00edveis e permitidas. Ele compartilha explica\u00e7\u00f5es sobre os nossos tempos atuais e revela muitos mist\u00e9rios e eventos curiosos que t\u00eam feito a popula\u00e7\u00e3o se perguntar se os extraterrestres existem e qual o seu n\u00edvel de envolvimento aqui na Terra.<\/span><\/p>\t\t\t\t\t\t\t\t<\/div>\n\t\t\t\t<\/div>\n\t\t\t\t\t<\/div>\n\t\t<\/div>\n\t\t\t\t<div class=\"elementor-column elementor-col-33 elementor-top-column elementor-element elementor-element-fcd7715\" data-id=\"fcd7715\" data-element_type=\"column\" data-e-type=\"column\">\n\t\t\t<div class=\"elementor-widget-wrap elementor-element-populated\">\n\t\t\t\t\t\t<div class=\"elementor-element elementor-element-15bd08a elementor-widget elementor-widget-image\" data-id=\"15bd08a\" data-element_type=\"widget\" data-e-type=\"widget\" data-widget_type=\"image.default\">\n\t\t\t\t<div class=\"elementor-widget-container\">\n\t\t\t\t\t\t\t\t\t\t\t\t\t\t\t<img fetchpriority=\"high\" decoding=\"async\" width=\"300\" height=\"450\" src=\"https:\/\/acio-official.org\/wp-content\/uploads\/2021\/06\/pipe-man.jpg\" class=\"attachment-large size-large wp-image-566\" alt=\"\" srcset=\"https:\/\/acio-official.org\/wp-content\/uploads\/2021\/06\/pipe-man.jpg 300w, https:\/\/acio-official.org\/wp-content\/uploads\/2021\/06\/pipe-man-200x300.jpg 200w, https:\/\/acio-official.org\/wp-content\/uploads\/2021\/06\/pipe-man-8x12.jpg 8w\" sizes=\"(max-width: 300px) 100vw, 300px\" \/>\t\t\t\t\t\t\t\t\t\t\t\t\t\t\t<\/div>\n\t\t\t\t<\/div>\n\t\t\t\t\t<\/div>\n\t\t<\/div>\n\t\t\t\t\t<\/div>\n\t\t<\/section>\n\t\t\t\t<section class=\"elementor-section elementor-top-section elementor-element elementor-element-fa0d31d elementor-section-boxed elementor-section-height-default elementor-section-height-default\" data-id=\"fa0d31d\" data-element_type=\"section\" data-e-type=\"section\" data-settings=\"{&quot;background_background&quot;:&quot;classic&quot;}\">\n\t\t\t\t\t\t\t<div class=\"elementor-background-overlay\"><\/div>\n\t\t\t\t\t\t\t<div class=\"elementor-container elementor-column-gap-default\">\n\t\t\t\t\t<div class=\"elementor-column elementor-col-100 elementor-top-column elementor-element elementor-element-dc8a3c3\" data-id=\"dc8a3c3\" data-element_type=\"column\" data-e-type=\"column\">\n\t\t\t<div class=\"elementor-widget-wrap elementor-element-populated\">\n\t\t\t\t\t\t<div class=\"elementor-element elementor-element-1657666 elementor-widget elementor-widget-heading\" data-id=\"1657666\" data-element_type=\"widget\" data-e-type=\"widget\" data-widget_type=\"heading.default\">\n\t\t\t\t<div class=\"elementor-widget-container\">\n\t\t\t\t\t<h2 class=\"elementor-heading-title elementor-size-default\">Jessica Arael Marrocco<\/h2>\t\t\t\t<\/div>\n\t\t\t\t<\/div>\n\t\t\t\t\t<\/div>\n\t\t<\/div>\n\t\t\t\t\t<\/div>\n\t\t<\/section>\n\t\t\t\t<section class=\"elementor-section elementor-top-section elementor-element elementor-element-c93a6f6 elementor-section-boxed elementor-section-height-default elementor-section-height-default\" data-id=\"c93a6f6\" data-element_type=\"section\" data-e-type=\"section\">\n\t\t\t\t\t\t<div class=\"elementor-container elementor-column-gap-default\">\n\t\t\t\t\t<div class=\"elementor-column elementor-col-100 elementor-top-column elementor-element elementor-element-e9eb4da\" data-id=\"e9eb4da\" data-element_type=\"column\" data-e-type=\"column\">\n\t\t\t<div class=\"elementor-widget-wrap elementor-element-populated\">\n\t\t\t\t\t\t<div class=\"elementor-element elementor-element-84935f4 elementor-widget elementor-widget-text-editor\" data-id=\"84935f4\" data-element_type=\"widget\" data-e-type=\"widget\" data-widget_type=\"text-editor.default\">\n\t\t\t\t<div class=\"elementor-widget-container\">\n\t\t\t\t\t\t\t\t\t<p><span style=\"text-decoration: underline;\"><em>ACIO 6\u00aa Divis\u00e3o Cicada 3301<\/em><\/span><\/p>\t\t\t\t\t\t\t\t<\/div>\n\t\t\t\t<\/div>\n\t\t\t\t\t<\/div>\n\t\t<\/div>\n\t\t\t\t\t<\/div>\n\t\t<\/section>\n\t\t\t\t<section class=\"elementor-section elementor-top-section elementor-element elementor-element-d0fc563 elementor-section-boxed elementor-section-height-default elementor-section-height-default\" data-id=\"d0fc563\" data-element_type=\"section\" data-e-type=\"section\" data-settings=\"{&quot;background_background&quot;:&quot;classic&quot;}\">\n\t\t\t\t\t\t\t<div class=\"elementor-background-overlay\"><\/div>\n\t\t\t\t\t\t\t<div class=\"elementor-container elementor-column-gap-default\">\n\t\t\t\t\t<div class=\"elementor-column elementor-col-66 elementor-top-column elementor-element elementor-element-4ee9051\" data-id=\"4ee9051\" data-element_type=\"column\" data-e-type=\"column\">\n\t\t\t<div class=\"elementor-widget-wrap elementor-element-populated\">\n\t\t\t\t\t\t<div class=\"elementor-element elementor-element-3c8f711 elementor-widget elementor-widget-text-editor\" data-id=\"3c8f711\" data-element_type=\"widget\" data-e-type=\"widget\" data-widget_type=\"text-editor.default\">\n\t\t\t\t<div class=\"elementor-widget-container\">\n\t\t\t\t\t\t\t\t\t<p>Jessica nasceu na \u00e1rea de Boston em 1964. Ela foi altamente direcionada e selecionada para ser usada nos programas desde o nascimento at\u00e9 toda a sua inf\u00e2ncia porque ela foi rapidamente identificada pelo ACIO como tendo uma assinatura de alma de origens desconhecidas fora do mundo. Logo no in\u00edcio ela exibiu uma percep\u00e7\u00e3o ps\u00edquica excepcionalmente agu\u00e7ada que excedeu a maioria dos outros humanos. Devido \u00e0s suas origens enigm\u00e1ticas, ela foi colocada em<a href=\"https:\/\/mrr.ixy.mybluehost.me\/website_dcad05ef\/2021\/06\/27\/the-numbers-group\/\"> o grupo de n\u00fameros<\/a> como o n\u00famero 12.<\/p><p>Aos 5 anos, Jessica foi apresentada ao ACIO e <a href=\"https:\/\/mrr.ixy.mybluehost.me\/website_dcad05ef\/2021\/06\/13\/intergalactic-council\/\">Conselho Intergal\u00e1ctico<\/a> e ent\u00e3o fez contato com Peter the Insider em 2016, onde ela come\u00e7ou a descobrir seu envolvimento com os programas espaciais secretos. Como uma vidente excepcional de origens extraterrestres, Jessica foi muito usada nos programas por organiza\u00e7\u00f5es como a <a href=\"https:\/\/mrr.ixy.mybluehost.me\/website_dcad05ef\/2021\/06\/28\/mars-colony-corporation\/\">MCC (Mars Colony Corporation)<\/a>, <a href=\"https:\/\/mrr.ixy.mybluehost.me\/website_dcad05ef\/2021\/07\/02\/worldwide-military-corporations\/\">Kruger Mercenary Corporation<\/a>,<a href=\"https:\/\/mrr.ixy.mybluehost.me\/website_dcad05ef\/2021\/06\/27\/the-labyrinth-group\/\"> o Grupo Labirinto<\/a>, e tamb\u00e9m trabalhou como uma liga\u00e7\u00e3o gal\u00e1ctica comunicando-se com<a href=\"https:\/\/mrr.ixy.mybluehost.me\/website_dcad05ef\/2021\/06\/13\/council-of-5\/\"> o Conselho dos 5<\/a>. Jessica tamb\u00e9m atua como um ativo dentro da ACIO 6th Division Cicada 3301, onde ela continua a decifrar dados da atividade intergal\u00e1ctica e seus efeitos no planeta.<\/p><p>O grupo de n\u00fameros \u00e9 composto por indiv\u00edduos com habilidades que s\u00e3o observados de perto para identificar se s\u00e3o benevolentes ou nefastos para essa realidade. Ao mesmo tempo, muitos outros se interessam por crian\u00e7as com habilidades, ent\u00e3o isso a abriu para programas mal\u00e9volos, milabs e opera\u00e7\u00f5es militares secretas e experimenta\u00e7\u00f5es.<\/p><p>Jessica \u00e9 uma experimentadora SSP e MILAB que esteve profundamente envolvida em v\u00e1rios projetos de super soldado e programas de acesso especial como especialista ps\u00edquica e intuitiva.<\/p><p>Por ser um bem de alto valor, Jessica tamb\u00e9m foi sequestrada e for\u00e7ada a fazer experi\u00eancias com a instala\u00e7\u00e3o Murkoff MILAB aos 6 anos de idade como parte de <a href=\"https:\/\/outlast.fandom.com\/wiki\/The_Walrider\">Projeto Walrider<\/a>. Aqui, aspectos de sua assinatura energ\u00e9tica foram extra\u00eddos e vendidos a diferentes partes para serem usados em outras agendas. Um exemplo disso \u00e9 o ativo real da CIA comumente identificado como <a href=\"https:\/\/callofduty.fandom.com\/wiki\/Jason_Hudson\">Jason Hudson<\/a>, um indiv\u00edduo dentro dos programas que foi fundido com a assinatura energ\u00e9tica roubada de Jessica. Jason Hudson tamb\u00e9m \u00e9 mencionado como um personagem da s\u00e9rie de videogames Call of Duty, onde o personagem do videogame \u00e9 baseado na pessoa real operando nos programas.<\/p><p>Jessica tamb\u00e9m trabalhou em estreita colabora\u00e7\u00e3o com o <a href=\"https:\/\/mrr.ixy.mybluehost.me\/website_dcad05ef\/2021\/06\/14\/monarch-umbrella-refugee-group-m-u-r-g\/\">MURG (Monarch Umbrella Refugee Group)<\/a> onde ela foi designada para o papel de m\u00e3e para ajudar a guiar e cuidar dos membros abusados ap\u00f3s escaparem de suas respectivas instala\u00e7\u00f5es de programa\u00e7\u00e3o dentro da Monarch e da Umbrella.<\/p><p><span style=\"font-weight: 400;\">Hoje, Jessica permanece ativa como vidente ps\u00edquica e interdimensional, leitora de registros Ak\u00e1shicos, apresentadora de r\u00e1dio, podcaster e propriet\u00e1ria de <a href=\"https:\/\/andronetalksradio.com\/\" target=\"_blank\" rel=\"noopener\">R\u00e1dio AndronETalks<\/a>. Ela faz shows regulares com Peter nela <a href=\"https:\/\/www.youtube.com\/channel\/UC0zR-WRVWfW474e5L8HYqoQ\" target=\"_blank\" rel=\"noopener\">canal do Youtube<\/a> discutindo divulga\u00e7\u00e3o, eventos planet\u00e1rios e gal\u00e1cticos que impactam o mundo. Aprender mais sobre <a href=\"https:\/\/readingsbyarael.com\/\" target=\"_blank\" rel=\"noopener\">Jessica em seu site aqui<\/a>. <\/span><\/p>\t\t\t\t\t\t\t\t<\/div>\n\t\t\t\t<\/div>\n\t\t\t\t\t<\/div>\n\t\t<\/div>\n\t\t\t\t<div class=\"elementor-column elementor-col-33 elementor-top-column elementor-element elementor-element-fb8b8cc\" data-id=\"fb8b8cc\" data-element_type=\"column\" data-e-type=\"column\">\n\t\t\t<div class=\"elementor-widget-wrap elementor-element-populated\">\n\t\t\t\t\t\t<div class=\"elementor-element elementor-element-153d57a elementor-widget elementor-widget-image\" data-id=\"153d57a\" data-element_type=\"widget\" data-e-type=\"widget\" data-widget_type=\"image.default\">\n\t\t\t\t<div class=\"elementor-widget-container\">\n\t\t\t\t\t\t\t\t\t\t\t\t<figure class=\"wp-caption\">\n\t\t\t\t\t\t\t\t\t\t\t<a href=\"https:\/\/readingsbyarael.com\/\" target=\"_blank\">\n\t\t\t\t\t\t\t<img decoding=\"async\" width=\"450\" height=\"600\" src=\"https:\/\/acio-official.org\/wp-content\/uploads\/2021\/06\/1550503650236-768x1024.jpeg\" class=\"attachment-large size-large wp-image-298\" alt=\"\" srcset=\"https:\/\/acio-official.org\/wp-content\/uploads\/2021\/06\/1550503650236-768x1024.jpeg 768w, https:\/\/acio-official.org\/wp-content\/uploads\/2021\/06\/1550503650236-225x300.jpeg 225w, https:\/\/acio-official.org\/wp-content\/uploads\/2021\/06\/1550503650236-600x800.jpeg 600w, https:\/\/acio-official.org\/wp-content\/uploads\/2021\/06\/1550503650236-487x649.jpeg 487w, https:\/\/acio-official.org\/wp-content\/uploads\/2021\/06\/1550503650236.jpeg 960w\" sizes=\"(max-width: 450px) 100vw, 450px\" \/>\t\t\t\t\t\t\t\t<\/a>\n\t\t\t\t\t\t\t\t\t\t\t<figcaption class=\"widget-image-caption wp-caption-text\">Visite o site de Jessica: readingsbyarael.com<\/figcaption>\n\t\t\t\t\t\t\t\t\t\t<\/figure>\n\t\t\t\t\t\t\t\t\t<\/div>\n\t\t\t\t<\/div>\n\t\t\t\t\t<\/div>\n\t\t<\/div>\n\t\t\t\t\t<\/div>\n\t\t<\/section>\n\t\t\t\t<\/div>","protected":false},"excerpt":{"rendered":"<p>ACIO STAFF Peter the Insider ACIO 12th Division Director Peter was born in 1970 in Slovakia, which is a part of former Czechoslovaki and has a U.S. Nato Security Clearance level 60 and above. At an early age he had his first contact or encounter with aliens (approximately around 5 years old). Growing up in [&hellip;]<\/p>\n","protected":false},"author":1,"featured_media":0,"parent":0,"menu_order":0,"comment_status":"closed","ping_status":"closed","template":"","meta":{"om_disable_all_campaigns":false,"site-sidebar-layout":"no-sidebar","site-content-layout":"page-builder","ast-site-content-layout":"default","site-content-style":"default","site-sidebar-style":"default","ast-global-header-display":"","ast-banner-title-visibility":"","ast-main-header-display":"","ast-hfb-above-header-display":"","ast-hfb-below-header-display":"","ast-hfb-mobile-header-display":"","site-post-title":"disabled","ast-breadcrumbs-content":"","ast-featured-img":"disabled","footer-sml-layout":"","ast-disable-related-posts":"","theme-transparent-header-meta":"","adv-header-id-meta":"","stick-header-meta":"","header-above-stick-meta":"","header-main-stick-meta":"","header-below-stick-meta":"","astra-migrate-meta-layouts":"default","ast-page-background-enabled":"default","ast-page-background-meta":{"desktop":{"background-color":"","background-image":"","background-repeat":"repeat","background-position":"center center","background-size":"auto","background-attachment":"scroll","background-type":"","background-media":"","overlay-type":"","overlay-color":"","overlay-opacity":"","overlay-gradient":""},"tablet":{"background-color":"","background-image":"","background-repeat":"repeat","background-position":"center center","background-size":"auto","background-attachment":"scroll","background-type":"","background-media":"","overlay-type":"","overlay-color":"","overlay-opacity":"","overlay-gradient":""},"mobile":{"background-color":"","background-image":"","background-repeat":"repeat","background-position":"center center","background-size":"auto","background-attachment":"scroll","background-type":"","background-media":"","overlay-type":"","overlay-color":"","overlay-opacity":"","overlay-gradient":""}},"ast-content-background-meta":{"desktop":{"background-color":"var(--ast-global-color-5)","background-image":"","background-repeat":"repeat","background-position":"center center","background-size":"auto","background-attachment":"scroll","background-type":"","background-media":"","overlay-type":"","overlay-color":"","overlay-opacity":"","overlay-gradient":""},"tablet":{"background-color":"var(--ast-global-color-5)","background-image":"","background-repeat":"repeat","background-position":"center center","background-size":"auto","background-attachment":"scroll","background-type":"","background-media":"","overlay-type":"","overlay-color":"","overlay-opacity":"","overlay-gradient":""},"mobile":{"background-color":"var(--ast-global-color-5)","background-image":"","background-repeat":"repeat","background-position":"center center","background-size":"auto","background-attachment":"scroll","background-type":"","background-media":"","overlay-type":"","overlay-color":"","overlay-opacity":"","overlay-gradient":""}},"footnotes":""},"class_list":["post-286","page","type-page","status-publish","hentry"],"_links":{"self":[{"href":"https:\/\/acio-official.org\/pt\/wp-json\/wp\/v2\/pages\/286","targetHints":{"allow":["GET"]}}],"collection":[{"href":"https:\/\/acio-official.org\/pt\/wp-json\/wp\/v2\/pages"}],"about":[{"href":"https:\/\/acio-official.org\/pt\/wp-json\/wp\/v2\/types\/page"}],"author":[{"embeddable":true,"href":"https:\/\/acio-official.org\/pt\/wp-json\/wp\/v2\/users\/1"}],"replies":[{"embeddable":true,"href":"https:\/\/acio-official.org\/pt\/wp-json\/wp\/v2\/comments?post=286"}],"version-history":[{"count":5,"href":"https:\/\/acio-official.org\/pt\/wp-json\/wp\/v2\/pages\/286\/revisions"}],"predecessor-version":[{"id":1430,"href":"https:\/\/acio-official.org\/pt\/wp-json\/wp\/v2\/pages\/286\/revisions\/1430"}],"wp:attachment":[{"href":"https:\/\/acio-official.org\/pt\/wp-json\/wp\/v2\/media?parent=286"}],"curies":[{"name":"wp","href":"https:\/\/api.w.org\/{rel}","templated":true}]}}