{"id":3,"date":"2021-06-08T02:53:45","date_gmt":"2021-06-08T02:53:45","guid":{"rendered":"https:\/\/mrr.ixy.mybluehost.me\/website_dcad05ef\/?page_id=3"},"modified":"2021-06-21T02:46:55","modified_gmt":"2021-06-21T02:46:55","slug":"privacy-policy","status":"publish","type":"page","link":"https:\/\/acio-official.org\/nb\/privacy-policy\/","title":{"rendered":"Personvernregler"},"content":{"rendered":"<div data-elementor-type=\"wp-page\" data-elementor-id=\"3\" class=\"elementor elementor-3\">\n\t\t\t\t\t\t<section class=\"elementor-section elementor-top-section elementor-element elementor-element-708d09ef elementor-section-boxed elementor-section-height-default elementor-section-height-default\" data-id=\"708d09ef\" data-element_type=\"section\" data-e-type=\"section\">\n\t\t\t\t\t\t<div class=\"elementor-container elementor-column-gap-default\">\n\t\t\t\t\t<div class=\"elementor-column elementor-col-100 elementor-top-column elementor-element elementor-element-7fc43772\" data-id=\"7fc43772\" data-element_type=\"column\" data-e-type=\"column\">\n\t\t\t<div class=\"elementor-widget-wrap elementor-element-populated\">\n\t\t\t\t\t\t<div class=\"elementor-element elementor-element-49bb269e elementor-widget elementor-widget-text-editor\" data-id=\"49bb269e\" data-element_type=\"widget\" data-e-type=\"widget\" data-widget_type=\"text-editor.default\">\n\t\t\t\t<div class=\"elementor-widget-container\">\n\t\t\t\t\t\t\t\t\t\n<h2 class=\"wp-block-heading\">Hvem vi er<\/h2>\n\n<p><strong class=\"privacy-policy-tutorial\">\u00a0<\/strong>Nettstedsadressen v\u00e5r er: https:\/\/mrr.ixy.mybluehost.me\/website_dcad05ef.<\/p>\n\n<h2 class=\"wp-block-heading\">Kommentarer<\/h2>\n\n<p>N\u00e5r bes\u00f8kende legger igjen kommentarer p\u00e5 nettstedet, samler vi inn dataene som vises i kommentarskjemaet, og ogs\u00e5 bes\u00f8kendes IP-adresse og nettleseragentstreng for \u00e5 hjelpe til med \u00e5 oppdage spam.<\/p>\n\n<p>En anonymisert streng opprettet fra e-postadressen din (ogs\u00e5 kalt hash) kan bli levert til Gravatar-tjenesten for \u00e5 se om du bruker den. Personvernregler for Gravatar-tjenesten er tilgjengelig her: https:\/\/automattic.com\/privacy\/. Etter godkjenning av kommentaren din, er profilbildet ditt synlig for publikum i sammenheng med kommentaren din.<\/p>\n\n<h2 class=\"wp-block-heading\">Media<\/h2>\n\n<p><strong class=\"privacy-policy-tutorial\">\u00a0<\/strong>Hvis du laster opp bilder til nettstedet, b\u00f8r du unng\u00e5 \u00e5 laste opp bilder med innebygde posisjonsdata (EXIF GPS) inkludert. Bes\u00f8kende p\u00e5 nettstedet kan laste ned og trekke ut lokasjonsdata fra bilder p\u00e5 nettstedet.<\/p>\n\n<h2 class=\"wp-block-heading\">Informasjonskapsler<\/h2>\n\n<p><strong class=\"privacy-policy-tutorial\">\u00a0<\/strong>Hvis du legger igjen en kommentar p\u00e5 nettstedet v\u00e5rt, kan du velge \u00e5 lagre navn, e-postadresse og nettsted i informasjonskapsler. Disse er for din bekvemmelighet, slik at du ikke trenger \u00e5 fylle ut detaljene dine igjen n\u00e5r du legger igjen en kommentar. Disse informasjonskapslene varer i ett \u00e5r.<\/p>\n\n<p>Hvis du bes\u00f8ker p\u00e5loggingssiden v\u00e5r, setter vi en midlertidig informasjonskapsel for \u00e5 avgj\u00f8re om nettleseren din godtar informasjonskapsler. Denne informasjonskapselen inneholder ingen personlige data og kastes n\u00e5r du lukker nettleseren din.<\/p>\n\n<p>N\u00e5r du logger p\u00e5, vil vi ogs\u00e5 sette opp flere informasjonskapsler for \u00e5 lagre p\u00e5loggingsinformasjonen og skjermvisningene dine. P\u00e5loggingscookies varer i to dager, og cookies for skjermalternativer varer i ett \u00e5r. Hvis du velger \u201cHusk meg\u201d, vil p\u00e5loggingen din vare i to uker. Hvis du logger ut av kontoen din, blir p\u00e5loggingscookiene fjernet.<\/p>\n\n<p>Hvis du redigerer eller publiserer en artikkel, lagres en ekstra informasjonskapsel i nettleseren din. Denne informasjonskapselen inneholder ingen personlige data og indikerer bare post-ID-en til artikkelen du nettopp redigerte. Det utl\u00f8per etter 1 dag.<\/p>\n\n<h2 class=\"wp-block-heading\">Innebygd innhold fra andre nettsteder<\/h2>\n\n<p>Artikler p\u00e5 dette nettstedet kan inneholde innebygd innhold (f.eks. Videoer, bilder, artikler osv.). Innebygd innhold fra andre nettsteder oppf\u00f8rer seg p\u00e5 n\u00f8yaktig samme m\u00e5te som om den bes\u00f8kende har bes\u00f8kt det andre nettstedet.<\/p>\n\n<p>Disse nettstedene kan samle inn data om deg, bruke informasjonskapsler, legge inn ytterligere tredjepartssporing og overv\u00e5ke interaksjonen din med det innebygde innholdet, inkludert sporing av interaksjonen med det innebygde innholdet hvis du har en konto og er logget inn p\u00e5 nettstedet.<\/p>\n\n<h2 class=\"wp-block-heading\">Hvem vi deler dataene dine med<\/h2>\n\n<p>Hvis du ber om tilbakestilling av passord, blir IP-adressen din inkludert i tilbakestillings-e-postmeldingen.<\/p>\n\n<h2 class=\"wp-block-heading\">Hvor lenge vi lagrer dataene dine<\/h2>\n\n<p><strong class=\"privacy-policy-tutorial\">\u00a0<\/strong>Hvis du legger igjen en kommentar, beholdes kommentaren og dens metadata p\u00e5 ubestemt tid. Dette er slik at vi kan gjenkjenne og godkjenne eventuelle oppf\u00f8lgingskommentarer automatisk i stedet for \u00e5 holde dem i en modereringsk\u00f8.<\/p>\n\n<p>For brukere som registrerer seg p\u00e5 nettstedet v\u00e5rt (hvis noen), lagrer vi ogs\u00e5 personlig informasjon de gir i brukerprofilen sin. Alle brukere kan n\u00e5r som helst se, redigere eller slette sin personlige informasjon (bortsett fra at de ikke kan endre brukernavnet). Nettstedsadministratorer kan ogs\u00e5 se og redigere denne informasjonen.<\/p>\n\n<h2 class=\"wp-block-heading\">Hvilke rettigheter du har over dataene dine<\/h2>\n\n<p>Hvis du har en konto p\u00e5 dette nettstedet, eller har lagt igjen kommentarer, kan du be om \u00e5 motta en eksportert fil av personopplysningene vi har om deg, inkludert data du har gitt oss. Du kan ogs\u00e5 be om at vi sletter personlige data vi har om deg. Dette inkluderer ikke data vi er forpliktet til \u00e5 oppbevare for administrative, juridiske eller sikkerhetsmessige form\u00e5l.<\/p>\n\n<h2 class=\"wp-block-heading\">Hvor vi sender dataene dine<\/h2>\n\n<p>Bes\u00f8kskommentarer kan sjekkes gjennom en automatisk oppdagelsestjeneste for spam.<\/p>\n\t\t\t\t\t\t\t\t<\/div>\n\t\t\t\t<\/div>\n\t\t\t\t\t<\/div>\n\t\t<\/div>\n\t\t\t\t\t<\/div>\n\t\t<\/section>\n\t\t\t\t<\/div>","protected":false},"excerpt":{"rendered":"<p>Who we are \u00a0Our website address is: https:\/\/mrr.ixy.mybluehost.me\/website_dcad05ef. Comments When visitors leave comments on the site we collect the data shown in the comments form, and also the visitor\u2019s IP address and browser user agent string to help spam detection. An anonymized string created from your email address (also called a hash) may be provided [&hellip;]<\/p>\n","protected":false},"author":1,"featured_media":0,"parent":0,"menu_order":0,"comment_status":"closed","ping_status":"open","template":"","meta":{"om_disable_all_campaigns":false,"site-sidebar-layout":"default","site-content-layout":"","ast-site-content-layout":"default","site-content-style":"default","site-sidebar-style":"default","ast-global-header-display":"","ast-banner-title-visibility":"","ast-main-header-display":"","ast-hfb-above-header-display":"","ast-hfb-below-header-display":"","ast-hfb-mobile-header-display":"","site-post-title":"","ast-breadcrumbs-content":"","ast-featured-img":"","footer-sml-layout":"","ast-disable-related-posts":"","theme-transparent-header-meta":"","adv-header-id-meta":"","stick-header-meta":"","header-above-stick-meta":"","header-main-stick-meta":"","header-below-stick-meta":"","astra-migrate-meta-layouts":"default","ast-page-background-enabled":"default","ast-page-background-meta":{"desktop":{"background-color":"","background-image":"","background-repeat":"repeat","background-position":"center center","background-size":"auto","background-attachment":"scroll","background-type":"","background-media":"","overlay-type":"","overlay-color":"","overlay-opacity":"","overlay-gradient":""},"tablet":{"background-color":"","background-image":"","background-repeat":"repeat","background-position":"center center","background-size":"auto","background-attachment":"scroll","background-type":"","background-media":"","overlay-type":"","overlay-color":"","overlay-opacity":"","overlay-gradient":""},"mobile":{"background-color":"","background-image":"","background-repeat":"repeat","background-position":"center center","background-size":"auto","background-attachment":"scroll","background-type":"","background-media":"","overlay-type":"","overlay-color":"","overlay-opacity":"","overlay-gradient":""}},"ast-content-background-meta":{"desktop":{"background-color":"var(--ast-global-color-5)","background-image":"","background-repeat":"repeat","background-position":"center center","background-size":"auto","background-attachment":"scroll","background-type":"","background-media":"","overlay-type":"","overlay-color":"","overlay-opacity":"","overlay-gradient":""},"tablet":{"background-color":"var(--ast-global-color-5)","background-image":"","background-repeat":"repeat","background-position":"center center","background-size":"auto","background-attachment":"scroll","background-type":"","background-media":"","overlay-type":"","overlay-color":"","overlay-opacity":"","overlay-gradient":""},"mobile":{"background-color":"var(--ast-global-color-5)","background-image":"","background-repeat":"repeat","background-position":"center center","background-size":"auto","background-attachment":"scroll","background-type":"","background-media":"","overlay-type":"","overlay-color":"","overlay-opacity":"","overlay-gradient":""}},"footnotes":""},"class_list":["post-3","page","type-page","status-publish","hentry"],"_links":{"self":[{"href":"https:\/\/acio-official.org\/nb\/wp-json\/wp\/v2\/pages\/3","targetHints":{"allow":["GET"]}}],"collection":[{"href":"https:\/\/acio-official.org\/nb\/wp-json\/wp\/v2\/pages"}],"about":[{"href":"https:\/\/acio-official.org\/nb\/wp-json\/wp\/v2\/types\/page"}],"author":[{"embeddable":true,"href":"https:\/\/acio-official.org\/nb\/wp-json\/wp\/v2\/users\/1"}],"replies":[{"embeddable":true,"href":"https:\/\/acio-official.org\/nb\/wp-json\/wp\/v2\/comments?post=3"}],"version-history":[{"count":3,"href":"https:\/\/acio-official.org\/nb\/wp-json\/wp\/v2\/pages\/3\/revisions"}],"predecessor-version":[{"id":542,"href":"https:\/\/acio-official.org\/nb\/wp-json\/wp\/v2\/pages\/3\/revisions\/542"}],"wp:attachment":[{"href":"https:\/\/acio-official.org\/nb\/wp-json\/wp\/v2\/media?parent=3"}],"curies":[{"name":"wp","href":"https:\/\/api.w.org\/{rel}","templated":true}]}}