{"id":286,"date":"2021-06-20T04:30:25","date_gmt":"2021-06-20T04:30:25","guid":{"rendered":"https:\/\/mrr.ixy.mybluehost.me\/website_dcad05ef\/?page_id=286"},"modified":"2024-05-26T17:27:56","modified_gmt":"2024-05-26T17:27:56","slug":"acio-staff","status":"publish","type":"page","link":"https:\/\/acio-official.org\/nb\/acio-staff\/","title":{"rendered":"ACIO-ansatte"},"content":{"rendered":"<div data-elementor-type=\"wp-page\" data-elementor-id=\"286\" class=\"elementor elementor-286\">\n\t\t\t\t\t\t<section class=\"elementor-section elementor-top-section elementor-element elementor-element-xb1n15u elementor-section-boxed elementor-section-height-default elementor-section-height-default\" data-id=\"xb1n15u\" data-element_type=\"section\" data-e-type=\"section\" data-settings=\"{&quot;background_background&quot;:&quot;video&quot;,&quot;background_video_link&quot;:&quot;https:\\\/\\\/youtu.be\\\/Qu58sD0WwNY&quot;}\">\n\t\t\t\t\t\t\t\t<div class=\"elementor-background-video-container elementor-hidden-mobile\">\n\t\t\t\t\t\t\t\t\t\t\t\t\t<div class=\"elementor-background-video-embed\" role=\"presentation\"><\/div>\n\t\t\t\t\t\t\t\t\t\t\t\t<\/div>\n\t\t\t\t\t\t\t\t\t<div class=\"elementor-background-overlay\"><\/div>\n\t\t\t\t\t\t\t<div class=\"elementor-container elementor-column-gap-default\">\n\t\t\t\t\t<div class=\"elementor-column elementor-col-100 elementor-top-column elementor-element elementor-element-1053ca7a\" data-id=\"1053ca7a\" data-element_type=\"column\" data-e-type=\"column\">\n\t\t\t<div class=\"elementor-widget-wrap elementor-element-populated\">\n\t\t\t\t\t\t<div class=\"elementor-element elementor-element-3d99e122 elementor-widget elementor-widget-heading\" data-id=\"3d99e122\" data-element_type=\"widget\" data-e-type=\"widget\" data-widget_type=\"heading.default\">\n\t\t\t\t<div class=\"elementor-widget-container\">\n\t\t\t\t\t<h1 class=\"elementor-heading-title elementor-size-default\">ACIO PERSONALE<\/h1>\t\t\t\t<\/div>\n\t\t\t\t<\/div>\n\t\t\t\t\t<\/div>\n\t\t<\/div>\n\t\t\t\t\t<\/div>\n\t\t<\/section>\n\t\t\t\t<section class=\"elementor-section elementor-top-section elementor-element elementor-element-5712713 elementor-section-boxed elementor-section-height-default elementor-section-height-default\" data-id=\"5712713\" data-element_type=\"section\" data-e-type=\"section\" data-settings=\"{&quot;background_background&quot;:&quot;classic&quot;}\">\n\t\t\t\t\t\t\t<div class=\"elementor-background-overlay\"><\/div>\n\t\t\t\t\t\t\t<div class=\"elementor-container elementor-column-gap-default\">\n\t\t\t\t\t<div class=\"elementor-column elementor-col-100 elementor-top-column elementor-element elementor-element-be93f2e\" data-id=\"be93f2e\" data-element_type=\"column\" data-e-type=\"column\">\n\t\t\t<div class=\"elementor-widget-wrap elementor-element-populated\">\n\t\t\t\t\t\t<div class=\"elementor-element elementor-element-ba0748a elementor-widget elementor-widget-heading\" data-id=\"ba0748a\" data-element_type=\"widget\" data-e-type=\"widget\" data-widget_type=\"heading.default\">\n\t\t\t\t<div class=\"elementor-widget-container\">\n\t\t\t\t\t<h2 class=\"elementor-heading-title elementor-size-large\">Peter the Insider<\/h2>\t\t\t\t<\/div>\n\t\t\t\t<\/div>\n\t\t\t\t\t<\/div>\n\t\t<\/div>\n\t\t\t\t\t<\/div>\n\t\t<\/section>\n\t\t\t\t<section class=\"elementor-section elementor-top-section elementor-element elementor-element-b3288c1 elementor-section-boxed elementor-section-height-default elementor-section-height-default\" data-id=\"b3288c1\" data-element_type=\"section\" data-e-type=\"section\">\n\t\t\t\t\t\t<div class=\"elementor-container elementor-column-gap-default\">\n\t\t\t\t\t<div class=\"elementor-column elementor-col-100 elementor-top-column elementor-element elementor-element-61ad73b\" data-id=\"61ad73b\" data-element_type=\"column\" data-e-type=\"column\">\n\t\t\t<div class=\"elementor-widget-wrap elementor-element-populated\">\n\t\t\t\t\t\t<div class=\"elementor-element elementor-element-fe594a5 elementor-widget elementor-widget-text-editor\" data-id=\"fe594a5\" data-element_type=\"widget\" data-e-type=\"widget\" data-widget_type=\"text-editor.default\">\n\t\t\t\t<div class=\"elementor-widget-container\">\n\t\t\t\t\t\t\t\t\t<p><span style=\"text-decoration: underline;\"><em>ACIO 12. divisjonsdirekt\u00f8r<\/em><\/span><\/p>\t\t\t\t\t\t\t\t<\/div>\n\t\t\t\t<\/div>\n\t\t\t\t\t<\/div>\n\t\t<\/div>\n\t\t\t\t\t<\/div>\n\t\t<\/section>\n\t\t\t\t<section class=\"elementor-section elementor-top-section elementor-element elementor-element-1479162 elementor-section-boxed elementor-section-height-default elementor-section-height-default\" data-id=\"1479162\" data-element_type=\"section\" data-e-type=\"section\" data-settings=\"{&quot;background_background&quot;:&quot;classic&quot;}\">\n\t\t\t\t\t\t\t<div class=\"elementor-background-overlay\"><\/div>\n\t\t\t\t\t\t\t<div class=\"elementor-container elementor-column-gap-default\">\n\t\t\t\t\t<div class=\"elementor-column elementor-col-66 elementor-top-column elementor-element elementor-element-466295d\" data-id=\"466295d\" data-element_type=\"column\" data-e-type=\"column\">\n\t\t\t<div class=\"elementor-widget-wrap elementor-element-populated\">\n\t\t\t\t\t\t<div class=\"elementor-element elementor-element-bc1dea0 elementor-widget elementor-widget-text-editor\" data-id=\"bc1dea0\" data-element_type=\"widget\" data-e-type=\"widget\" data-widget_type=\"text-editor.default\">\n\t\t\t\t<div class=\"elementor-widget-container\">\n\t\t\t\t\t\t\t\t\t<p><span class=\"x-el x-el-span c1-8x c1-8y c1-b c1-c c1-d c1-e c1-f c1-g\">Peter ble f\u00f8dt i 1970 i Slovakia, som er en del av tidligere Tsjekkoslovaki og har en amerikansk sikkerhetsklarering p\u00e5 niv\u00e5 60 og h\u00f8yere. I en tidlig alder hadde han sin f\u00f8rste kontakt eller m\u00f8te med romvesener (omtrent rundt 5 \u00e5r gammel). Da han vokste opp i tidligere Tsjekkoslovakia, hadde han ogs\u00e5 m\u00f8tt mange merkelige hendelser ang\u00e5ende ustabile elektromagnetiske felt i regionen, noe som bidro til hans erfaringskunnskap om ikke-vanlige fenomener.<\/span><\/p><p><span class=\"x-el x-el-span c1-8x c1-8y c1-b c1-c c1-d c1-e c1-f c1-g\">Peter immigrerte til Vest-Tyskland i 1988, og han ble umiddelbart rekruttert til spesialh\u00e6renheten i de hemmelige NATO-milit\u00e6rstyrkene.<\/span><\/p><p><span class=\"x-el x-el-span c1-8x c1-8y c1-b c1-c c1-d c1-e c1-f c1-g\">I 1990 ble Peter medlem av ACIO. Rett etter at han kom inn i ACIO, begynte hans f\u00f8rste m\u00f8te med krig da han var involvert i borgerkrigen i det tidligere Jugoslavia i Balkan-regionen i 1991. Det var mange andre prosjekter \/ oppdrag gjennom \u00e5rene, men p\u00e5 grunn av f\u00f8lsomhet og konfidensialitet. av prosjektene er han begrenset til \u00e5 dele dybden av arbeidserfaringen sin med publikum. I l\u00f8pet av denne tiden hadde han praktisk erfaring med arbeidet til ACIO, i egenskap av spesialstyrker, som hjalp ham med \u00e5 f\u00e5 kunnskap og komme videre med organisasjonen.<\/span><\/p><p><span class=\"x-el x-el-span c1-8x c1-8y c1-b c1-c c1-d c1-e c1-f c1-g\">Etter \u00e5 ha v\u00e6rt ansatt i ACIO i 5 \u00e5r, ble han tilbudt en stilling i 12. divisjon i ACIO. Hans stillingsbeskrivelse inkluderte, men ikke begrenset til, overv\u00e5king av aliens tilstedev\u00e6relse og deres form\u00e5l for \u00e5 v\u00e6re p\u00e5 jorden.\u00a0<\/span><\/p><p><span class=\"x-el x-el-span c1-8x c1-8y c1-b c1-c c1-d c1-e c1-f c1-g\">Etter 20 \u00e5r ble Peter direkt\u00f8r for den 12. divisjonen i ACIO, og innen det 28. \u00e5ret med denne avdelingen har han blitt lansert i hemmelige romoppdrag. Hans erfaringer inkluderer migrasjon mellom forskjellige tidslinjer, virkeligheter, rom, universer, dimensjoner og megaverser for \u00e5 bidra til \u00e5 holde v\u00e5r virkelighet og verden sammen.<\/span><\/p><p><span class=\"x-el x-el-span c1-8x c1-8y c1-b c1-c c1-d c1-e c1-f c1-g\">I tillegg til sitt arbeid med ACIO fikk Peter tillatelse til \u00e5 utlevere informasjon til publikum som tidligere ikke var tilgjengelig og tillatt. Han deler forklaringer til v\u00e5r n\u00e5v\u00e6rende tid og avsl\u00f8rer mange mysterier og nysgjerrige hendelser som har f\u00e5tt befolkningen til \u00e5 lure p\u00e5 om romvesener eksisterer og hva deres involveringsniv\u00e5 er her p\u00e5 jorden.<\/span><\/p>\t\t\t\t\t\t\t\t<\/div>\n\t\t\t\t<\/div>\n\t\t\t\t\t<\/div>\n\t\t<\/div>\n\t\t\t\t<div class=\"elementor-column elementor-col-33 elementor-top-column elementor-element elementor-element-fcd7715\" data-id=\"fcd7715\" data-element_type=\"column\" data-e-type=\"column\">\n\t\t\t<div class=\"elementor-widget-wrap elementor-element-populated\">\n\t\t\t\t\t\t<div class=\"elementor-element elementor-element-15bd08a elementor-widget elementor-widget-image\" data-id=\"15bd08a\" data-element_type=\"widget\" data-e-type=\"widget\" data-widget_type=\"image.default\">\n\t\t\t\t<div class=\"elementor-widget-container\">\n\t\t\t\t\t\t\t\t\t\t\t\t\t\t\t<img fetchpriority=\"high\" decoding=\"async\" width=\"300\" height=\"450\" src=\"https:\/\/acio-official.org\/wp-content\/uploads\/2021\/06\/pipe-man.jpg\" class=\"attachment-large size-large wp-image-566\" alt=\"\" srcset=\"https:\/\/acio-official.org\/wp-content\/uploads\/2021\/06\/pipe-man.jpg 300w, https:\/\/acio-official.org\/wp-content\/uploads\/2021\/06\/pipe-man-200x300.jpg 200w, https:\/\/acio-official.org\/wp-content\/uploads\/2021\/06\/pipe-man-8x12.jpg 8w\" sizes=\"(max-width: 300px) 100vw, 300px\" \/>\t\t\t\t\t\t\t\t\t\t\t\t\t\t\t<\/div>\n\t\t\t\t<\/div>\n\t\t\t\t\t<\/div>\n\t\t<\/div>\n\t\t\t\t\t<\/div>\n\t\t<\/section>\n\t\t\t\t<section class=\"elementor-section elementor-top-section elementor-element elementor-element-fa0d31d elementor-section-boxed elementor-section-height-default elementor-section-height-default\" data-id=\"fa0d31d\" data-element_type=\"section\" data-e-type=\"section\" data-settings=\"{&quot;background_background&quot;:&quot;classic&quot;}\">\n\t\t\t\t\t\t\t<div class=\"elementor-background-overlay\"><\/div>\n\t\t\t\t\t\t\t<div class=\"elementor-container elementor-column-gap-default\">\n\t\t\t\t\t<div class=\"elementor-column elementor-col-100 elementor-top-column elementor-element elementor-element-dc8a3c3\" data-id=\"dc8a3c3\" data-element_type=\"column\" data-e-type=\"column\">\n\t\t\t<div class=\"elementor-widget-wrap elementor-element-populated\">\n\t\t\t\t\t\t<div class=\"elementor-element elementor-element-1657666 elementor-widget elementor-widget-heading\" data-id=\"1657666\" data-element_type=\"widget\" data-e-type=\"widget\" data-widget_type=\"heading.default\">\n\t\t\t\t<div class=\"elementor-widget-container\">\n\t\t\t\t\t<h2 class=\"elementor-heading-title elementor-size-default\">Jessica Arael Marrocco<\/h2>\t\t\t\t<\/div>\n\t\t\t\t<\/div>\n\t\t\t\t\t<\/div>\n\t\t<\/div>\n\t\t\t\t\t<\/div>\n\t\t<\/section>\n\t\t\t\t<section class=\"elementor-section elementor-top-section elementor-element elementor-element-c93a6f6 elementor-section-boxed elementor-section-height-default elementor-section-height-default\" data-id=\"c93a6f6\" data-element_type=\"section\" data-e-type=\"section\">\n\t\t\t\t\t\t<div class=\"elementor-container elementor-column-gap-default\">\n\t\t\t\t\t<div class=\"elementor-column elementor-col-100 elementor-top-column elementor-element elementor-element-e9eb4da\" data-id=\"e9eb4da\" data-element_type=\"column\" data-e-type=\"column\">\n\t\t\t<div class=\"elementor-widget-wrap elementor-element-populated\">\n\t\t\t\t\t\t<div class=\"elementor-element elementor-element-84935f4 elementor-widget elementor-widget-text-editor\" data-id=\"84935f4\" data-element_type=\"widget\" data-e-type=\"widget\" data-widget_type=\"text-editor.default\">\n\t\t\t\t<div class=\"elementor-widget-container\">\n\t\t\t\t\t\t\t\t\t<p><span style=\"text-decoration: underline;\"><em>ACIO 6. divisjon Cicada 3301<\/em><\/span><\/p>\t\t\t\t\t\t\t\t<\/div>\n\t\t\t\t<\/div>\n\t\t\t\t\t<\/div>\n\t\t<\/div>\n\t\t\t\t\t<\/div>\n\t\t<\/section>\n\t\t\t\t<section class=\"elementor-section elementor-top-section elementor-element elementor-element-d0fc563 elementor-section-boxed elementor-section-height-default elementor-section-height-default\" data-id=\"d0fc563\" data-element_type=\"section\" data-e-type=\"section\" data-settings=\"{&quot;background_background&quot;:&quot;classic&quot;}\">\n\t\t\t\t\t\t\t<div class=\"elementor-background-overlay\"><\/div>\n\t\t\t\t\t\t\t<div class=\"elementor-container elementor-column-gap-default\">\n\t\t\t\t\t<div class=\"elementor-column elementor-col-66 elementor-top-column elementor-element elementor-element-4ee9051\" data-id=\"4ee9051\" data-element_type=\"column\" data-e-type=\"column\">\n\t\t\t<div class=\"elementor-widget-wrap elementor-element-populated\">\n\t\t\t\t\t\t<div class=\"elementor-element elementor-element-3c8f711 elementor-widget elementor-widget-text-editor\" data-id=\"3c8f711\" data-element_type=\"widget\" data-e-type=\"widget\" data-widget_type=\"text-editor.default\">\n\t\t\t\t<div class=\"elementor-widget-container\">\n\t\t\t\t\t\t\t\t\t<p>Jessica ble f\u00f8dt i Boston-omr\u00e5det i 1964, hun var h\u00f8yt m\u00e5lrettet og valgt til \u00e5 brukes i programmene fra f\u00f8dselen gjennom hele barndommen fordi hun raskt ble identifisert av ACIO for \u00e5 ha en sjelsignatur av ukjent utenfor verdensopprinnelsen. Tidlig viste hun en usedvanlig ivrig psykisk oppfatning som overgikk de fleste andre mennesker. P\u00e5 grunn av hennes g\u00e5tefulle opprinnelse ble hun plassert i<a href=\"https:\/\/mrr.ixy.mybluehost.me\/website_dcad05ef\/2021\/06\/27\/the-numbers-group\/\"> tallgruppen<\/a> som nummer 12.<\/p><p>I en alder av 5 ble Jessica introdusert for ACIO og <a href=\"https:\/\/mrr.ixy.mybluehost.me\/website_dcad05ef\/2021\/06\/13\/intergalactic-council\/\">Intergalactic Council<\/a> og tok deretter kontakt med Peter the Insider i 2016 hvor hun begynte \u00e5 avdekke sitt engasjement i de hemmelige romprogrammene. Som en eksepsjonell synsk av ET-opprinnelse ble Jessica brukt tungt i programmene av organisasjoner som <a href=\"https:\/\/mrr.ixy.mybluehost.me\/website_dcad05ef\/2021\/06\/28\/mars-colony-corporation\/\">MCC (Mars Colony Corporation)<\/a>, <a href=\"https:\/\/mrr.ixy.mybluehost.me\/website_dcad05ef\/2021\/07\/02\/worldwide-military-corporations\/\">Kruger Mercenary Corporation<\/a>,<a href=\"https:\/\/mrr.ixy.mybluehost.me\/website_dcad05ef\/2021\/06\/27\/the-labyrinth-group\/\"> Labyrinth Group<\/a>, og jobbet ogs\u00e5 som en galaktisk kontaktperson som kommuniserte med<a href=\"https:\/\/mrr.ixy.mybluehost.me\/website_dcad05ef\/2021\/06\/13\/council-of-5\/\"> R\u00e5det av 5<\/a>. Jessica er ogs\u00e5 aktiv som en ressurs i ACIO 6. divisjon Cicada 3301 hvor hun fortsetter \u00e5 tyde data fra intergalaktisk aktivitet og deres effekter p\u00e5 planeten.<\/p><p>Tallgruppen best\u00e5r av individer med evner som er n\u00f8ye observert for \u00e5 identifisere om de er velvillige eller ondskapsfulle for denne virkeligheten. Samtidig blir mange andre interessert i barn med evner, s\u00e5 dette \u00e5pnet henne for ondsinnede programmer, milab og skjulte milit\u00e6re operasjoner og eksperimenter.<\/p><p>Jessica er en SSP- og MILAB-opplevelse som har v\u00e6rt dypt involvert i forskjellige supersoldatprosjekter og spesielle tilgangsprogrammer som en psykisk og intuitiv spesialist.<\/p><p>P\u00e5 grunn av at hun var en h\u00f8yt verdsatt eiendel, ble Jessica ogs\u00e5 bortf\u00f8rt og tvunget til \u00e5 eksperimentere med Murkoff MILAB -anlegget i en alder av 6 \u00e5r som en del av <a href=\"https:\/\/outlast.fandom.com\/wiki\/The_Walrider\">Prosjekt Walrider<\/a>. Her ble det hevdet at aspekter ved hennes energiske signatur ble trukket ut og solgt til forskjellige parter for \u00e5 bli brukt til andre agendaer. Et eksempel p\u00e5 dette er den virkelige CIA -eiendelen som vanligvis kalles <a href=\"https:\/\/callofduty.fandom.com\/wiki\/Jason_Hudson\">Jason Hudson<\/a>, en person i programmene som ble smeltet sammen med Jessicas stj\u00e5lne energiske signatur. Jason Hudson nevnes ogs\u00e5 som en karakter i Call of duty videospillserien der videospillkarakteren er basert p\u00e5 den virkelige personen som opererer i programmene.<\/p><p>Jessica jobbet ogs\u00e5 tett med <a href=\"https:\/\/mrr.ixy.mybluehost.me\/website_dcad05ef\/2021\/06\/14\/monarch-umbrella-refugee-group-m-u-r-g\/\">MURG (Monarch Umbrella Refugee Group)<\/a> hvor hun ble tildelt en morrolle for \u00e5 veilede og ivareta de mishandlede medlemmene etter \u00e5 ha r\u00f8mt sine respektive programmeringsfasiliteter i Monarch og Paraply.<\/p><p><span style=\"font-weight: 400;\">I dag er Jessica fortsatt aktiv som en psykisk, interdimensjonal seer, Akashic-plateleser, radiovert, podcaster og eier av <a href=\"https:\/\/andronetalksradio.com\/\" target=\"_blank\" rel=\"noopener\">AndronETalks Radio<\/a>. Hun gj\u00f8r regelmessige show med Peter p\u00e5 seg <a href=\"https:\/\/www.youtube.com\/channel\/UC0zR-WRVWfW474e5L8HYqoQ\" target=\"_blank\" rel=\"noopener\">youtube-kanal<\/a> diskuterer avsl\u00f8rings-, planetariske og galaktiske hendelser som p\u00e5virker verden. L\u00e6re mer om <a href=\"https:\/\/readingsbyarael.com\/\" target=\"_blank\" rel=\"noopener\">Jessica p\u00e5 siden hennes her<\/a>. <\/span><\/p>\t\t\t\t\t\t\t\t<\/div>\n\t\t\t\t<\/div>\n\t\t\t\t\t<\/div>\n\t\t<\/div>\n\t\t\t\t<div class=\"elementor-column elementor-col-33 elementor-top-column elementor-element elementor-element-fb8b8cc\" data-id=\"fb8b8cc\" data-element_type=\"column\" data-e-type=\"column\">\n\t\t\t<div class=\"elementor-widget-wrap elementor-element-populated\">\n\t\t\t\t\t\t<div class=\"elementor-element elementor-element-153d57a elementor-widget elementor-widget-image\" data-id=\"153d57a\" data-element_type=\"widget\" data-e-type=\"widget\" data-widget_type=\"image.default\">\n\t\t\t\t<div class=\"elementor-widget-container\">\n\t\t\t\t\t\t\t\t\t\t\t\t<figure class=\"wp-caption\">\n\t\t\t\t\t\t\t\t\t\t\t<a href=\"https:\/\/readingsbyarael.com\/\" target=\"_blank\">\n\t\t\t\t\t\t\t<img decoding=\"async\" width=\"450\" height=\"600\" src=\"https:\/\/acio-official.org\/wp-content\/uploads\/2021\/06\/1550503650236-768x1024.jpeg\" class=\"attachment-large size-large wp-image-298\" alt=\"\" srcset=\"https:\/\/acio-official.org\/wp-content\/uploads\/2021\/06\/1550503650236-768x1024.jpeg 768w, https:\/\/acio-official.org\/wp-content\/uploads\/2021\/06\/1550503650236-225x300.jpeg 225w, https:\/\/acio-official.org\/wp-content\/uploads\/2021\/06\/1550503650236-600x800.jpeg 600w, https:\/\/acio-official.org\/wp-content\/uploads\/2021\/06\/1550503650236-487x649.jpeg 487w, https:\/\/acio-official.org\/wp-content\/uploads\/2021\/06\/1550503650236.jpeg 960w\" sizes=\"(max-width: 450px) 100vw, 450px\" \/>\t\t\t\t\t\t\t\t<\/a>\n\t\t\t\t\t\t\t\t\t\t\t<figcaption class=\"widget-image-caption wp-caption-text\">Bes\u00f8k Jessicas nettsted: readingsbyarael.com<\/figcaption>\n\t\t\t\t\t\t\t\t\t\t<\/figure>\n\t\t\t\t\t\t\t\t\t<\/div>\n\t\t\t\t<\/div>\n\t\t\t\t\t<\/div>\n\t\t<\/div>\n\t\t\t\t\t<\/div>\n\t\t<\/section>\n\t\t\t\t<\/div>","protected":false},"excerpt":{"rendered":"<p>ACIO STAFF Peter the Insider ACIO 12th Division Director Peter was born in 1970 in Slovakia, which is a part of former Czechoslovaki and has a U.S. Nato Security Clearance level 60 and above. At an early age he had his first contact or encounter with aliens (approximately around 5 years old). Growing up in [&hellip;]<\/p>\n","protected":false},"author":1,"featured_media":0,"parent":0,"menu_order":0,"comment_status":"closed","ping_status":"closed","template":"","meta":{"om_disable_all_campaigns":false,"site-sidebar-layout":"no-sidebar","site-content-layout":"page-builder","ast-site-content-layout":"default","site-content-style":"default","site-sidebar-style":"default","ast-global-header-display":"","ast-banner-title-visibility":"","ast-main-header-display":"","ast-hfb-above-header-display":"","ast-hfb-below-header-display":"","ast-hfb-mobile-header-display":"","site-post-title":"disabled","ast-breadcrumbs-content":"","ast-featured-img":"disabled","footer-sml-layout":"","ast-disable-related-posts":"","theme-transparent-header-meta":"","adv-header-id-meta":"","stick-header-meta":"","header-above-stick-meta":"","header-main-stick-meta":"","header-below-stick-meta":"","astra-migrate-meta-layouts":"default","ast-page-background-enabled":"default","ast-page-background-meta":{"desktop":{"background-color":"","background-image":"","background-repeat":"repeat","background-position":"center center","background-size":"auto","background-attachment":"scroll","background-type":"","background-media":"","overlay-type":"","overlay-color":"","overlay-opacity":"","overlay-gradient":""},"tablet":{"background-color":"","background-image":"","background-repeat":"repeat","background-position":"center center","background-size":"auto","background-attachment":"scroll","background-type":"","background-media":"","overlay-type":"","overlay-color":"","overlay-opacity":"","overlay-gradient":""},"mobile":{"background-color":"","background-image":"","background-repeat":"repeat","background-position":"center center","background-size":"auto","background-attachment":"scroll","background-type":"","background-media":"","overlay-type":"","overlay-color":"","overlay-opacity":"","overlay-gradient":""}},"ast-content-background-meta":{"desktop":{"background-color":"var(--ast-global-color-5)","background-image":"","background-repeat":"repeat","background-position":"center center","background-size":"auto","background-attachment":"scroll","background-type":"","background-media":"","overlay-type":"","overlay-color":"","overlay-opacity":"","overlay-gradient":""},"tablet":{"background-color":"var(--ast-global-color-5)","background-image":"","background-repeat":"repeat","background-position":"center center","background-size":"auto","background-attachment":"scroll","background-type":"","background-media":"","overlay-type":"","overlay-color":"","overlay-opacity":"","overlay-gradient":""},"mobile":{"background-color":"var(--ast-global-color-5)","background-image":"","background-repeat":"repeat","background-position":"center center","background-size":"auto","background-attachment":"scroll","background-type":"","background-media":"","overlay-type":"","overlay-color":"","overlay-opacity":"","overlay-gradient":""}},"footnotes":""},"class_list":["post-286","page","type-page","status-publish","hentry"],"_links":{"self":[{"href":"https:\/\/acio-official.org\/nb\/wp-json\/wp\/v2\/pages\/286","targetHints":{"allow":["GET"]}}],"collection":[{"href":"https:\/\/acio-official.org\/nb\/wp-json\/wp\/v2\/pages"}],"about":[{"href":"https:\/\/acio-official.org\/nb\/wp-json\/wp\/v2\/types\/page"}],"author":[{"embeddable":true,"href":"https:\/\/acio-official.org\/nb\/wp-json\/wp\/v2\/users\/1"}],"replies":[{"embeddable":true,"href":"https:\/\/acio-official.org\/nb\/wp-json\/wp\/v2\/comments?post=286"}],"version-history":[{"count":5,"href":"https:\/\/acio-official.org\/nb\/wp-json\/wp\/v2\/pages\/286\/revisions"}],"predecessor-version":[{"id":1430,"href":"https:\/\/acio-official.org\/nb\/wp-json\/wp\/v2\/pages\/286\/revisions\/1430"}],"wp:attachment":[{"href":"https:\/\/acio-official.org\/nb\/wp-json\/wp\/v2\/media?parent=286"}],"curies":[{"name":"wp","href":"https:\/\/api.w.org\/{rel}","templated":true}]}}