{"id":213,"date":"2021-06-14T03:19:30","date_gmt":"2021-06-14T03:19:30","guid":{"rendered":"https:\/\/mrr.ixy.mybluehost.me\/website_dcad05ef\/?page_id=213"},"modified":"2021-06-22T02:43:48","modified_gmt":"2021-06-22T02:43:48","slug":"disclaimers-on-the-acio","status":"publish","type":"page","link":"https:\/\/acio-official.org\/nb\/disclaimers-on-the-acio\/","title":{"rendered":"Ansvarsfraskrivelse p\u00e5 ACIO"},"content":{"rendered":"<div data-elementor-type=\"wp-page\" data-elementor-id=\"213\" class=\"elementor elementor-213\">\n\t\t\t\t\t\t<section class=\"elementor-section elementor-top-section elementor-element elementor-element-qxsprek elementor-section-boxed elementor-section-height-default elementor-section-height-default\" data-id=\"qxsprek\" data-element_type=\"section\" data-e-type=\"section\" data-settings=\"{&quot;background_background&quot;:&quot;classic&quot;}\">\n\t\t\t\t\t\t\t<div class=\"elementor-background-overlay\"><\/div>\n\t\t\t\t\t\t\t<div class=\"elementor-container elementor-column-gap-default\">\n\t\t\t\t\t<div class=\"elementor-column elementor-col-100 elementor-top-column elementor-element elementor-element-1053ca7a\" data-id=\"1053ca7a\" data-element_type=\"column\" data-e-type=\"column\">\n\t\t\t<div class=\"elementor-widget-wrap elementor-element-populated\">\n\t\t\t\t\t\t<div class=\"elementor-element elementor-element-3d99e122 elementor-widget elementor-widget-heading\" data-id=\"3d99e122\" data-element_type=\"widget\" data-e-type=\"widget\" data-widget_type=\"heading.default\">\n\t\t\t\t<div class=\"elementor-widget-container\">\n\t\t\t\t\t<h1 class=\"elementor-heading-title elementor-size-default\">ACIO FRASKRIVELSER <\/h1>\t\t\t\t<\/div>\n\t\t\t\t<\/div>\n\t\t\t\t\t<\/div>\n\t\t<\/div>\n\t\t\t\t\t<\/div>\n\t\t<\/section>\n\t\t\t\t<section class=\"elementor-section elementor-top-section elementor-element elementor-element-6f6dab4 elementor-section-boxed elementor-section-height-default elementor-section-height-default\" data-id=\"6f6dab4\" data-element_type=\"section\" data-e-type=\"section\" data-settings=\"{&quot;background_background&quot;:&quot;classic&quot;}\">\n\t\t\t\t\t\t\t<div class=\"elementor-background-overlay\"><\/div>\n\t\t\t\t\t\t\t<div class=\"elementor-container elementor-column-gap-default\">\n\t\t\t\t\t<div class=\"elementor-column elementor-col-100 elementor-top-column elementor-element elementor-element-5dbc720\" data-id=\"5dbc720\" data-element_type=\"column\" data-e-type=\"column\">\n\t\t\t<div class=\"elementor-widget-wrap elementor-element-populated\">\n\t\t\t\t\t\t<div class=\"elementor-element elementor-element-d6d363c elementor-widget elementor-widget-text-editor\" data-id=\"d6d363c\" data-element_type=\"widget\" data-e-type=\"widget\" data-widget_type=\"text-editor.default\">\n\t\t\t\t<div class=\"elementor-widget-container\">\n\t\t\t\t\t\t\t\t\t<p><span style=\"font-weight: 400;\">Fra og med datoen for dette skrivingen er det offisielle nettstedet til ACIO og Peter the Insider de eneste offisielt sanksjonerte ressursene og autoriteten i Advanced Contact Intelligence Organization. Det er blitt v\u00e5r bevissthet at det kan v\u00e6re andre grupper eller enkeltpersoner p\u00e5 nettet som hevder \u00e5 v\u00e6re bortsett fra ACIO eller har tilgang til personellregister, databasefiler og etterretningsrapporter fra ACIO. Vi ber deg unders\u00f8ke disse p\u00e5standene med et kresne \u00f8ye, ettersom mange har fors\u00f8kt \u00e5 feire som en ACIO-representant for forskjellige negative agendaer som bare tjener til \u00e5 motvirke og miskredigere avsl\u00f8ringsbevegelsen.\u00a0<\/span><\/p><p><span style=\"font-weight: 400;\">Til denne dato er Peter the Insider den eneste kjente personen som offentlig tilbyr etterretning direkte fra ACIO, ettersom ingen andre har f\u00e5tt fullmakt fra ACIO til \u00e5 utf\u00f8re denne rollen p\u00e5 et offentlig niv\u00e5. Med utvalgte individer som Peter jobber med, er han i stand til \u00e5 bruke et teknologigrensesnitt for \u00e5 f\u00e5 tilgang til et individers energiske felt og trekke ut relevant informasjon og personellfiler for supersoldater og SSP-opplevere. Denne prosessen er veldig lik hvordan en synsk kan stille seg inn i en persons Akashic-post, men ACIOs datamaskingrensesnitt tillater ham \u00e5 f\u00e5 tilgang til det dypeste niv\u00e5et av en persons Akashic-post. Dette er referert til som proto-bevissthetsniv\u00e5et og er tilgjengelig av bare de dyktigste og mest erfarne av synske i limbo p\u00e5 astralniv\u00e5 hvis det i det hele tatt er tilgjengelig for et vanlig menneske. N\u00e5r det er sagt, f\u00e5r selv Peter selv autorisert tilgang til bare en begrenset database i ACIO for \u00e5 avsl\u00f8re. P\u00e5 dette tidspunktet tilbyr ikke Peter offentlig tilgang til personellopptegnelser for supersoldater eller SSP-opplevere p\u00e5 grunn av andre store ansvarsoppgaver han for \u00f8yeblikket er aktiv i, og det er ingen klar tidslinje tilgjengelig for n\u00e5r Peter vil g\u00e5 tilbake til \u00e5 tilby denne tjenesten. Det skal imidlertid bemerkes at Peter aldri vil be om kompensasjon for noen av disse tjenestene, s\u00e5 enhver person som hevder \u00e5 tilby \u00e5 dele ACIO-personellregister for betaling, er et definitivt svindel og b\u00f8r ignoreres og unng\u00e5s. <\/span><\/p>\t\t\t\t\t\t\t\t<\/div>\n\t\t\t\t<\/div>\n\t\t\t\t\t<\/div>\n\t\t<\/div>\n\t\t\t\t\t<\/div>\n\t\t<\/section>\n\t\t\t\t<\/div>","protected":false},"excerpt":{"rendered":"<p>ACIO DISCLAIMERS As of the date of this writing, the ACIO official website and Peter the Insider are the only officially sanctioned resources and authority on the Advanced Contact Intelligence Organization. It has come to our awareness that there may be other groups or individuals online that claim to be apart of the ACIO or [&hellip;]<\/p>\n","protected":false},"author":1,"featured_media":0,"parent":0,"menu_order":0,"comment_status":"closed","ping_status":"closed","template":"","meta":{"om_disable_all_campaigns":false,"site-sidebar-layout":"no-sidebar","site-content-layout":"page-builder","ast-site-content-layout":"default","site-content-style":"default","site-sidebar-style":"default","ast-global-header-display":"","ast-banner-title-visibility":"","ast-main-header-display":"","ast-hfb-above-header-display":"","ast-hfb-below-header-display":"","ast-hfb-mobile-header-display":"","site-post-title":"disabled","ast-breadcrumbs-content":"","ast-featured-img":"disabled","footer-sml-layout":"","ast-disable-related-posts":"","theme-transparent-header-meta":"","adv-header-id-meta":"","stick-header-meta":"","header-above-stick-meta":"","header-main-stick-meta":"","header-below-stick-meta":"","astra-migrate-meta-layouts":"default","ast-page-background-enabled":"default","ast-page-background-meta":{"desktop":{"background-color":"","background-image":"","background-repeat":"repeat","background-position":"center center","background-size":"auto","background-attachment":"scroll","background-type":"","background-media":"","overlay-type":"","overlay-color":"","overlay-opacity":"","overlay-gradient":""},"tablet":{"background-color":"","background-image":"","background-repeat":"repeat","background-position":"center center","background-size":"auto","background-attachment":"scroll","background-type":"","background-media":"","overlay-type":"","overlay-color":"","overlay-opacity":"","overlay-gradient":""},"mobile":{"background-color":"","background-image":"","background-repeat":"repeat","background-position":"center center","background-size":"auto","background-attachment":"scroll","background-type":"","background-media":"","overlay-type":"","overlay-color":"","overlay-opacity":"","overlay-gradient":""}},"ast-content-background-meta":{"desktop":{"background-color":"var(--ast-global-color-5)","background-image":"","background-repeat":"repeat","background-position":"center center","background-size":"auto","background-attachment":"scroll","background-type":"","background-media":"","overlay-type":"","overlay-color":"","overlay-opacity":"","overlay-gradient":""},"tablet":{"background-color":"var(--ast-global-color-5)","background-image":"","background-repeat":"repeat","background-position":"center center","background-size":"auto","background-attachment":"scroll","background-type":"","background-media":"","overlay-type":"","overlay-color":"","overlay-opacity":"","overlay-gradient":""},"mobile":{"background-color":"var(--ast-global-color-5)","background-image":"","background-repeat":"repeat","background-position":"center center","background-size":"auto","background-attachment":"scroll","background-type":"","background-media":"","overlay-type":"","overlay-color":"","overlay-opacity":"","overlay-gradient":""}},"footnotes":""},"class_list":["post-213","page","type-page","status-publish","hentry"],"_links":{"self":[{"href":"https:\/\/acio-official.org\/nb\/wp-json\/wp\/v2\/pages\/213","targetHints":{"allow":["GET"]}}],"collection":[{"href":"https:\/\/acio-official.org\/nb\/wp-json\/wp\/v2\/pages"}],"about":[{"href":"https:\/\/acio-official.org\/nb\/wp-json\/wp\/v2\/types\/page"}],"author":[{"embeddable":true,"href":"https:\/\/acio-official.org\/nb\/wp-json\/wp\/v2\/users\/1"}],"replies":[{"embeddable":true,"href":"https:\/\/acio-official.org\/nb\/wp-json\/wp\/v2\/comments?post=213"}],"version-history":[{"count":22,"href":"https:\/\/acio-official.org\/nb\/wp-json\/wp\/v2\/pages\/213\/revisions"}],"predecessor-version":[{"id":558,"href":"https:\/\/acio-official.org\/nb\/wp-json\/wp\/v2\/pages\/213\/revisions\/558"}],"wp:attachment":[{"href":"https:\/\/acio-official.org\/nb\/wp-json\/wp\/v2\/media?parent=213"}],"curies":[{"name":"wp","href":"https:\/\/api.w.org\/{rel}","templated":true}]}}