{"id":213,"date":"2021-06-14T03:19:30","date_gmt":"2021-06-14T03:19:30","guid":{"rendered":"https:\/\/mrr.ixy.mybluehost.me\/website_dcad05ef\/?page_id=213"},"modified":"2021-06-22T02:43:48","modified_gmt":"2021-06-22T02:43:48","slug":"disclaimers-on-the-acio","status":"publish","type":"page","link":"https:\/\/acio-official.org\/it\/disclaimers-on-the-acio\/","title":{"rendered":"Avvertenze sull&#039;ACIO"},"content":{"rendered":"<div data-elementor-type=\"wp-page\" data-elementor-id=\"213\" class=\"elementor elementor-213\">\n\t\t\t\t\t\t<section class=\"elementor-section elementor-top-section elementor-element elementor-element-qxsprek elementor-section-boxed elementor-section-height-default elementor-section-height-default\" data-id=\"qxsprek\" data-element_type=\"section\" data-e-type=\"section\" data-settings=\"{&quot;background_background&quot;:&quot;classic&quot;}\">\n\t\t\t\t\t\t\t<div class=\"elementor-background-overlay\"><\/div>\n\t\t\t\t\t\t\t<div class=\"elementor-container elementor-column-gap-default\">\n\t\t\t\t\t<div class=\"elementor-column elementor-col-100 elementor-top-column elementor-element elementor-element-1053ca7a\" data-id=\"1053ca7a\" data-element_type=\"column\" data-e-type=\"column\">\n\t\t\t<div class=\"elementor-widget-wrap elementor-element-populated\">\n\t\t\t\t\t\t<div class=\"elementor-element elementor-element-3d99e122 elementor-widget elementor-widget-heading\" data-id=\"3d99e122\" data-element_type=\"widget\" data-e-type=\"widget\" data-widget_type=\"heading.default\">\n\t\t\t\t<div class=\"elementor-widget-container\">\n\t\t\t\t\t<h1 class=\"elementor-heading-title elementor-size-default\">ESCLUSIONE DI RESPONSABILITA&#039; ACIO <\/h1>\t\t\t\t<\/div>\n\t\t\t\t<\/div>\n\t\t\t\t\t<\/div>\n\t\t<\/div>\n\t\t\t\t\t<\/div>\n\t\t<\/section>\n\t\t\t\t<section class=\"elementor-section elementor-top-section elementor-element elementor-element-6f6dab4 elementor-section-boxed elementor-section-height-default elementor-section-height-default\" data-id=\"6f6dab4\" data-element_type=\"section\" data-e-type=\"section\" data-settings=\"{&quot;background_background&quot;:&quot;classic&quot;}\">\n\t\t\t\t\t\t\t<div class=\"elementor-background-overlay\"><\/div>\n\t\t\t\t\t\t\t<div class=\"elementor-container elementor-column-gap-default\">\n\t\t\t\t\t<div class=\"elementor-column elementor-col-100 elementor-top-column elementor-element elementor-element-5dbc720\" data-id=\"5dbc720\" data-element_type=\"column\" data-e-type=\"column\">\n\t\t\t<div class=\"elementor-widget-wrap elementor-element-populated\">\n\t\t\t\t\t\t<div class=\"elementor-element elementor-element-d6d363c elementor-widget elementor-widget-text-editor\" data-id=\"d6d363c\" data-element_type=\"widget\" data-e-type=\"widget\" data-widget_type=\"text-editor.default\">\n\t\t\t\t<div class=\"elementor-widget-container\">\n\t\t\t\t\t\t\t\t\t<p><span style=\"font-weight: 400;\">Alla data in cui scriviamo, il sito web ufficiale dell&#039;ACIO e Peter the Insider sono le uniche risorse e autorit\u00e0 ufficialmente autorizzate sull&#039;Advanced Contact Intelligence Organization. Siamo venuti a conoscenza del fatto che potrebbero esserci altri gruppi o individui online che affermano di essere parte dell&#039;ACIO o di avere accesso ai record del personale, file di database e rapporti di intelligence dell&#039;ACIO. Ti chiediamo di sondare queste affermazioni con un occhio perspicace poich\u00e9 molti hanno tentato di fingere falsamente come un rappresentante dell&#039;ACIO per vari programmi negativi che servono solo a contrastare e screditare il movimento di divulgazione.\u00a0<\/span><\/p><p><span style=\"font-weight: 400;\">Ad oggi, Peter the Insider \u00e8 l&#039;unico individuo noto ad offrire pubblicamente informazioni direttamente dall&#039;ACIO poich\u00e9 nessun altro individuo \u00e8 stato autorizzato dall&#039;ACIO a svolgere questo ruolo a livello pubblico. Con individui selezionati con cui Peter lavora, \u00e8 in grado di utilizzare un&#039;interfaccia tecnologica per accedere a un campo energetico individuale ed estrarre informazioni rilevanti e file del personale per i super soldati e gli esperti SSP. Questo processo \u00e8 molto simile a come un sensitivo pu\u00f2 sintonizzarsi sul registro Akashico di un individuo, tuttavia l&#039;interfaccia del computer dell&#039;ACIO gli consente di accedere al livello pi\u00f9 profondo possibile del registro Akashico di un individuo. Questo \u00e8 indicato come livello di proto-coscienza ed \u00e8 accessibile solo ai sensitivi pi\u00f9 abili ed esperti nel limbo a livello astrale, se \u00e8 accessibile a un normale essere umano. Detto questo, anche a Peter stesso viene concesso l&#039;accesso autorizzato solo a un database limitato all&#039;interno dell&#039;ACIO per scopi di divulgazione. In questo momento, Peter non offre pubblicamente l&#039;accesso ai record del personale per i super soldati o gli esperti SSP a causa di altre importanti responsabilit\u00e0 in cui \u00e8 attualmente attivo e non \u00e8 disponibile una tempistica definita per quando Peter torner\u00e0 a offrire questo servizio. Tuttavia, va notato che Peter non chieder\u00e0 mai un risarcimento per nessuno di questi servizi, quindi qualsiasi individuo che afferma di offrire di condividere i record del personale ACIO per il pagamento \u00e8 una frode definitiva e dovrebbe essere ignorato ed evitato. <\/span><\/p>\t\t\t\t\t\t\t\t<\/div>\n\t\t\t\t<\/div>\n\t\t\t\t\t<\/div>\n\t\t<\/div>\n\t\t\t\t\t<\/div>\n\t\t<\/section>\n\t\t\t\t<\/div>","protected":false},"excerpt":{"rendered":"<p>ACIO DISCLAIMERS As of the date of this writing, the ACIO official website and Peter the Insider are the only officially sanctioned resources and authority on the Advanced Contact Intelligence Organization. It has come to our awareness that there may be other groups or individuals online that claim to be apart of the ACIO or [&hellip;]<\/p>\n","protected":false},"author":1,"featured_media":0,"parent":0,"menu_order":0,"comment_status":"closed","ping_status":"closed","template":"","meta":{"om_disable_all_campaigns":false,"site-sidebar-layout":"no-sidebar","site-content-layout":"page-builder","ast-site-content-layout":"default","site-content-style":"default","site-sidebar-style":"default","ast-global-header-display":"","ast-banner-title-visibility":"","ast-main-header-display":"","ast-hfb-above-header-display":"","ast-hfb-below-header-display":"","ast-hfb-mobile-header-display":"","site-post-title":"disabled","ast-breadcrumbs-content":"","ast-featured-img":"disabled","footer-sml-layout":"","ast-disable-related-posts":"","theme-transparent-header-meta":"","adv-header-id-meta":"","stick-header-meta":"","header-above-stick-meta":"","header-main-stick-meta":"","header-below-stick-meta":"","astra-migrate-meta-layouts":"default","ast-page-background-enabled":"default","ast-page-background-meta":{"desktop":{"background-color":"","background-image":"","background-repeat":"repeat","background-position":"center center","background-size":"auto","background-attachment":"scroll","background-type":"","background-media":"","overlay-type":"","overlay-color":"","overlay-opacity":"","overlay-gradient":""},"tablet":{"background-color":"","background-image":"","background-repeat":"repeat","background-position":"center center","background-size":"auto","background-attachment":"scroll","background-type":"","background-media":"","overlay-type":"","overlay-color":"","overlay-opacity":"","overlay-gradient":""},"mobile":{"background-color":"","background-image":"","background-repeat":"repeat","background-position":"center center","background-size":"auto","background-attachment":"scroll","background-type":"","background-media":"","overlay-type":"","overlay-color":"","overlay-opacity":"","overlay-gradient":""}},"ast-content-background-meta":{"desktop":{"background-color":"var(--ast-global-color-5)","background-image":"","background-repeat":"repeat","background-position":"center center","background-size":"auto","background-attachment":"scroll","background-type":"","background-media":"","overlay-type":"","overlay-color":"","overlay-opacity":"","overlay-gradient":""},"tablet":{"background-color":"var(--ast-global-color-5)","background-image":"","background-repeat":"repeat","background-position":"center center","background-size":"auto","background-attachment":"scroll","background-type":"","background-media":"","overlay-type":"","overlay-color":"","overlay-opacity":"","overlay-gradient":""},"mobile":{"background-color":"var(--ast-global-color-5)","background-image":"","background-repeat":"repeat","background-position":"center center","background-size":"auto","background-attachment":"scroll","background-type":"","background-media":"","overlay-type":"","overlay-color":"","overlay-opacity":"","overlay-gradient":""}},"footnotes":""},"class_list":["post-213","page","type-page","status-publish","hentry"],"_links":{"self":[{"href":"https:\/\/acio-official.org\/it\/wp-json\/wp\/v2\/pages\/213","targetHints":{"allow":["GET"]}}],"collection":[{"href":"https:\/\/acio-official.org\/it\/wp-json\/wp\/v2\/pages"}],"about":[{"href":"https:\/\/acio-official.org\/it\/wp-json\/wp\/v2\/types\/page"}],"author":[{"embeddable":true,"href":"https:\/\/acio-official.org\/it\/wp-json\/wp\/v2\/users\/1"}],"replies":[{"embeddable":true,"href":"https:\/\/acio-official.org\/it\/wp-json\/wp\/v2\/comments?post=213"}],"version-history":[{"count":22,"href":"https:\/\/acio-official.org\/it\/wp-json\/wp\/v2\/pages\/213\/revisions"}],"predecessor-version":[{"id":558,"href":"https:\/\/acio-official.org\/it\/wp-json\/wp\/v2\/pages\/213\/revisions\/558"}],"wp:attachment":[{"href":"https:\/\/acio-official.org\/it\/wp-json\/wp\/v2\/media?parent=213"}],"curies":[{"name":"wp","href":"https:\/\/api.w.org\/{rel}","templated":true}]}}