{"id":286,"date":"2021-06-20T04:30:25","date_gmt":"2021-06-20T04:30:25","guid":{"rendered":"https:\/\/mrr.ixy.mybluehost.me\/website_dcad05ef\/?page_id=286"},"modified":"2024-05-26T17:27:56","modified_gmt":"2024-05-26T17:27:56","slug":"acio-staff","status":"publish","type":"page","link":"https:\/\/acio-official.org\/fr\/acio-staff\/","title":{"rendered":"Personnel de l&#039;ACIO"},"content":{"rendered":"<div data-elementor-type=\"wp-page\" data-elementor-id=\"286\" class=\"elementor elementor-286\">\n\t\t\t\t\t\t<section class=\"elementor-section elementor-top-section elementor-element elementor-element-xb1n15u elementor-section-boxed elementor-section-height-default elementor-section-height-default\" data-id=\"xb1n15u\" data-element_type=\"section\" data-e-type=\"section\" data-settings=\"{&quot;background_background&quot;:&quot;video&quot;,&quot;background_video_link&quot;:&quot;https:\\\/\\\/youtu.be\\\/Qu58sD0WwNY&quot;}\">\n\t\t\t\t\t\t\t\t<div class=\"elementor-background-video-container elementor-hidden-mobile\">\n\t\t\t\t\t\t\t\t\t\t\t\t\t<div class=\"elementor-background-video-embed\" role=\"presentation\"><\/div>\n\t\t\t\t\t\t\t\t\t\t\t\t<\/div>\n\t\t\t\t\t\t\t\t\t<div class=\"elementor-background-overlay\"><\/div>\n\t\t\t\t\t\t\t<div class=\"elementor-container elementor-column-gap-default\">\n\t\t\t\t\t<div class=\"elementor-column elementor-col-100 elementor-top-column elementor-element elementor-element-1053ca7a\" data-id=\"1053ca7a\" data-element_type=\"column\" data-e-type=\"column\">\n\t\t\t<div class=\"elementor-widget-wrap elementor-element-populated\">\n\t\t\t\t\t\t<div class=\"elementor-element elementor-element-3d99e122 elementor-widget elementor-widget-heading\" data-id=\"3d99e122\" data-element_type=\"widget\" data-e-type=\"widget\" data-widget_type=\"heading.default\">\n\t\t\t\t<div class=\"elementor-widget-container\">\n\t\t\t\t\t<h1 class=\"elementor-heading-title elementor-size-default\">PERSONNEL ACIO<\/h1>\t\t\t\t<\/div>\n\t\t\t\t<\/div>\n\t\t\t\t\t<\/div>\n\t\t<\/div>\n\t\t\t\t\t<\/div>\n\t\t<\/section>\n\t\t\t\t<section class=\"elementor-section elementor-top-section elementor-element elementor-element-5712713 elementor-section-boxed elementor-section-height-default elementor-section-height-default\" data-id=\"5712713\" data-element_type=\"section\" data-e-type=\"section\" data-settings=\"{&quot;background_background&quot;:&quot;classic&quot;}\">\n\t\t\t\t\t\t\t<div class=\"elementor-background-overlay\"><\/div>\n\t\t\t\t\t\t\t<div class=\"elementor-container elementor-column-gap-default\">\n\t\t\t\t\t<div class=\"elementor-column elementor-col-100 elementor-top-column elementor-element elementor-element-be93f2e\" data-id=\"be93f2e\" data-element_type=\"column\" data-e-type=\"column\">\n\t\t\t<div class=\"elementor-widget-wrap elementor-element-populated\">\n\t\t\t\t\t\t<div class=\"elementor-element elementor-element-ba0748a elementor-widget elementor-widget-heading\" data-id=\"ba0748a\" data-element_type=\"widget\" data-e-type=\"widget\" data-widget_type=\"heading.default\">\n\t\t\t\t<div class=\"elementor-widget-container\">\n\t\t\t\t\t<h2 class=\"elementor-heading-title elementor-size-large\">Pierre l&#039;initi\u00e9<\/h2>\t\t\t\t<\/div>\n\t\t\t\t<\/div>\n\t\t\t\t\t<\/div>\n\t\t<\/div>\n\t\t\t\t\t<\/div>\n\t\t<\/section>\n\t\t\t\t<section class=\"elementor-section elementor-top-section elementor-element elementor-element-b3288c1 elementor-section-boxed elementor-section-height-default elementor-section-height-default\" data-id=\"b3288c1\" data-element_type=\"section\" data-e-type=\"section\">\n\t\t\t\t\t\t<div class=\"elementor-container elementor-column-gap-default\">\n\t\t\t\t\t<div class=\"elementor-column elementor-col-100 elementor-top-column elementor-element elementor-element-61ad73b\" data-id=\"61ad73b\" data-element_type=\"column\" data-e-type=\"column\">\n\t\t\t<div class=\"elementor-widget-wrap elementor-element-populated\">\n\t\t\t\t\t\t<div class=\"elementor-element elementor-element-fe594a5 elementor-widget elementor-widget-text-editor\" data-id=\"fe594a5\" data-element_type=\"widget\" data-e-type=\"widget\" data-widget_type=\"text-editor.default\">\n\t\t\t\t<div class=\"elementor-widget-container\">\n\t\t\t\t\t\t\t\t\t<p><span style=\"text-decoration: underline;\"><em>Directeur de la 12e division ACIO<\/em><\/span><\/p>\t\t\t\t\t\t\t\t<\/div>\n\t\t\t\t<\/div>\n\t\t\t\t\t<\/div>\n\t\t<\/div>\n\t\t\t\t\t<\/div>\n\t\t<\/section>\n\t\t\t\t<section class=\"elementor-section elementor-top-section elementor-element elementor-element-1479162 elementor-section-boxed elementor-section-height-default elementor-section-height-default\" data-id=\"1479162\" data-element_type=\"section\" data-e-type=\"section\" data-settings=\"{&quot;background_background&quot;:&quot;classic&quot;}\">\n\t\t\t\t\t\t\t<div class=\"elementor-background-overlay\"><\/div>\n\t\t\t\t\t\t\t<div class=\"elementor-container elementor-column-gap-default\">\n\t\t\t\t\t<div class=\"elementor-column elementor-col-66 elementor-top-column elementor-element elementor-element-466295d\" data-id=\"466295d\" data-element_type=\"column\" data-e-type=\"column\">\n\t\t\t<div class=\"elementor-widget-wrap elementor-element-populated\">\n\t\t\t\t\t\t<div class=\"elementor-element elementor-element-bc1dea0 elementor-widget elementor-widget-text-editor\" data-id=\"bc1dea0\" data-element_type=\"widget\" data-e-type=\"widget\" data-widget_type=\"text-editor.default\">\n\t\t\t\t<div class=\"elementor-widget-container\">\n\t\t\t\t\t\t\t\t\t<p><span class=\"x-el x-el-span c1-8x c1-8y c1-b c1-c c1-d c1-e c1-f c1-g\">Peter est n\u00e9 en 1970 en Slovaquie, qui fait partie de l&#039;ex-Tch\u00e9coslovaquie et poss\u00e8de une habilitation de s\u00e9curit\u00e9 am\u00e9ricaine de l&#039;OTAN de niveau 60 et sup\u00e9rieur. Tr\u00e8s jeune, il a eu son premier contact ou rencontre avec des extraterrestres (environ 5 ans). Ayant grandi dans l&#039;ancienne Tch\u00e9coslovaquie, il a \u00e9galement \u00e9t\u00e9 confront\u00e9 \u00e0 de nombreux \u00e9v\u00e9nements \u00e9tranges concernant des champs \u00e9lectromagn\u00e9tiques instables dans la r\u00e9gion, ce qui a ajout\u00e9 \u00e0 sa connaissance exp\u00e9rientielle des ph\u00e9nom\u00e8nes non ordinaires.<\/span><\/p><p><span class=\"x-el x-el-span c1-8x c1-8y c1-b c1-c c1-d c1-e c1-f c1-g\">Peter a immigr\u00e9 en Allemagne de l&#039;Ouest en 1988 et il a \u00e9t\u00e9 imm\u00e9diatement recrut\u00e9 dans l&#039;unit\u00e9 sp\u00e9ciale de l&#039;arm\u00e9e des forces militaires secr\u00e8tes de l&#039;OTAN.<\/span><\/p><p><span class=\"x-el x-el-span c1-8x c1-8y c1-b c1-c c1-d c1-e c1-f c1-g\">En 1990, Peter est devenu membre de l&#039;ACIO. Peu de temps apr\u00e8s son entr\u00e9e dans l&#039;ACIO, sa premi\u00e8re rencontre avec la guerre a commenc\u00e9 lorsqu&#039;il a \u00e9t\u00e9 impliqu\u00e9 dans la guerre civile de l&#039;ex-Yougoslavie dans la r\u00e9gion europ\u00e9enne des Balkans en 1991. Il y a eu de nombreux autres projets\/missions au fil des ans mais en raison de la sensibilit\u00e9 et de la confidentialit\u00e9 des projets, il se limite \u00e0 partager la profondeur de son exp\u00e9rience de travail avec le public. Pendant ce temps, il a acquis une exp\u00e9rience pratique du travail de l&#039;ACIO, \u00e0 titre de forces sp\u00e9ciales, qui l&#039;a aid\u00e9 \u00e0 acqu\u00e9rir des connaissances et \u00e0 progresser davantage avec l&#039;organisation.<\/span><\/p><p><span class=\"x-el x-el-span c1-8x c1-8y c1-b c1-c c1-d c1-e c1-f c1-g\">Apr\u00e8s avoir \u00e9t\u00e9 employ\u00e9 par l&#039;ACIO pendant 5 ans, il s&#039;est vu offrir un poste dans la 12e division de l&#039;ACIO. Sa description de poste comprenait, mais sans s&#039;y limiter, la surveillance de la pr\u00e9sence d&#039;extraterrestres et de leur objectif d&#039;\u00eatre sur Terre.\u00a0<\/span><\/p><p><span class=\"x-el x-el-span c1-8x c1-8y c1-b c1-c c1-d c1-e c1-f c1-g\">Apr\u00e8s 20 ans, Peter est devenu directeur de la 12e division de l&#039;ACIO et \u00e0 la 28e ann\u00e9e avec ce d\u00e9partement, il a \u00e9t\u00e9 lanc\u00e9 dans des missions spatiales secr\u00e8tes. Ses exp\u00e9riences incluent la migration entre diff\u00e9rentes chronologies, r\u00e9alit\u00e9s, espaces, univers, dimensions et m\u00e9gavers afin d&#039;aider \u00e0 garder notre r\u00e9alit\u00e9 et notre monde ensemble.<\/span><\/p><p><span class=\"x-el x-el-span c1-8x c1-8y c1-b c1-c c1-d c1-e c1-f c1-g\">En plus de son travail avec l&#039;ACIO, Peter a re\u00e7u l&#039;autorisation de divulguer au public des informations qui n&#039;\u00e9taient auparavant pas accessibles et autoris\u00e9es. Il partage des explications sur notre \u00e9poque actuelle et r\u00e9v\u00e8le de nombreux myst\u00e8res et \u00e9v\u00e9nements curieux qui ont amen\u00e9 la population \u00e0 se demander si les extraterrestres existent et quel est leur niveau d&#039;implication ici sur Terre.<\/span><\/p>\t\t\t\t\t\t\t\t<\/div>\n\t\t\t\t<\/div>\n\t\t\t\t\t<\/div>\n\t\t<\/div>\n\t\t\t\t<div class=\"elementor-column elementor-col-33 elementor-top-column elementor-element elementor-element-fcd7715\" data-id=\"fcd7715\" data-element_type=\"column\" data-e-type=\"column\">\n\t\t\t<div class=\"elementor-widget-wrap elementor-element-populated\">\n\t\t\t\t\t\t<div class=\"elementor-element elementor-element-15bd08a elementor-widget elementor-widget-image\" data-id=\"15bd08a\" data-element_type=\"widget\" data-e-type=\"widget\" data-widget_type=\"image.default\">\n\t\t\t\t<div class=\"elementor-widget-container\">\n\t\t\t\t\t\t\t\t\t\t\t\t\t\t\t<img fetchpriority=\"high\" decoding=\"async\" width=\"300\" height=\"450\" src=\"https:\/\/acio-official.org\/wp-content\/uploads\/2021\/06\/pipe-man.jpg\" class=\"attachment-large size-large wp-image-566\" alt=\"\" srcset=\"https:\/\/acio-official.org\/wp-content\/uploads\/2021\/06\/pipe-man.jpg 300w, https:\/\/acio-official.org\/wp-content\/uploads\/2021\/06\/pipe-man-200x300.jpg 200w, https:\/\/acio-official.org\/wp-content\/uploads\/2021\/06\/pipe-man-8x12.jpg 8w\" sizes=\"(max-width: 300px) 100vw, 300px\" \/>\t\t\t\t\t\t\t\t\t\t\t\t\t\t\t<\/div>\n\t\t\t\t<\/div>\n\t\t\t\t\t<\/div>\n\t\t<\/div>\n\t\t\t\t\t<\/div>\n\t\t<\/section>\n\t\t\t\t<section class=\"elementor-section elementor-top-section elementor-element elementor-element-fa0d31d elementor-section-boxed elementor-section-height-default elementor-section-height-default\" data-id=\"fa0d31d\" data-element_type=\"section\" data-e-type=\"section\" data-settings=\"{&quot;background_background&quot;:&quot;classic&quot;}\">\n\t\t\t\t\t\t\t<div class=\"elementor-background-overlay\"><\/div>\n\t\t\t\t\t\t\t<div class=\"elementor-container elementor-column-gap-default\">\n\t\t\t\t\t<div class=\"elementor-column elementor-col-100 elementor-top-column elementor-element elementor-element-dc8a3c3\" data-id=\"dc8a3c3\" data-element_type=\"column\" data-e-type=\"column\">\n\t\t\t<div class=\"elementor-widget-wrap elementor-element-populated\">\n\t\t\t\t\t\t<div class=\"elementor-element elementor-element-1657666 elementor-widget elementor-widget-heading\" data-id=\"1657666\" data-element_type=\"widget\" data-e-type=\"widget\" data-widget_type=\"heading.default\">\n\t\t\t\t<div class=\"elementor-widget-container\">\n\t\t\t\t\t<h2 class=\"elementor-heading-title elementor-size-default\">Jessica Arael Marrocco<\/h2>\t\t\t\t<\/div>\n\t\t\t\t<\/div>\n\t\t\t\t\t<\/div>\n\t\t<\/div>\n\t\t\t\t\t<\/div>\n\t\t<\/section>\n\t\t\t\t<section class=\"elementor-section elementor-top-section elementor-element elementor-element-c93a6f6 elementor-section-boxed elementor-section-height-default elementor-section-height-default\" data-id=\"c93a6f6\" data-element_type=\"section\" data-e-type=\"section\">\n\t\t\t\t\t\t<div class=\"elementor-container elementor-column-gap-default\">\n\t\t\t\t\t<div class=\"elementor-column elementor-col-100 elementor-top-column elementor-element elementor-element-e9eb4da\" data-id=\"e9eb4da\" data-element_type=\"column\" data-e-type=\"column\">\n\t\t\t<div class=\"elementor-widget-wrap elementor-element-populated\">\n\t\t\t\t\t\t<div class=\"elementor-element elementor-element-84935f4 elementor-widget elementor-widget-text-editor\" data-id=\"84935f4\" data-element_type=\"widget\" data-e-type=\"widget\" data-widget_type=\"text-editor.default\">\n\t\t\t\t<div class=\"elementor-widget-container\">\n\t\t\t\t\t\t\t\t\t<p><span style=\"text-decoration: underline;\"><em>ACIO 6e Division Cigale 3301<\/em><\/span><\/p>\t\t\t\t\t\t\t\t<\/div>\n\t\t\t\t<\/div>\n\t\t\t\t\t<\/div>\n\t\t<\/div>\n\t\t\t\t\t<\/div>\n\t\t<\/section>\n\t\t\t\t<section class=\"elementor-section elementor-top-section elementor-element elementor-element-d0fc563 elementor-section-boxed elementor-section-height-default elementor-section-height-default\" data-id=\"d0fc563\" data-element_type=\"section\" data-e-type=\"section\" data-settings=\"{&quot;background_background&quot;:&quot;classic&quot;}\">\n\t\t\t\t\t\t\t<div class=\"elementor-background-overlay\"><\/div>\n\t\t\t\t\t\t\t<div class=\"elementor-container elementor-column-gap-default\">\n\t\t\t\t\t<div class=\"elementor-column elementor-col-66 elementor-top-column elementor-element elementor-element-4ee9051\" data-id=\"4ee9051\" data-element_type=\"column\" data-e-type=\"column\">\n\t\t\t<div class=\"elementor-widget-wrap elementor-element-populated\">\n\t\t\t\t\t\t<div class=\"elementor-element elementor-element-3c8f711 elementor-widget elementor-widget-text-editor\" data-id=\"3c8f711\" data-element_type=\"widget\" data-e-type=\"widget\" data-widget_type=\"text-editor.default\">\n\t\t\t\t<div class=\"elementor-widget-container\">\n\t\t\t\t\t\t\t\t\t<p>Jessica est n\u00e9e dans la r\u00e9gion de Boston en 1964. Elle a \u00e9t\u00e9 tr\u00e8s cibl\u00e9e et s\u00e9lectionn\u00e9e pour \u00eatre utilis\u00e9e dans les programmes de la naissance \u00e0 toute son enfance, car elle a \u00e9t\u00e9 rapidement identifi\u00e9e par l&#039;ACIO comme ayant une signature d&#039;\u00e2me d&#039;origine inconnue hors du monde. Au d\u00e9but, elle a fait preuve d&#039;une perception psychique exceptionnellement vive qui a d\u00e9pass\u00e9 la plupart des autres humains. En raison de ses origines \u00e9nigmatiques, elle a \u00e9t\u00e9 plac\u00e9e dans<a href=\"https:\/\/mrr.ixy.mybluehost.me\/website_dcad05ef\/2021\/06\/27\/the-numbers-group\/\"> le groupe des nombres<\/a> comme le num\u00e9ro 12.<\/p><p>\u00c0 l&#039;\u00e2ge de 5 ans, Jessica d\u00e9couvre l&#039;ACIO et <a href=\"https:\/\/mrr.ixy.mybluehost.me\/website_dcad05ef\/2021\/06\/13\/intergalactic-council\/\">Conseil intergalactique<\/a> puis a pris contact avec Peter the Insider en 2016, o\u00f9 elle a commenc\u00e9 \u00e0 d\u00e9couvrir son implication dans les programmes spatiaux secrets. En tant que voyante exceptionnelle d&#039;origine extraterrestre, Jessica a \u00e9t\u00e9 largement utilis\u00e9e dans les programmes par des organisations telles que le <a href=\"https:\/\/mrr.ixy.mybluehost.me\/website_dcad05ef\/2021\/06\/28\/mars-colony-corporation\/\">MCC (Mars Colony Corporation)<\/a>, <a href=\"https:\/\/mrr.ixy.mybluehost.me\/website_dcad05ef\/2021\/07\/02\/worldwide-military-corporations\/\">Soci\u00e9t\u00e9 des mercenaires Kruger<\/a>,<a href=\"https:\/\/mrr.ixy.mybluehost.me\/website_dcad05ef\/2021\/06\/27\/the-labyrinth-group\/\"> le groupe du labyrinthe<\/a>, et a \u00e9galement travaill\u00e9 comme agent de liaison galactique communiquant avec<a href=\"https:\/\/mrr.ixy.mybluehost.me\/website_dcad05ef\/2021\/06\/13\/council-of-5\/\"> le Conseil des 5<\/a>. Jessica est \u00e9galement active en tant qu&#039;atout au sein de l&#039;ACIO 6th Division Cicada 3301 o\u00f9 elle continue de d\u00e9chiffrer les donn\u00e9es de l&#039;activit\u00e9 intergalactique et de leurs effets sur la plan\u00e8te.<\/p><p>Le groupe des nombres est compos\u00e9 d&#039;individus ayant des capacit\u00e9s qui sont \u00e9troitement observ\u00e9s pour identifier s&#039;ils sont bienveillants ou n\u00e9fastes pour cette r\u00e9alit\u00e9. Dans le m\u00eame temps, beaucoup d&#039;autres s&#039;int\u00e9ressent aux enfants ayant des capacit\u00e9s, ce qui l&#039;a ouverte \u00e0 des programmes malveillants, des milabs et des op\u00e9rations et exp\u00e9rimentations militaires secr\u00e8tes.<\/p><p>Jessica est une exp\u00e9rimentatrice SSP et MILAB qui a \u00e9t\u00e9 profond\u00e9ment impliqu\u00e9e dans divers projets de supersoldats et programmes d&#039;acc\u00e8s sp\u00e9cial en tant que sp\u00e9cialiste psychique et intuitive.<\/p><p>En raison du fait qu&#039;il s&#039;agit d&#039;un actif de grande valeur, Jessica a \u00e9galement \u00e9t\u00e9 enlev\u00e9e et forc\u00e9e \u00e0 exp\u00e9rimenter l&#039;installation Murkoff MILAB \u00e0 l&#039;\u00e2ge de 6 ans dans le cadre de <a href=\"https:\/\/outlast.fandom.com\/wiki\/The_Walrider\">Projet Walrider<\/a>. Ici, des aspects de sa signature \u00e9nerg\u00e9tique auraient \u00e9t\u00e9 extraits et vendus \u00e0 diff\u00e9rentes parties pour \u00eatre utilis\u00e9s pour d&#039;autres programmes. Un exemple en est le v\u00e9ritable atout de la CIA commun\u00e9ment identifi\u00e9 comme <a href=\"https:\/\/callofduty.fandom.com\/wiki\/Jason_Hudson\">Jason Hudson<\/a>, une personne au sein des programmes qui a fusionn\u00e9 avec la signature \u00e9nerg\u00e9tique vol\u00e9e de Jessica. Jason Hudson est \u00e9galement mentionn\u00e9 comme un personnage de la s\u00e9rie de jeux vid\u00e9o Call of duty o\u00f9 le personnage du jeu vid\u00e9o est bas\u00e9 sur la personne r\u00e9elle op\u00e9rant dans les programmes.<\/p><p>Jessica a \u00e9galement travaill\u00e9 en \u00e9troite collaboration avec le <a href=\"https:\/\/mrr.ixy.mybluehost.me\/website_dcad05ef\/2021\/06\/14\/monarch-umbrella-refugee-group-m-u-r-g\/\">MURG (Monarch Umbrella Refugee Group)<\/a> o\u00f9 elle a \u00e9t\u00e9 affect\u00e9e \u00e0 un r\u00f4le de m\u00e8re pour aider \u00e0 guider et \u00e0 prendre soin des membres maltrait\u00e9s apr\u00e8s s&#039;\u00eatre \u00e9chapp\u00e9 de leurs installations de programmation respectives au sein de Monarch et Umbrella.<\/p><p><span style=\"font-weight: 400;\">Aujourd&#039;hui, Jessica reste active en tant que voyante interdimensionnelle, lectrice de disques akashiques, animatrice de radio, podcasteuse et propri\u00e9taire de <a href=\"https:\/\/andronetalksradio.com\/\" target=\"_blank\" rel=\"noopener\">Andron ETalks Radio<\/a>. Elle fait des spectacles r\u00e9guliers avec Peter sur elle <a href=\"https:\/\/www.youtube.com\/channel\/UC0zR-WRVWfW474e5L8HYqoQ\" target=\"_blank\" rel=\"noopener\">cha\u00eene Youtube<\/a> discuter de la divulgation, des \u00e9v\u00e9nements plan\u00e9taires et galactiques ayant un impact sur le monde. En savoir plus sur <a href=\"https:\/\/readingsbyarael.com\/\" target=\"_blank\" rel=\"noopener\">Jessica sur son site ici<\/a>. <\/span><\/p>\t\t\t\t\t\t\t\t<\/div>\n\t\t\t\t<\/div>\n\t\t\t\t\t<\/div>\n\t\t<\/div>\n\t\t\t\t<div class=\"elementor-column elementor-col-33 elementor-top-column elementor-element elementor-element-fb8b8cc\" data-id=\"fb8b8cc\" data-element_type=\"column\" data-e-type=\"column\">\n\t\t\t<div class=\"elementor-widget-wrap elementor-element-populated\">\n\t\t\t\t\t\t<div class=\"elementor-element elementor-element-153d57a elementor-widget elementor-widget-image\" data-id=\"153d57a\" data-element_type=\"widget\" data-e-type=\"widget\" data-widget_type=\"image.default\">\n\t\t\t\t<div class=\"elementor-widget-container\">\n\t\t\t\t\t\t\t\t\t\t\t\t<figure class=\"wp-caption\">\n\t\t\t\t\t\t\t\t\t\t\t<a href=\"https:\/\/readingsbyarael.com\/\" target=\"_blank\">\n\t\t\t\t\t\t\t<img decoding=\"async\" width=\"450\" height=\"600\" src=\"https:\/\/acio-official.org\/wp-content\/uploads\/2021\/06\/1550503650236-768x1024.jpeg\" class=\"attachment-large size-large wp-image-298\" alt=\"\" srcset=\"https:\/\/acio-official.org\/wp-content\/uploads\/2021\/06\/1550503650236-768x1024.jpeg 768w, https:\/\/acio-official.org\/wp-content\/uploads\/2021\/06\/1550503650236-225x300.jpeg 225w, https:\/\/acio-official.org\/wp-content\/uploads\/2021\/06\/1550503650236-600x800.jpeg 600w, https:\/\/acio-official.org\/wp-content\/uploads\/2021\/06\/1550503650236-487x649.jpeg 487w, https:\/\/acio-official.org\/wp-content\/uploads\/2021\/06\/1550503650236.jpeg 960w\" sizes=\"(max-width: 450px) 100vw, 450px\" \/>\t\t\t\t\t\t\t\t<\/a>\n\t\t\t\t\t\t\t\t\t\t\t<figcaption class=\"widget-image-caption wp-caption-text\">Visitez le site de Jessica : lecturesbyarael.com<\/figcaption>\n\t\t\t\t\t\t\t\t\t\t<\/figure>\n\t\t\t\t\t\t\t\t\t<\/div>\n\t\t\t\t<\/div>\n\t\t\t\t\t<\/div>\n\t\t<\/div>\n\t\t\t\t\t<\/div>\n\t\t<\/section>\n\t\t\t\t<\/div>","protected":false},"excerpt":{"rendered":"<p>ACIO STAFF Peter the Insider ACIO 12th Division Director Peter was born in 1970 in Slovakia, which is a part of former Czechoslovaki and has a U.S. Nato Security Clearance level 60 and above. At an early age he had his first contact or encounter with aliens (approximately around 5 years old). Growing up in [&hellip;]<\/p>\n","protected":false},"author":1,"featured_media":0,"parent":0,"menu_order":0,"comment_status":"closed","ping_status":"closed","template":"","meta":{"om_disable_all_campaigns":false,"site-sidebar-layout":"no-sidebar","site-content-layout":"page-builder","ast-site-content-layout":"default","site-content-style":"default","site-sidebar-style":"default","ast-global-header-display":"","ast-banner-title-visibility":"","ast-main-header-display":"","ast-hfb-above-header-display":"","ast-hfb-below-header-display":"","ast-hfb-mobile-header-display":"","site-post-title":"disabled","ast-breadcrumbs-content":"","ast-featured-img":"disabled","footer-sml-layout":"","ast-disable-related-posts":"","theme-transparent-header-meta":"","adv-header-id-meta":"","stick-header-meta":"","header-above-stick-meta":"","header-main-stick-meta":"","header-below-stick-meta":"","astra-migrate-meta-layouts":"default","ast-page-background-enabled":"default","ast-page-background-meta":{"desktop":{"background-color":"","background-image":"","background-repeat":"repeat","background-position":"center center","background-size":"auto","background-attachment":"scroll","background-type":"","background-media":"","overlay-type":"","overlay-color":"","overlay-opacity":"","overlay-gradient":""},"tablet":{"background-color":"","background-image":"","background-repeat":"repeat","background-position":"center center","background-size":"auto","background-attachment":"scroll","background-type":"","background-media":"","overlay-type":"","overlay-color":"","overlay-opacity":"","overlay-gradient":""},"mobile":{"background-color":"","background-image":"","background-repeat":"repeat","background-position":"center center","background-size":"auto","background-attachment":"scroll","background-type":"","background-media":"","overlay-type":"","overlay-color":"","overlay-opacity":"","overlay-gradient":""}},"ast-content-background-meta":{"desktop":{"background-color":"var(--ast-global-color-5)","background-image":"","background-repeat":"repeat","background-position":"center center","background-size":"auto","background-attachment":"scroll","background-type":"","background-media":"","overlay-type":"","overlay-color":"","overlay-opacity":"","overlay-gradient":""},"tablet":{"background-color":"var(--ast-global-color-5)","background-image":"","background-repeat":"repeat","background-position":"center center","background-size":"auto","background-attachment":"scroll","background-type":"","background-media":"","overlay-type":"","overlay-color":"","overlay-opacity":"","overlay-gradient":""},"mobile":{"background-color":"var(--ast-global-color-5)","background-image":"","background-repeat":"repeat","background-position":"center center","background-size":"auto","background-attachment":"scroll","background-type":"","background-media":"","overlay-type":"","overlay-color":"","overlay-opacity":"","overlay-gradient":""}},"footnotes":""},"class_list":["post-286","page","type-page","status-publish","hentry"],"_links":{"self":[{"href":"https:\/\/acio-official.org\/fr\/wp-json\/wp\/v2\/pages\/286","targetHints":{"allow":["GET"]}}],"collection":[{"href":"https:\/\/acio-official.org\/fr\/wp-json\/wp\/v2\/pages"}],"about":[{"href":"https:\/\/acio-official.org\/fr\/wp-json\/wp\/v2\/types\/page"}],"author":[{"embeddable":true,"href":"https:\/\/acio-official.org\/fr\/wp-json\/wp\/v2\/users\/1"}],"replies":[{"embeddable":true,"href":"https:\/\/acio-official.org\/fr\/wp-json\/wp\/v2\/comments?post=286"}],"version-history":[{"count":5,"href":"https:\/\/acio-official.org\/fr\/wp-json\/wp\/v2\/pages\/286\/revisions"}],"predecessor-version":[{"id":1430,"href":"https:\/\/acio-official.org\/fr\/wp-json\/wp\/v2\/pages\/286\/revisions\/1430"}],"wp:attachment":[{"href":"https:\/\/acio-official.org\/fr\/wp-json\/wp\/v2\/media?parent=286"}],"curies":[{"name":"wp","href":"https:\/\/api.w.org\/{rel}","templated":true}]}}