{"id":213,"date":"2021-06-14T03:19:30","date_gmt":"2021-06-14T03:19:30","guid":{"rendered":"https:\/\/mrr.ixy.mybluehost.me\/website_dcad05ef\/?page_id=213"},"modified":"2021-06-22T02:43:48","modified_gmt":"2021-06-22T02:43:48","slug":"disclaimers-on-the-acio","status":"publish","type":"page","link":"https:\/\/acio-official.org\/fr\/disclaimers-on-the-acio\/","title":{"rendered":"Avis de non-responsabilit\u00e9 sur l&#039;ACIO"},"content":{"rendered":"<div data-elementor-type=\"wp-page\" data-elementor-id=\"213\" class=\"elementor elementor-213\">\n\t\t\t\t\t\t<section class=\"elementor-section elementor-top-section elementor-element elementor-element-qxsprek elementor-section-boxed elementor-section-height-default elementor-section-height-default\" data-id=\"qxsprek\" data-element_type=\"section\" data-e-type=\"section\" data-settings=\"{&quot;background_background&quot;:&quot;classic&quot;}\">\n\t\t\t\t\t\t\t<div class=\"elementor-background-overlay\"><\/div>\n\t\t\t\t\t\t\t<div class=\"elementor-container elementor-column-gap-default\">\n\t\t\t\t\t<div class=\"elementor-column elementor-col-100 elementor-top-column elementor-element elementor-element-1053ca7a\" data-id=\"1053ca7a\" data-element_type=\"column\" data-e-type=\"column\">\n\t\t\t<div class=\"elementor-widget-wrap elementor-element-populated\">\n\t\t\t\t\t\t<div class=\"elementor-element elementor-element-3d99e122 elementor-widget elementor-widget-heading\" data-id=\"3d99e122\" data-element_type=\"widget\" data-e-type=\"widget\" data-widget_type=\"heading.default\">\n\t\t\t\t<div class=\"elementor-widget-container\">\n\t\t\t\t\t<h1 class=\"elementor-heading-title elementor-size-default\">AVIS DE NON-RESPONSABILIT\u00c9 ACIO <\/h1>\t\t\t\t<\/div>\n\t\t\t\t<\/div>\n\t\t\t\t\t<\/div>\n\t\t<\/div>\n\t\t\t\t\t<\/div>\n\t\t<\/section>\n\t\t\t\t<section class=\"elementor-section elementor-top-section elementor-element elementor-element-6f6dab4 elementor-section-boxed elementor-section-height-default elementor-section-height-default\" data-id=\"6f6dab4\" data-element_type=\"section\" data-e-type=\"section\" data-settings=\"{&quot;background_background&quot;:&quot;classic&quot;}\">\n\t\t\t\t\t\t\t<div class=\"elementor-background-overlay\"><\/div>\n\t\t\t\t\t\t\t<div class=\"elementor-container elementor-column-gap-default\">\n\t\t\t\t\t<div class=\"elementor-column elementor-col-100 elementor-top-column elementor-element elementor-element-5dbc720\" data-id=\"5dbc720\" data-element_type=\"column\" data-e-type=\"column\">\n\t\t\t<div class=\"elementor-widget-wrap elementor-element-populated\">\n\t\t\t\t\t\t<div class=\"elementor-element elementor-element-d6d363c elementor-widget elementor-widget-text-editor\" data-id=\"d6d363c\" data-element_type=\"widget\" data-e-type=\"widget\" data-widget_type=\"text-editor.default\">\n\t\t\t\t<div class=\"elementor-widget-container\">\n\t\t\t\t\t\t\t\t\t<p><span style=\"font-weight: 400;\">\u00c0 la date de r\u00e9daction de cet article, le site Web officiel de l&#039;ACIO et Peter the Insider sont les seules ressources et autorit\u00e9 officiellement autoris\u00e9es au sein de l&#039;Advanced Contact Intelligence Organization. Nous avons pris conscience qu&#039;il peut y avoir d&#039;autres groupes ou individus en ligne qui pr\u00e9tendent faire partie de l&#039;ACIO ou avoir acc\u00e8s aux dossiers du personnel, aux fichiers de base de donn\u00e9es et aux rapports de renseignement de l&#039;ACIO. Nous vous demandons de sonder ces affirmations avec un \u0153il averti, car beaucoup ont tent\u00e9 de se faire passer pour un repr\u00e9sentant de l&#039;ACIO pour divers programmes n\u00e9gatifs qui ne servent qu&#039;\u00e0 contrecarrer et \u00e0 discr\u00e9diter le mouvement de divulgation.\u00a0<\/span><\/p><p><span style=\"font-weight: 400;\">\u00c0 ce jour, Peter the Insider est la seule personne connue \u00e0 offrir publiquement des renseignements directement de l&#039;ACIO, car aucune autre personne n&#039;a \u00e9t\u00e9 autoris\u00e9e par l&#039;ACIO \u00e0 jouer ce r\u00f4le au niveau public. Avec des personnes s\u00e9lectionn\u00e9es avec lesquelles Peter travaille, il est capable d&#039;utiliser une interface technologique pour acc\u00e9der \u00e0 un champ \u00e9nerg\u00e9tique individuel et extraire des informations pertinentes et des fichiers personnels pour les super soldats et les exp\u00e9rimentateurs SSP. Ce processus est tr\u00e8s similaire \u00e0 la fa\u00e7on dont un m\u00e9dium peut se connecter au dossier akashique d&#039;un individu, mais l&#039;interface informatique de l&#039;ACIO lui permet d&#039;acc\u00e9der au niveau le plus profond possible du dossier akashique d&#039;un individu. C&#039;est ce qu&#039;on appelle le niveau de proto-conscience et n&#039;est accessible que par les m\u00e9diums les plus qualifi\u00e9s et exp\u00e9riment\u00e9s dans les limbes au niveau astral s&#039;il est accessible \u00e0 un humain ordinaire. Cela dit, m\u00eame Peter lui-m\u00eame n&#039;a acc\u00e8s qu&#039;\u00e0 une base de donn\u00e9es limit\u00e9e au sein de l&#039;ACIO \u00e0 des fins de divulgation. \u00c0 l&#039;heure actuelle, Peter n&#039;offre pas publiquement l&#039;acc\u00e8s aux dossiers du personnel pour les super soldats ou les exp\u00e9rimentateurs du SSP en raison d&#039;autres responsabilit\u00e9s majeures dans lesquelles il est actuellement actif et aucun calendrier pr\u00e9cis n&#039;est disponible pour le moment o\u00f9 Peter recommencera \u00e0 offrir ce service. Cependant, il convient de noter que Peter ne demandera jamais de compensation pour l&#039;un de ces services, de sorte que toute personne qui pr\u00e9tend offrir de partager les dossiers du personnel ACIO pour le paiement est une fraude certaine et doit \u00eatre ignor\u00e9e et \u00e9vit\u00e9e. <\/span><\/p>\t\t\t\t\t\t\t\t<\/div>\n\t\t\t\t<\/div>\n\t\t\t\t\t<\/div>\n\t\t<\/div>\n\t\t\t\t\t<\/div>\n\t\t<\/section>\n\t\t\t\t<\/div>","protected":false},"excerpt":{"rendered":"<p>ACIO DISCLAIMERS As of the date of this writing, the ACIO official website and Peter the Insider are the only officially sanctioned resources and authority on the Advanced Contact Intelligence Organization. It has come to our awareness that there may be other groups or individuals online that claim to be apart of the ACIO or [&hellip;]<\/p>\n","protected":false},"author":1,"featured_media":0,"parent":0,"menu_order":0,"comment_status":"closed","ping_status":"closed","template":"","meta":{"om_disable_all_campaigns":false,"site-sidebar-layout":"no-sidebar","site-content-layout":"page-builder","ast-site-content-layout":"default","site-content-style":"default","site-sidebar-style":"default","ast-global-header-display":"","ast-banner-title-visibility":"","ast-main-header-display":"","ast-hfb-above-header-display":"","ast-hfb-below-header-display":"","ast-hfb-mobile-header-display":"","site-post-title":"disabled","ast-breadcrumbs-content":"","ast-featured-img":"disabled","footer-sml-layout":"","ast-disable-related-posts":"","theme-transparent-header-meta":"","adv-header-id-meta":"","stick-header-meta":"","header-above-stick-meta":"","header-main-stick-meta":"","header-below-stick-meta":"","astra-migrate-meta-layouts":"default","ast-page-background-enabled":"default","ast-page-background-meta":{"desktop":{"background-color":"","background-image":"","background-repeat":"repeat","background-position":"center center","background-size":"auto","background-attachment":"scroll","background-type":"","background-media":"","overlay-type":"","overlay-color":"","overlay-opacity":"","overlay-gradient":""},"tablet":{"background-color":"","background-image":"","background-repeat":"repeat","background-position":"center center","background-size":"auto","background-attachment":"scroll","background-type":"","background-media":"","overlay-type":"","overlay-color":"","overlay-opacity":"","overlay-gradient":""},"mobile":{"background-color":"","background-image":"","background-repeat":"repeat","background-position":"center center","background-size":"auto","background-attachment":"scroll","background-type":"","background-media":"","overlay-type":"","overlay-color":"","overlay-opacity":"","overlay-gradient":""}},"ast-content-background-meta":{"desktop":{"background-color":"var(--ast-global-color-5)","background-image":"","background-repeat":"repeat","background-position":"center center","background-size":"auto","background-attachment":"scroll","background-type":"","background-media":"","overlay-type":"","overlay-color":"","overlay-opacity":"","overlay-gradient":""},"tablet":{"background-color":"var(--ast-global-color-5)","background-image":"","background-repeat":"repeat","background-position":"center center","background-size":"auto","background-attachment":"scroll","background-type":"","background-media":"","overlay-type":"","overlay-color":"","overlay-opacity":"","overlay-gradient":""},"mobile":{"background-color":"var(--ast-global-color-5)","background-image":"","background-repeat":"repeat","background-position":"center center","background-size":"auto","background-attachment":"scroll","background-type":"","background-media":"","overlay-type":"","overlay-color":"","overlay-opacity":"","overlay-gradient":""}},"footnotes":""},"class_list":["post-213","page","type-page","status-publish","hentry"],"_links":{"self":[{"href":"https:\/\/acio-official.org\/fr\/wp-json\/wp\/v2\/pages\/213","targetHints":{"allow":["GET"]}}],"collection":[{"href":"https:\/\/acio-official.org\/fr\/wp-json\/wp\/v2\/pages"}],"about":[{"href":"https:\/\/acio-official.org\/fr\/wp-json\/wp\/v2\/types\/page"}],"author":[{"embeddable":true,"href":"https:\/\/acio-official.org\/fr\/wp-json\/wp\/v2\/users\/1"}],"replies":[{"embeddable":true,"href":"https:\/\/acio-official.org\/fr\/wp-json\/wp\/v2\/comments?post=213"}],"version-history":[{"count":22,"href":"https:\/\/acio-official.org\/fr\/wp-json\/wp\/v2\/pages\/213\/revisions"}],"predecessor-version":[{"id":558,"href":"https:\/\/acio-official.org\/fr\/wp-json\/wp\/v2\/pages\/213\/revisions\/558"}],"wp:attachment":[{"href":"https:\/\/acio-official.org\/fr\/wp-json\/wp\/v2\/media?parent=213"}],"curies":[{"name":"wp","href":"https:\/\/api.w.org\/{rel}","templated":true}]}}