{"id":286,"date":"2021-06-20T04:30:25","date_gmt":"2021-06-20T04:30:25","guid":{"rendered":"https:\/\/mrr.ixy.mybluehost.me\/website_dcad05ef\/?page_id=286"},"modified":"2024-05-26T17:27:56","modified_gmt":"2024-05-26T17:27:56","slug":"acio-staff","status":"publish","type":"page","link":"https:\/\/acio-official.org\/de\/acio-staff\/","title":{"rendered":"ACIO-Mitarbeiter"},"content":{"rendered":"<div data-elementor-type=\"wp-page\" data-elementor-id=\"286\" class=\"elementor elementor-286\">\n\t\t\t\t\t\t<section class=\"elementor-section elementor-top-section elementor-element elementor-element-xb1n15u elementor-section-boxed elementor-section-height-default elementor-section-height-default\" data-id=\"xb1n15u\" data-element_type=\"section\" data-e-type=\"section\" data-settings=\"{&quot;background_background&quot;:&quot;video&quot;,&quot;background_video_link&quot;:&quot;https:\\\/\\\/youtu.be\\\/Qu58sD0WwNY&quot;}\">\n\t\t\t\t\t\t\t\t<div class=\"elementor-background-video-container elementor-hidden-mobile\">\n\t\t\t\t\t\t\t\t\t\t\t\t\t<div class=\"elementor-background-video-embed\" role=\"presentation\"><\/div>\n\t\t\t\t\t\t\t\t\t\t\t\t<\/div>\n\t\t\t\t\t\t\t\t\t<div class=\"elementor-background-overlay\"><\/div>\n\t\t\t\t\t\t\t<div class=\"elementor-container elementor-column-gap-default\">\n\t\t\t\t\t<div class=\"elementor-column elementor-col-100 elementor-top-column elementor-element elementor-element-1053ca7a\" data-id=\"1053ca7a\" data-element_type=\"column\" data-e-type=\"column\">\n\t\t\t<div class=\"elementor-widget-wrap elementor-element-populated\">\n\t\t\t\t\t\t<div class=\"elementor-element elementor-element-3d99e122 elementor-widget elementor-widget-heading\" data-id=\"3d99e122\" data-element_type=\"widget\" data-e-type=\"widget\" data-widget_type=\"heading.default\">\n\t\t\t\t<div class=\"elementor-widget-container\">\n\t\t\t\t\t<h1 class=\"elementor-heading-title elementor-size-default\">ACIO-PERSONAL<\/h1>\t\t\t\t<\/div>\n\t\t\t\t<\/div>\n\t\t\t\t\t<\/div>\n\t\t<\/div>\n\t\t\t\t\t<\/div>\n\t\t<\/section>\n\t\t\t\t<section class=\"elementor-section elementor-top-section elementor-element elementor-element-5712713 elementor-section-boxed elementor-section-height-default elementor-section-height-default\" data-id=\"5712713\" data-element_type=\"section\" data-e-type=\"section\" data-settings=\"{&quot;background_background&quot;:&quot;classic&quot;}\">\n\t\t\t\t\t\t\t<div class=\"elementor-background-overlay\"><\/div>\n\t\t\t\t\t\t\t<div class=\"elementor-container elementor-column-gap-default\">\n\t\t\t\t\t<div class=\"elementor-column elementor-col-100 elementor-top-column elementor-element elementor-element-be93f2e\" data-id=\"be93f2e\" data-element_type=\"column\" data-e-type=\"column\">\n\t\t\t<div class=\"elementor-widget-wrap elementor-element-populated\">\n\t\t\t\t\t\t<div class=\"elementor-element elementor-element-ba0748a elementor-widget elementor-widget-heading\" data-id=\"ba0748a\" data-element_type=\"widget\" data-e-type=\"widget\" data-widget_type=\"heading.default\">\n\t\t\t\t<div class=\"elementor-widget-container\">\n\t\t\t\t\t<h2 class=\"elementor-heading-title elementor-size-large\">Peter der Insider<\/h2>\t\t\t\t<\/div>\n\t\t\t\t<\/div>\n\t\t\t\t\t<\/div>\n\t\t<\/div>\n\t\t\t\t\t<\/div>\n\t\t<\/section>\n\t\t\t\t<section class=\"elementor-section elementor-top-section elementor-element elementor-element-b3288c1 elementor-section-boxed elementor-section-height-default elementor-section-height-default\" data-id=\"b3288c1\" data-element_type=\"section\" data-e-type=\"section\">\n\t\t\t\t\t\t<div class=\"elementor-container elementor-column-gap-default\">\n\t\t\t\t\t<div class=\"elementor-column elementor-col-100 elementor-top-column elementor-element elementor-element-61ad73b\" data-id=\"61ad73b\" data-element_type=\"column\" data-e-type=\"column\">\n\t\t\t<div class=\"elementor-widget-wrap elementor-element-populated\">\n\t\t\t\t\t\t<div class=\"elementor-element elementor-element-fe594a5 elementor-widget elementor-widget-text-editor\" data-id=\"fe594a5\" data-element_type=\"widget\" data-e-type=\"widget\" data-widget_type=\"text-editor.default\">\n\t\t\t\t<div class=\"elementor-widget-container\">\n\t\t\t\t\t\t\t\t\t<p><span style=\"text-decoration: underline;\"><em>ACIO Direktor der 12. Division 12<\/em><\/span><\/p>\t\t\t\t\t\t\t\t<\/div>\n\t\t\t\t<\/div>\n\t\t\t\t\t<\/div>\n\t\t<\/div>\n\t\t\t\t\t<\/div>\n\t\t<\/section>\n\t\t\t\t<section class=\"elementor-section elementor-top-section elementor-element elementor-element-1479162 elementor-section-boxed elementor-section-height-default elementor-section-height-default\" data-id=\"1479162\" data-element_type=\"section\" data-e-type=\"section\" data-settings=\"{&quot;background_background&quot;:&quot;classic&quot;}\">\n\t\t\t\t\t\t\t<div class=\"elementor-background-overlay\"><\/div>\n\t\t\t\t\t\t\t<div class=\"elementor-container elementor-column-gap-default\">\n\t\t\t\t\t<div class=\"elementor-column elementor-col-66 elementor-top-column elementor-element elementor-element-466295d\" data-id=\"466295d\" data-element_type=\"column\" data-e-type=\"column\">\n\t\t\t<div class=\"elementor-widget-wrap elementor-element-populated\">\n\t\t\t\t\t\t<div class=\"elementor-element elementor-element-bc1dea0 elementor-widget elementor-widget-text-editor\" data-id=\"bc1dea0\" data-element_type=\"widget\" data-e-type=\"widget\" data-widget_type=\"text-editor.default\">\n\t\t\t\t<div class=\"elementor-widget-container\">\n\t\t\t\t\t\t\t\t\t<p><span class=\"x-el x-el-span c1-8x c1-8y c1-b c1-c c1-d c1-e c1-f c1-g\">Peter wurde 1970 in der Slowakei geboren, einem Teil der ehemaligen Tschechoslowakei, und verf\u00fcgt \u00fcber eine US-amerikanische NATO-Sicherheitsfreigabe der Stufe 60 und h\u00f6her. Schon in jungen Jahren hatte er seinen ersten Kontakt oder seine erste Begegnung mit Au\u00dferirdischen (ungef\u00e4hr im Alter von 5 Jahren). W\u00e4hrend seiner Kindheit in der ehemaligen Tschechoslowakei erlebte er auch viele seltsame Ereignisse im Zusammenhang mit instabilen elektromagnetischen Feldern in der Region, was sein Erfahrungswissen \u00fcber nicht-allt\u00e4gliche Ph\u00e4nomene erweiterte.<\/span><\/p><p><span class=\"x-el x-el-span c1-8x c1-8y c1-b c1-c c1-d c1-e c1-f c1-g\">Peter emigrierte 1988 nach Westdeutschland und wurde sofort in die Spezialeinheit des Heeres der geheimen NATO-Streitkr\u00e4fte rekrutiert.<\/span><\/p><p><span class=\"x-el x-el-span c1-8x c1-8y c1-b c1-c c1-d c1-e c1-f c1-g\">1990 wurde Peter Mitglied der ACIO. Schon bald nach seinem Eintritt in die ACIO begann seine erste Begegnung mit dem Krieg, als er 1991 in den B\u00fcrgerkrieg im ehemaligen Jugoslawien in der Balkan-Europa-Region verwickelt war. Im Laufe der Jahre gab es zahlreiche andere Projekte\/Missionen, aber aufgrund der Sensibilit\u00e4t und Vertraulichkeit der Projekte beschr\u00e4nkt er sich darauf, die Tiefe seiner Arbeitserfahrung mit der \u00d6ffentlichkeit zu teilen. W\u00e4hrend dieser Zeit sammelte er praktische Erfahrungen mit der Arbeit der ACIO als Spezialeinheiten, die ihm halfen, Wissen zu sammeln und mit der Organisation weiterzukommen.<\/span><\/p><p><span class=\"x-el x-el-span c1-8x c1-8y c1-b c1-c c1-d c1-e c1-f c1-g\">Nachdem er 5 Jahre bei der ACIO angestellt war, wurde ihm eine Stelle in der 12. Division der ACIO angeboten. Seine Stellenbeschreibung beinhaltete unter anderem die \u00dcberwachung der Anwesenheit von Au\u00dferirdischen und deren Zweck, auf der Erde zu sein.\u00a0<\/span><\/p><p><span class=\"x-el x-el-span c1-8x c1-8y c1-b c1-c c1-d c1-e c1-f c1-g\">Nach 20 Jahren wurde Peter Direktor der 12. Division der ACIO und im 28. Jahr in dieser Abteilung wurde er in geheime Weltraummissionen gestartet. Seine Erfahrungen umfassen die Migration zwischen verschiedenen Zeitlinien, Realit\u00e4ten, R\u00e4umen, Universen, Dimensionen und Megaversen, um unsere Realit\u00e4t und Welt zusammenzuhalten.<\/span><\/p><p><span class=\"x-el x-el-span c1-8x c1-8y c1-b c1-c c1-d c1-e c1-f c1-g\">Zus\u00e4tzlich zu seiner Arbeit bei der ACIO erhielt Peter die Erlaubnis, Informationen an die \u00d6ffentlichkeit weiterzugeben, die zuvor nicht zug\u00e4nglich und erlaubt waren. Er gibt Erkl\u00e4rungen zu unserer heutigen Zeit und enth\u00fcllt viele Geheimnisse und kuriose Ereignisse, die die Bev\u00f6lkerung dazu gebracht haben, sich zu fragen, ob es Au\u00dferirdische gibt und wie hoch ihre Beteiligung hier auf der Erde ist.<\/span><\/p>\t\t\t\t\t\t\t\t<\/div>\n\t\t\t\t<\/div>\n\t\t\t\t\t<\/div>\n\t\t<\/div>\n\t\t\t\t<div class=\"elementor-column elementor-col-33 elementor-top-column elementor-element elementor-element-fcd7715\" data-id=\"fcd7715\" data-element_type=\"column\" data-e-type=\"column\">\n\t\t\t<div class=\"elementor-widget-wrap elementor-element-populated\">\n\t\t\t\t\t\t<div class=\"elementor-element elementor-element-15bd08a elementor-widget elementor-widget-image\" data-id=\"15bd08a\" data-element_type=\"widget\" data-e-type=\"widget\" data-widget_type=\"image.default\">\n\t\t\t\t<div class=\"elementor-widget-container\">\n\t\t\t\t\t\t\t\t\t\t\t\t\t\t\t<img fetchpriority=\"high\" decoding=\"async\" width=\"300\" height=\"450\" src=\"https:\/\/acio-official.org\/wp-content\/uploads\/2021\/06\/pipe-man.jpg\" class=\"attachment-large size-large wp-image-566\" alt=\"\" srcset=\"https:\/\/acio-official.org\/wp-content\/uploads\/2021\/06\/pipe-man.jpg 300w, https:\/\/acio-official.org\/wp-content\/uploads\/2021\/06\/pipe-man-200x300.jpg 200w, https:\/\/acio-official.org\/wp-content\/uploads\/2021\/06\/pipe-man-8x12.jpg 8w\" sizes=\"(max-width: 300px) 100vw, 300px\" \/>\t\t\t\t\t\t\t\t\t\t\t\t\t\t\t<\/div>\n\t\t\t\t<\/div>\n\t\t\t\t\t<\/div>\n\t\t<\/div>\n\t\t\t\t\t<\/div>\n\t\t<\/section>\n\t\t\t\t<section class=\"elementor-section elementor-top-section elementor-element elementor-element-fa0d31d elementor-section-boxed elementor-section-height-default elementor-section-height-default\" data-id=\"fa0d31d\" data-element_type=\"section\" data-e-type=\"section\" data-settings=\"{&quot;background_background&quot;:&quot;classic&quot;}\">\n\t\t\t\t\t\t\t<div class=\"elementor-background-overlay\"><\/div>\n\t\t\t\t\t\t\t<div class=\"elementor-container elementor-column-gap-default\">\n\t\t\t\t\t<div class=\"elementor-column elementor-col-100 elementor-top-column elementor-element elementor-element-dc8a3c3\" data-id=\"dc8a3c3\" data-element_type=\"column\" data-e-type=\"column\">\n\t\t\t<div class=\"elementor-widget-wrap elementor-element-populated\">\n\t\t\t\t\t\t<div class=\"elementor-element elementor-element-1657666 elementor-widget elementor-widget-heading\" data-id=\"1657666\" data-element_type=\"widget\" data-e-type=\"widget\" data-widget_type=\"heading.default\">\n\t\t\t\t<div class=\"elementor-widget-container\">\n\t\t\t\t\t<h2 class=\"elementor-heading-title elementor-size-default\">Jessica Arael Marrocco<\/h2>\t\t\t\t<\/div>\n\t\t\t\t<\/div>\n\t\t\t\t\t<\/div>\n\t\t<\/div>\n\t\t\t\t\t<\/div>\n\t\t<\/section>\n\t\t\t\t<section class=\"elementor-section elementor-top-section elementor-element elementor-element-c93a6f6 elementor-section-boxed elementor-section-height-default elementor-section-height-default\" data-id=\"c93a6f6\" data-element_type=\"section\" data-e-type=\"section\">\n\t\t\t\t\t\t<div class=\"elementor-container elementor-column-gap-default\">\n\t\t\t\t\t<div class=\"elementor-column elementor-col-100 elementor-top-column elementor-element elementor-element-e9eb4da\" data-id=\"e9eb4da\" data-element_type=\"column\" data-e-type=\"column\">\n\t\t\t<div class=\"elementor-widget-wrap elementor-element-populated\">\n\t\t\t\t\t\t<div class=\"elementor-element elementor-element-84935f4 elementor-widget elementor-widget-text-editor\" data-id=\"84935f4\" data-element_type=\"widget\" data-e-type=\"widget\" data-widget_type=\"text-editor.default\">\n\t\t\t\t<div class=\"elementor-widget-container\">\n\t\t\t\t\t\t\t\t\t<p><span style=\"text-decoration: underline;\"><em>ACIO 6. Division Zikade 3301<\/em><\/span><\/p>\t\t\t\t\t\t\t\t<\/div>\n\t\t\t\t<\/div>\n\t\t\t\t\t<\/div>\n\t\t<\/div>\n\t\t\t\t\t<\/div>\n\t\t<\/section>\n\t\t\t\t<section class=\"elementor-section elementor-top-section elementor-element elementor-element-d0fc563 elementor-section-boxed elementor-section-height-default elementor-section-height-default\" data-id=\"d0fc563\" data-element_type=\"section\" data-e-type=\"section\" data-settings=\"{&quot;background_background&quot;:&quot;classic&quot;}\">\n\t\t\t\t\t\t\t<div class=\"elementor-background-overlay\"><\/div>\n\t\t\t\t\t\t\t<div class=\"elementor-container elementor-column-gap-default\">\n\t\t\t\t\t<div class=\"elementor-column elementor-col-66 elementor-top-column elementor-element elementor-element-4ee9051\" data-id=\"4ee9051\" data-element_type=\"column\" data-e-type=\"column\">\n\t\t\t<div class=\"elementor-widget-wrap elementor-element-populated\">\n\t\t\t\t\t\t<div class=\"elementor-element elementor-element-3c8f711 elementor-widget elementor-widget-text-editor\" data-id=\"3c8f711\" data-element_type=\"widget\" data-e-type=\"widget\" data-widget_type=\"text-editor.default\">\n\t\t\t\t<div class=\"elementor-widget-container\">\n\t\t\t\t\t\t\t\t\t<p>Jessica wurde 1964 in der Gegend von Boston geboren. Sie war sehr gezielt und wurde ausgew\u00e4hlt, um von Geburt an bis zu ihrer gesamten Kindheit in den Programmen eingesetzt zu werden, weil sie von der ACIO schnell als eine Seelensignatur unbekannter au\u00dferirdischer Herkunft identifiziert wurde. Schon fr\u00fch zeigte sie eine au\u00dfergew\u00f6hnlich scharfe psychische Wahrnehmung, die die meisten anderen Menschen \u00fcbertraf. Aufgrund ihrer r\u00e4tselhaften Herkunft wurde sie in<a href=\"https:\/\/mrr.ixy.mybluehost.me\/website_dcad05ef\/2021\/06\/27\/the-numbers-group\/\"> die Zahlengruppe<\/a> als Nummer 12.<\/p><p>Im Alter von 5 Jahren wurde Jessica der ACIO vorgestellt und <a href=\"https:\/\/mrr.ixy.mybluehost.me\/website_dcad05ef\/2021\/06\/13\/intergalactic-council\/\">Intergalaktischer Rat<\/a> und nahm dann 2016 Kontakt mit Peter dem Insider auf, wo sie begann, ihre Beteiligung an den geheimen Weltraumprogrammen aufzudecken. Als au\u00dfergew\u00f6hnliche Hellseherin mit ET-Ursprung wurde Jessica in den Programmen von Organisationen wie der <a href=\"https:\/\/mrr.ixy.mybluehost.me\/website_dcad05ef\/2021\/06\/28\/mars-colony-corporation\/\">MCC (Marskolonie Corporation)<\/a>, <a href=\"https:\/\/mrr.ixy.mybluehost.me\/website_dcad05ef\/2021\/07\/02\/worldwide-military-corporations\/\">Kruger Mercenary Corporation<\/a>,<a href=\"https:\/\/mrr.ixy.mybluehost.me\/website_dcad05ef\/2021\/06\/27\/the-labyrinth-group\/\"> die Labyrinthgruppe<\/a>, und arbeitete auch als galaktische Verbindungsperson, die mit . kommunizierte<a href=\"https:\/\/mrr.ixy.mybluehost.me\/website_dcad05ef\/2021\/06\/13\/council-of-5\/\"> der Rat von 5<\/a>. Jessica ist auch als Aktivistin innerhalb der ACIO 6th Division Cicada 3301 aktiv, wo sie weiterhin Daten von intergalaktischen Aktivit\u00e4ten und deren Auswirkungen auf den Planeten entschl\u00fcsselt.<\/p><p>Die Zahlengruppe besteht aus Personen mit F\u00e4higkeiten, die genau beobachtet werden, um festzustellen, ob sie dieser Realit\u00e4t gegen\u00fcber wohlwollend oder ruchlos sind. Gleichzeitig interessieren sich viele andere f\u00fcr Kinder mit F\u00e4higkeiten, so dass sie sich f\u00fcr b\u00f6swillige Programme, Milabs und verdeckte Milit\u00e4roperationen und Experimente \u00f6ffnet.<\/p><p>Jessica ist eine SSP- und MILAB-Erfahrin, die als psychische und intuitive Spezialistin tief in verschiedene Supersoldatenprojekte und spezielle Zugangsprogramme involviert war.<\/p><p>Da es sich um ein wertvolles Gut handelte, wurde Jessica im Alter von 6 Jahren auch entf\u00fchrt und gezwungen, mit der Murkoff MILAB-Anlage im Rahmen von <a href=\"https:\/\/outlast.fandom.com\/wiki\/The_Walrider\">Projekt Walrider<\/a>. Hier wurden angeblich Aspekte ihrer energetischen Signatur extrahiert und an verschiedene Parteien verkauft, um sie f\u00fcr andere Agenden zu verwenden. Ein Beispiel daf\u00fcr ist der echte CIA-Verm\u00f6genswert, der allgemein als . bezeichnet wird <a href=\"https:\/\/callofduty.fandom.com\/wiki\/Jason_Hudson\">Jason Hudson<\/a>, eine Person innerhalb der Programme, die mit Jessicas gestohlener energetischer Signatur verschmolzen war. Jason Hudson wird auch als Charakter in der Call of Duty-Videospielserie erw\u00e4hnt, in der der Videospielcharakter auf der realen Person basiert, die in den Programmen arbeitet.<\/p><p>Jessica arbeitete auch eng mit den <a href=\"https:\/\/mrr.ixy.mybluehost.me\/website_dcad05ef\/2021\/06\/14\/monarch-umbrella-refugee-group-m-u-r-g\/\">MURG (Monarch Umbrella Refugee Group)<\/a> wo ihr eine Mutterrolle zugewiesen wurde, um die missbrauchten Mitglieder zu f\u00fchren und zu betreuen, nachdem sie aus ihren jeweiligen Programmiereinrichtungen bei Monarch und Umbrella entkommen waren.<\/p><p><span style=\"font-weight: 400;\">Heute ist Jessica als psychische, interdimensionale Seherin, Akasha-Plattenleserin, Radiomoderatorin, Podcasterin und Besitzerin von . aktiv <a href=\"https:\/\/andronetalksradio.com\/\" target=\"_blank\" rel=\"noopener\">AndronEtalks-Radio<\/a>. Sie macht regelm\u00e4\u00dfig Shows mit Peter auf ihr <a href=\"https:\/\/www.youtube.com\/channel\/UC0zR-WRVWfW474e5L8HYqoQ\" target=\"_blank\" rel=\"noopener\">Youtube Kanal<\/a> Er\u00f6rterung von Enth\u00fcllungen, planetarischen und galaktischen Ereignissen, die die Welt beeinflussen. Lerne mehr \u00fcber <a href=\"https:\/\/readingsbyarael.com\/\" target=\"_blank\" rel=\"noopener\">Jessica auf ihrer Seite hier<\/a>. <\/span><\/p>\t\t\t\t\t\t\t\t<\/div>\n\t\t\t\t<\/div>\n\t\t\t\t\t<\/div>\n\t\t<\/div>\n\t\t\t\t<div class=\"elementor-column elementor-col-33 elementor-top-column elementor-element elementor-element-fb8b8cc\" data-id=\"fb8b8cc\" data-element_type=\"column\" data-e-type=\"column\">\n\t\t\t<div class=\"elementor-widget-wrap elementor-element-populated\">\n\t\t\t\t\t\t<div class=\"elementor-element elementor-element-153d57a elementor-widget elementor-widget-image\" data-id=\"153d57a\" data-element_type=\"widget\" data-e-type=\"widget\" data-widget_type=\"image.default\">\n\t\t\t\t<div class=\"elementor-widget-container\">\n\t\t\t\t\t\t\t\t\t\t\t\t<figure class=\"wp-caption\">\n\t\t\t\t\t\t\t\t\t\t\t<a href=\"https:\/\/readingsbyarael.com\/\" target=\"_blank\">\n\t\t\t\t\t\t\t<img decoding=\"async\" width=\"450\" height=\"600\" src=\"https:\/\/acio-official.org\/wp-content\/uploads\/2021\/06\/1550503650236-768x1024.jpeg\" class=\"attachment-large size-large wp-image-298\" alt=\"\" srcset=\"https:\/\/acio-official.org\/wp-content\/uploads\/2021\/06\/1550503650236-768x1024.jpeg 768w, https:\/\/acio-official.org\/wp-content\/uploads\/2021\/06\/1550503650236-225x300.jpeg 225w, https:\/\/acio-official.org\/wp-content\/uploads\/2021\/06\/1550503650236-600x800.jpeg 600w, https:\/\/acio-official.org\/wp-content\/uploads\/2021\/06\/1550503650236-487x649.jpeg 487w, https:\/\/acio-official.org\/wp-content\/uploads\/2021\/06\/1550503650236.jpeg 960w\" sizes=\"(max-width: 450px) 100vw, 450px\" \/>\t\t\t\t\t\t\t\t<\/a>\n\t\t\t\t\t\t\t\t\t\t\t<figcaption class=\"widget-image-caption wp-caption-text\">Besuchen Sie Jessicas Website: readingsbyarael.com<\/figcaption>\n\t\t\t\t\t\t\t\t\t\t<\/figure>\n\t\t\t\t\t\t\t\t\t<\/div>\n\t\t\t\t<\/div>\n\t\t\t\t\t<\/div>\n\t\t<\/div>\n\t\t\t\t\t<\/div>\n\t\t<\/section>\n\t\t\t\t<\/div>","protected":false},"excerpt":{"rendered":"<p>ACIO STAFF Peter the Insider ACIO 12th Division Director Peter was born in 1970 in Slovakia, which is a part of former Czechoslovaki and has a U.S. Nato Security Clearance level 60 and above. At an early age he had his first contact or encounter with aliens (approximately around 5 years old). Growing up in [&hellip;]<\/p>\n","protected":false},"author":1,"featured_media":0,"parent":0,"menu_order":0,"comment_status":"closed","ping_status":"closed","template":"","meta":{"om_disable_all_campaigns":false,"site-sidebar-layout":"no-sidebar","site-content-layout":"page-builder","ast-site-content-layout":"default","site-content-style":"default","site-sidebar-style":"default","ast-global-header-display":"","ast-banner-title-visibility":"","ast-main-header-display":"","ast-hfb-above-header-display":"","ast-hfb-below-header-display":"","ast-hfb-mobile-header-display":"","site-post-title":"disabled","ast-breadcrumbs-content":"","ast-featured-img":"disabled","footer-sml-layout":"","ast-disable-related-posts":"","theme-transparent-header-meta":"","adv-header-id-meta":"","stick-header-meta":"","header-above-stick-meta":"","header-main-stick-meta":"","header-below-stick-meta":"","astra-migrate-meta-layouts":"default","ast-page-background-enabled":"default","ast-page-background-meta":{"desktop":{"background-color":"","background-image":"","background-repeat":"repeat","background-position":"center center","background-size":"auto","background-attachment":"scroll","background-type":"","background-media":"","overlay-type":"","overlay-color":"","overlay-opacity":"","overlay-gradient":""},"tablet":{"background-color":"","background-image":"","background-repeat":"repeat","background-position":"center center","background-size":"auto","background-attachment":"scroll","background-type":"","background-media":"","overlay-type":"","overlay-color":"","overlay-opacity":"","overlay-gradient":""},"mobile":{"background-color":"","background-image":"","background-repeat":"repeat","background-position":"center center","background-size":"auto","background-attachment":"scroll","background-type":"","background-media":"","overlay-type":"","overlay-color":"","overlay-opacity":"","overlay-gradient":""}},"ast-content-background-meta":{"desktop":{"background-color":"var(--ast-global-color-5)","background-image":"","background-repeat":"repeat","background-position":"center center","background-size":"auto","background-attachment":"scroll","background-type":"","background-media":"","overlay-type":"","overlay-color":"","overlay-opacity":"","overlay-gradient":""},"tablet":{"background-color":"var(--ast-global-color-5)","background-image":"","background-repeat":"repeat","background-position":"center center","background-size":"auto","background-attachment":"scroll","background-type":"","background-media":"","overlay-type":"","overlay-color":"","overlay-opacity":"","overlay-gradient":""},"mobile":{"background-color":"var(--ast-global-color-5)","background-image":"","background-repeat":"repeat","background-position":"center center","background-size":"auto","background-attachment":"scroll","background-type":"","background-media":"","overlay-type":"","overlay-color":"","overlay-opacity":"","overlay-gradient":""}},"footnotes":""},"class_list":["post-286","page","type-page","status-publish","hentry"],"_links":{"self":[{"href":"https:\/\/acio-official.org\/de\/wp-json\/wp\/v2\/pages\/286","targetHints":{"allow":["GET"]}}],"collection":[{"href":"https:\/\/acio-official.org\/de\/wp-json\/wp\/v2\/pages"}],"about":[{"href":"https:\/\/acio-official.org\/de\/wp-json\/wp\/v2\/types\/page"}],"author":[{"embeddable":true,"href":"https:\/\/acio-official.org\/de\/wp-json\/wp\/v2\/users\/1"}],"replies":[{"embeddable":true,"href":"https:\/\/acio-official.org\/de\/wp-json\/wp\/v2\/comments?post=286"}],"version-history":[{"count":5,"href":"https:\/\/acio-official.org\/de\/wp-json\/wp\/v2\/pages\/286\/revisions"}],"predecessor-version":[{"id":1430,"href":"https:\/\/acio-official.org\/de\/wp-json\/wp\/v2\/pages\/286\/revisions\/1430"}],"wp:attachment":[{"href":"https:\/\/acio-official.org\/de\/wp-json\/wp\/v2\/media?parent=286"}],"curies":[{"name":"wp","href":"https:\/\/api.w.org\/{rel}","templated":true}]}}