{"id":3,"date":"2021-06-08T02:53:45","date_gmt":"2021-06-08T02:53:45","guid":{"rendered":"https:\/\/mrr.ixy.mybluehost.me\/website_dcad05ef\/?page_id=3"},"modified":"2021-06-21T02:46:55","modified_gmt":"2021-06-21T02:46:55","slug":"privacy-policy","status":"publish","type":"page","link":"https:\/\/acio-official.org\/cs\/privacy-policy\/","title":{"rendered":"Z\u00e1sady ochrany osobn\u00edch \u00fadaj\u016f"},"content":{"rendered":"<div data-elementor-type=\"wp-page\" data-elementor-id=\"3\" class=\"elementor elementor-3\">\n\t\t\t\t\t\t<section class=\"elementor-section elementor-top-section elementor-element elementor-element-708d09ef elementor-section-boxed elementor-section-height-default elementor-section-height-default\" data-id=\"708d09ef\" data-element_type=\"section\" data-e-type=\"section\">\n\t\t\t\t\t\t<div class=\"elementor-container elementor-column-gap-default\">\n\t\t\t\t\t<div class=\"elementor-column elementor-col-100 elementor-top-column elementor-element elementor-element-7fc43772\" data-id=\"7fc43772\" data-element_type=\"column\" data-e-type=\"column\">\n\t\t\t<div class=\"elementor-widget-wrap elementor-element-populated\">\n\t\t\t\t\t\t<div class=\"elementor-element elementor-element-49bb269e elementor-widget elementor-widget-text-editor\" data-id=\"49bb269e\" data-element_type=\"widget\" data-e-type=\"widget\" data-widget_type=\"text-editor.default\">\n\t\t\t\t<div class=\"elementor-widget-container\">\n\t\t\t\t\t\t\t\t\t\n<h2 class=\"wp-block-heading\">Kdo jsme<\/h2>\n\n<p><strong class=\"privacy-policy-tutorial\">\u00a0<\/strong>Na\u0161e webov\u00e1 adresa je: https:\/\/mrr.ixy.mybluehost.me\/website_dcad05ef.<\/p>\n\n<h2 class=\"wp-block-heading\">Koment\u00e1\u0159e<\/h2>\n\n<p>Kdy\u017e n\u00e1v\u0161t\u011bvn\u00edci zanechaj\u00ed na webu koment\u00e1\u0159e, shroma\u017e\u010fujeme \u00fadaje zobrazen\u00e9 ve formul\u00e1\u0159i koment\u00e1\u0159\u016f a tak\u00e9 IP adresu n\u00e1v\u0161t\u011bvn\u00edka a \u0159et\u011bzec agenta u\u017eivatele prohl\u00ed\u017ee\u010de, abychom pomohli detekovat spam.<\/p>\n\n<p>Slu\u017eb\u011b Gravatar m\u016f\u017ee b\u00fdt poskytnut anonymizovan\u00fd \u0159et\u011bzec vytvo\u0159en\u00fd z va\u0161\u00ed e-mailov\u00e9 adresy (naz\u00fdvan\u00fd tak\u00e9 hash), aby se zjistilo, zda ji pou\u017e\u00edv\u00e1te. Z\u00e1sady ochrany osobn\u00edch \u00fadaj\u016f slu\u017eby Gravatar jsou k dispozici zde: https:\/\/automattic.com\/privacy\/. Po schv\u00e1len\u00ed va\u0161eho koment\u00e1\u0159e je v\u00e1\u0161 profilov\u00fd obr\u00e1zek viditeln\u00fd pro ve\u0159ejnost v kontextu va\u0161eho koment\u00e1\u0159e.<\/p>\n\n<h2 class=\"wp-block-heading\">M\u00e9dia<\/h2>\n\n<p><strong class=\"privacy-policy-tutorial\">\u00a0<\/strong>Pokud nahr\u00e1v\u00e1te obr\u00e1zky na web, nem\u011bli byste nahr\u00e1vat obr\u00e1zky s vlo\u017een\u00fdmi \u00fadaji o poloze (EXIF GPS). N\u00e1v\u0161t\u011bvn\u00edci webu si mohou st\u00e1hnout a extrahovat ve\u0161ker\u00e1 data o poloze z obr\u00e1zk\u016f na webu.<\/p>\n\n<h2 class=\"wp-block-heading\">Soubory cookie<\/h2>\n\n<p><strong class=\"privacy-policy-tutorial\">\u00a0<\/strong>Pokud na na\u0161ich str\u00e1nk\u00e1ch zanech\u00e1te koment\u00e1\u0159, m\u016f\u017eete se p\u0159ihl\u00e1sit k ukl\u00e1d\u00e1n\u00ed va\u0161eho jm\u00e9na, e-mailov\u00e9 adresy a webov\u00fdch str\u00e1nek do soubor\u016f cookie. Pou\u017e\u00edvaj\u00ed se pro va\u0161e pohodl\u00ed, abyste p\u0159i zad\u00e1v\u00e1n\u00ed dal\u0161\u00edho koment\u00e1\u0159e nemuseli znovu vypl\u0148ovat sv\u00e9 \u00fadaje. Tyto soubory cookie budou trvat jeden rok.<\/p>\n\n<p>Pokud nav\u0161t\u00edv\u00edte na\u0161i p\u0159ihla\u0161ovac\u00ed str\u00e1nku, nastav\u00edme do\u010dasn\u00fd soubor cookie, abychom zjistili, zda v\u00e1\u0161 prohl\u00ed\u017ee\u010d p\u0159ij\u00edm\u00e1 soubory cookie. Tento soubor cookie neobsahuje \u017e\u00e1dn\u00e9 osobn\u00ed \u00fadaje a je zav\u0159en, kdy\u017e zav\u0159ete prohl\u00ed\u017ee\u010d.<\/p>\n\n<p>Kdy\u017e se p\u0159ihl\u00e1s\u00edte, nastav\u00edme tak\u00e9 n\u011bkolik cookies, abychom ulo\u017eili va\u0161e p\u0159ihla\u0161ovac\u00ed \u00fadaje a mo\u017enosti zobrazen\u00ed na obrazovce. P\u0159ihla\u0161ovac\u00ed soubory cookie trvaj\u00ed dva dny a soubory cookie mo\u017enost\u00ed obrazovky vydr\u017e\u00ed rok. Pokud vyberete mo\u017enost \u201eZapamatovat si m\u011b\u201c, va\u0161e p\u0159ihl\u00e1\u0161en\u00ed bude trvat dva t\u00fddny. Pokud se odhl\u00e1s\u00edte ze sv\u00e9ho \u00fa\u010dtu, p\u0159ihla\u0161ovac\u00ed soubory cookie budou odstran\u011bny.<\/p>\n\n<p>Pokud uprav\u00edte nebo publikujete \u010dl\u00e1nek, do va\u0161eho prohl\u00ed\u017ee\u010de se ulo\u017e\u00ed dal\u0161\u00ed cookie. Tento soubor cookie neobsahuje \u017e\u00e1dn\u00e9 osobn\u00ed \u00fadaje a jednodu\u0161e ozna\u010duje ID p\u0159\u00edsp\u011bvku \u010dl\u00e1nku, kter\u00fd jste pr\u00e1v\u011b upravili. Vypr\u0161\u00ed po 1 dni.<\/p>\n\n<h2 class=\"wp-block-heading\">Vlo\u017een\u00fd obsah z jin\u00fdch webov\u00fdch str\u00e1nek<\/h2>\n\n<p>\u010cl\u00e1nky na tomto webu mohou zahrnovat vlo\u017een\u00fd obsah (nap\u0159. Videa, obr\u00e1zky, \u010dl\u00e1nky atd.). Vlo\u017een\u00fd obsah z jin\u00fdch webov\u00fdch str\u00e1nek se chov\u00e1 p\u0159esn\u011b stejn\u011b, jako kdyby n\u00e1v\u0161t\u011bvn\u00edk nav\u0161t\u00edvil jin\u00fd web.<\/p>\n\n<p>Tyto weby mohou shroma\u017e\u010fovat \u00fadaje o v\u00e1s, pou\u017e\u00edvat soubory cookie, vkl\u00e1dat dal\u0161\u00ed sledov\u00e1n\u00ed t\u0159et\u00edch stran a sledovat va\u0161i interakci s t\u00edmto vlo\u017een\u00fdm obsahem, v\u010detn\u011b sledov\u00e1n\u00ed va\u0161\u00ed interakce s vlo\u017een\u00fdm obsahem, pokud m\u00e1te \u00fa\u010det a jste p\u0159ihl\u00e1\u0161eni k tomuto webu.<\/p>\n\n<h2 class=\"wp-block-heading\">S k\u00fdm sd\u00edl\u00edme va\u0161e data<\/h2>\n\n<p>Pokud po\u017eadujete resetov\u00e1n\u00ed hesla, bude va\u0161e e-mailov\u00e1 adresa zahrnuta do resetovac\u00edho e-mailu.<\/p>\n\n<h2 class=\"wp-block-heading\">Jak dlouho va\u0161e \u00fadaje uchov\u00e1v\u00e1me<\/h2>\n\n<p><strong class=\"privacy-policy-tutorial\">\u00a0<\/strong>Pokud zanech\u00e1te koment\u00e1\u0159, bude koment\u00e1\u0159 a jeho metadata uchov\u00e1n na neur\u010dito. To je proto, abychom mohli automaticky rozpozn\u00e1vat a schvalovat v\u0161echny n\u00e1sledn\u00e9 koment\u00e1\u0159e, m\u00edsto aby je udr\u017eovaly ve front\u011b moderov\u00e1n\u00ed.<\/p>\n\n<p>U u\u017eivatel\u016f, kte\u0159\u00ed se zaregistruj\u00ed na na\u0161em webu (pokud existuj\u00ed), tak\u00e9 ukl\u00e1d\u00e1me osobn\u00ed \u00fadaje, kter\u00e9 poskytuj\u00ed, do jejich u\u017eivatelsk\u00e9ho profilu. V\u0161ichni u\u017eivatel\u00e9 mohou kdykoli vid\u011bt, upravovat nebo mazat sv\u00e9 osobn\u00ed \u00fadaje (krom\u011b toho, \u017ee nemohou zm\u011bnit sv\u00e9 u\u017eivatelsk\u00e9 jm\u00e9no). Spr\u00e1vci webov\u00fdch str\u00e1nek mohou tyto informace tak\u00e9 zobrazit a upravit.<\/p>\n\n<h2 class=\"wp-block-heading\">Jak\u00e1 pr\u00e1va m\u00e1te ke sv\u00fdm \u00fadaj\u016fm<\/h2>\n\n<p>Pokud m\u00e1te \u00fa\u010det na tomto webu nebo jste zanechali koment\u00e1\u0159e, m\u016f\u017eete po\u017e\u00e1dat o p\u0159ijet\u00ed exportovan\u00e9ho souboru osobn\u00edch \u00fadaj\u016f, kter\u00e9 o v\u00e1s m\u00e1me, v\u010detn\u011b ve\u0161ker\u00fdch \u00fadaj\u016f, kter\u00e9 jste n\u00e1m poskytli. M\u016f\u017eete tak\u00e9 po\u017e\u00e1dat, abychom vymazali jak\u00e9koli osobn\u00ed \u00fadaje, kter\u00e9 o v\u00e1s m\u00e1me. To nezahrnuje \u017e\u00e1dn\u00e9 \u00fadaje, kter\u00e9 jsme povinni uchov\u00e1vat pro administrativn\u00ed, pr\u00e1vn\u00ed nebo bezpe\u010dnostn\u00ed \u00fa\u010dely.<\/p>\n\n<h2 class=\"wp-block-heading\">Kam pos\u00edl\u00e1me va\u0161e \u00fadaje<\/h2>\n\n<p>Koment\u00e1\u0159e n\u00e1v\u0161t\u011bvn\u00edk\u016f lze kontrolovat prost\u0159ednictv\u00edm automatizovan\u00e9 slu\u017eby detekce spamu.<\/p>\n\t\t\t\t\t\t\t\t<\/div>\n\t\t\t\t<\/div>\n\t\t\t\t\t<\/div>\n\t\t<\/div>\n\t\t\t\t\t<\/div>\n\t\t<\/section>\n\t\t\t\t<\/div>","protected":false},"excerpt":{"rendered":"<p>Who we are \u00a0Our website address is: https:\/\/mrr.ixy.mybluehost.me\/website_dcad05ef. Comments When visitors leave comments on the site we collect the data shown in the comments form, and also the visitor\u2019s IP address and browser user agent string to help spam detection. An anonymized string created from your email address (also called a hash) may be provided [&hellip;]<\/p>\n","protected":false},"author":1,"featured_media":0,"parent":0,"menu_order":0,"comment_status":"closed","ping_status":"open","template":"","meta":{"om_disable_all_campaigns":false,"site-sidebar-layout":"default","site-content-layout":"","ast-site-content-layout":"default","site-content-style":"default","site-sidebar-style":"default","ast-global-header-display":"","ast-banner-title-visibility":"","ast-main-header-display":"","ast-hfb-above-header-display":"","ast-hfb-below-header-display":"","ast-hfb-mobile-header-display":"","site-post-title":"","ast-breadcrumbs-content":"","ast-featured-img":"","footer-sml-layout":"","ast-disable-related-posts":"","theme-transparent-header-meta":"","adv-header-id-meta":"","stick-header-meta":"","header-above-stick-meta":"","header-main-stick-meta":"","header-below-stick-meta":"","astra-migrate-meta-layouts":"default","ast-page-background-enabled":"default","ast-page-background-meta":{"desktop":{"background-color":"","background-image":"","background-repeat":"repeat","background-position":"center center","background-size":"auto","background-attachment":"scroll","background-type":"","background-media":"","overlay-type":"","overlay-color":"","overlay-opacity":"","overlay-gradient":""},"tablet":{"background-color":"","background-image":"","background-repeat":"repeat","background-position":"center center","background-size":"auto","background-attachment":"scroll","background-type":"","background-media":"","overlay-type":"","overlay-color":"","overlay-opacity":"","overlay-gradient":""},"mobile":{"background-color":"","background-image":"","background-repeat":"repeat","background-position":"center center","background-size":"auto","background-attachment":"scroll","background-type":"","background-media":"","overlay-type":"","overlay-color":"","overlay-opacity":"","overlay-gradient":""}},"ast-content-background-meta":{"desktop":{"background-color":"var(--ast-global-color-5)","background-image":"","background-repeat":"repeat","background-position":"center center","background-size":"auto","background-attachment":"scroll","background-type":"","background-media":"","overlay-type":"","overlay-color":"","overlay-opacity":"","overlay-gradient":""},"tablet":{"background-color":"var(--ast-global-color-5)","background-image":"","background-repeat":"repeat","background-position":"center center","background-size":"auto","background-attachment":"scroll","background-type":"","background-media":"","overlay-type":"","overlay-color":"","overlay-opacity":"","overlay-gradient":""},"mobile":{"background-color":"var(--ast-global-color-5)","background-image":"","background-repeat":"repeat","background-position":"center center","background-size":"auto","background-attachment":"scroll","background-type":"","background-media":"","overlay-type":"","overlay-color":"","overlay-opacity":"","overlay-gradient":""}},"footnotes":""},"class_list":["post-3","page","type-page","status-publish","hentry"],"_links":{"self":[{"href":"https:\/\/acio-official.org\/cs\/wp-json\/wp\/v2\/pages\/3","targetHints":{"allow":["GET"]}}],"collection":[{"href":"https:\/\/acio-official.org\/cs\/wp-json\/wp\/v2\/pages"}],"about":[{"href":"https:\/\/acio-official.org\/cs\/wp-json\/wp\/v2\/types\/page"}],"author":[{"embeddable":true,"href":"https:\/\/acio-official.org\/cs\/wp-json\/wp\/v2\/users\/1"}],"replies":[{"embeddable":true,"href":"https:\/\/acio-official.org\/cs\/wp-json\/wp\/v2\/comments?post=3"}],"version-history":[{"count":3,"href":"https:\/\/acio-official.org\/cs\/wp-json\/wp\/v2\/pages\/3\/revisions"}],"predecessor-version":[{"id":542,"href":"https:\/\/acio-official.org\/cs\/wp-json\/wp\/v2\/pages\/3\/revisions\/542"}],"wp:attachment":[{"href":"https:\/\/acio-official.org\/cs\/wp-json\/wp\/v2\/media?parent=3"}],"curies":[{"name":"wp","href":"https:\/\/api.w.org\/{rel}","templated":true}]}}