{"id":286,"date":"2021-06-20T04:30:25","date_gmt":"2021-06-20T04:30:25","guid":{"rendered":"https:\/\/mrr.ixy.mybluehost.me\/website_dcad05ef\/?page_id=286"},"modified":"2024-05-26T17:27:56","modified_gmt":"2024-05-26T17:27:56","slug":"acio-staff","status":"publish","type":"page","link":"https:\/\/acio-official.org\/cs\/acio-staff\/","title":{"rendered":"Zam\u011bstnanci ACIO"},"content":{"rendered":"<div data-elementor-type=\"wp-page\" data-elementor-id=\"286\" class=\"elementor elementor-286\">\n\t\t\t\t\t\t<section class=\"elementor-section elementor-top-section elementor-element elementor-element-xb1n15u elementor-section-boxed elementor-section-height-default elementor-section-height-default\" data-id=\"xb1n15u\" data-element_type=\"section\" data-e-type=\"section\" data-settings=\"{&quot;background_background&quot;:&quot;video&quot;,&quot;background_video_link&quot;:&quot;https:\\\/\\\/youtu.be\\\/Qu58sD0WwNY&quot;}\">\n\t\t\t\t\t\t\t\t<div class=\"elementor-background-video-container elementor-hidden-mobile\">\n\t\t\t\t\t\t\t\t\t\t\t\t\t<div class=\"elementor-background-video-embed\" role=\"presentation\"><\/div>\n\t\t\t\t\t\t\t\t\t\t\t\t<\/div>\n\t\t\t\t\t\t\t\t\t<div class=\"elementor-background-overlay\"><\/div>\n\t\t\t\t\t\t\t<div class=\"elementor-container elementor-column-gap-default\">\n\t\t\t\t\t<div class=\"elementor-column elementor-col-100 elementor-top-column elementor-element elementor-element-1053ca7a\" data-id=\"1053ca7a\" data-element_type=\"column\" data-e-type=\"column\">\n\t\t\t<div class=\"elementor-widget-wrap elementor-element-populated\">\n\t\t\t\t\t\t<div class=\"elementor-element elementor-element-3d99e122 elementor-widget elementor-widget-heading\" data-id=\"3d99e122\" data-element_type=\"widget\" data-e-type=\"widget\" data-widget_type=\"heading.default\">\n\t\t\t\t<div class=\"elementor-widget-container\">\n\t\t\t\t\t<h1 class=\"elementor-heading-title elementor-size-default\">ZAM\u011aSTNANCI ACIO<\/h1>\t\t\t\t<\/div>\n\t\t\t\t<\/div>\n\t\t\t\t\t<\/div>\n\t\t<\/div>\n\t\t\t\t\t<\/div>\n\t\t<\/section>\n\t\t\t\t<section class=\"elementor-section elementor-top-section elementor-element elementor-element-5712713 elementor-section-boxed elementor-section-height-default elementor-section-height-default\" data-id=\"5712713\" data-element_type=\"section\" data-e-type=\"section\" data-settings=\"{&quot;background_background&quot;:&quot;classic&quot;}\">\n\t\t\t\t\t\t\t<div class=\"elementor-background-overlay\"><\/div>\n\t\t\t\t\t\t\t<div class=\"elementor-container elementor-column-gap-default\">\n\t\t\t\t\t<div class=\"elementor-column elementor-col-100 elementor-top-column elementor-element elementor-element-be93f2e\" data-id=\"be93f2e\" data-element_type=\"column\" data-e-type=\"column\">\n\t\t\t<div class=\"elementor-widget-wrap elementor-element-populated\">\n\t\t\t\t\t\t<div class=\"elementor-element elementor-element-ba0748a elementor-widget elementor-widget-heading\" data-id=\"ba0748a\" data-element_type=\"widget\" data-e-type=\"widget\" data-widget_type=\"heading.default\">\n\t\t\t\t<div class=\"elementor-widget-container\">\n\t\t\t\t\t<h2 class=\"elementor-heading-title elementor-size-large\">Peter zasv\u011bcen\u00fdch<\/h2>\t\t\t\t<\/div>\n\t\t\t\t<\/div>\n\t\t\t\t\t<\/div>\n\t\t<\/div>\n\t\t\t\t\t<\/div>\n\t\t<\/section>\n\t\t\t\t<section class=\"elementor-section elementor-top-section elementor-element elementor-element-b3288c1 elementor-section-boxed elementor-section-height-default elementor-section-height-default\" data-id=\"b3288c1\" data-element_type=\"section\" data-e-type=\"section\">\n\t\t\t\t\t\t<div class=\"elementor-container elementor-column-gap-default\">\n\t\t\t\t\t<div class=\"elementor-column elementor-col-100 elementor-top-column elementor-element elementor-element-61ad73b\" data-id=\"61ad73b\" data-element_type=\"column\" data-e-type=\"column\">\n\t\t\t<div class=\"elementor-widget-wrap elementor-element-populated\">\n\t\t\t\t\t\t<div class=\"elementor-element elementor-element-fe594a5 elementor-widget elementor-widget-text-editor\" data-id=\"fe594a5\" data-element_type=\"widget\" data-e-type=\"widget\" data-widget_type=\"text-editor.default\">\n\t\t\t\t<div class=\"elementor-widget-container\">\n\t\t\t\t\t\t\t\t\t<p><span style=\"text-decoration: underline;\"><em>\u0158editel 12. divize ACIO<\/em><\/span><\/p>\t\t\t\t\t\t\t\t<\/div>\n\t\t\t\t<\/div>\n\t\t\t\t\t<\/div>\n\t\t<\/div>\n\t\t\t\t\t<\/div>\n\t\t<\/section>\n\t\t\t\t<section class=\"elementor-section elementor-top-section elementor-element elementor-element-1479162 elementor-section-boxed elementor-section-height-default elementor-section-height-default\" data-id=\"1479162\" data-element_type=\"section\" data-e-type=\"section\" data-settings=\"{&quot;background_background&quot;:&quot;classic&quot;}\">\n\t\t\t\t\t\t\t<div class=\"elementor-background-overlay\"><\/div>\n\t\t\t\t\t\t\t<div class=\"elementor-container elementor-column-gap-default\">\n\t\t\t\t\t<div class=\"elementor-column elementor-col-66 elementor-top-column elementor-element elementor-element-466295d\" data-id=\"466295d\" data-element_type=\"column\" data-e-type=\"column\">\n\t\t\t<div class=\"elementor-widget-wrap elementor-element-populated\">\n\t\t\t\t\t\t<div class=\"elementor-element elementor-element-bc1dea0 elementor-widget elementor-widget-text-editor\" data-id=\"bc1dea0\" data-element_type=\"widget\" data-e-type=\"widget\" data-widget_type=\"text-editor.default\">\n\t\t\t\t<div class=\"elementor-widget-container\">\n\t\t\t\t\t\t\t\t\t<p><span class=\"x-el x-el-span c1-8x c1-8y c1-b c1-c c1-d c1-e c1-f c1-g\">Peter se narodil v roce 1970 na Slovensku, kter\u00e9 je sou\u010d\u00e1st\u00ed b\u00fdval\u00e9ho \u010ceskoslovenska a m\u00e1 americkou bezpe\u010dnostn\u00ed prov\u011brku NATO \u00farovn\u011b 60 a vy\u0161\u0161\u00ed. V ran\u00e9m v\u011bku m\u011bl prvn\u00ed kontakt nebo setk\u00e1n\u00ed s mimozem\u0161\u0165any (cca kolem 5 let). Vyr\u016fstal v b\u00fdval\u00e9m \u010ceskoslovensku a tak\u00e9 se v regionu setkal s mnoha podivn\u00fdmi ud\u00e1lostmi t\u00fdkaj\u00edc\u00edmi se nestabiln\u00edch elektromagnetick\u00fdch pol\u00ed, co\u017e p\u0159isp\u011blo k jeho zku\u0161enostn\u00edm znalostem o neobvykl\u00fdch jevech.<\/span><\/p><p><span class=\"x-el x-el-span c1-8x c1-8y c1-b c1-c c1-d c1-e c1-f c1-g\">Peter emigroval do z\u00e1padn\u00edho N\u011bmecka v roce 1988 a byl okam\u017eit\u011b p\u0159ijat do speci\u00e1ln\u00ed jednotky arm\u00e1dy v tajn\u00fdch vojensk\u00fdch sil\u00e1ch NATO.<\/span><\/p><p><span class=\"x-el x-el-span c1-8x c1-8y c1-b c1-c c1-d c1-e c1-f c1-g\">V roce 1990 se Peter stal \u010dlenem ACIO. Brzy po sv\u00e9m vstupu do ACIO za\u010dalo jeho prvn\u00ed setk\u00e1n\u00ed s v\u00e1lkou, kdy\u017e byl v roce 1991 zapojen do ob\u010dansk\u00e9 v\u00e1lky v b\u00fdval\u00e9 Jugosl\u00e1vii v balk\u00e1nsk\u00e9m evropsk\u00e9m regionu. V pr\u016fb\u011bhu let prob\u011bhlo mnoho dal\u0161\u00edch projekt\u016f \/ mis\u00ed, ale kv\u016fli citlivosti a d\u016fv\u011brnosti z projekt\u016f je omezen na sd\u00edlen\u00ed hloubky sv\u00fdch pracovn\u00edch zku\u0161enost\u00ed s ve\u0159ejnost\u00ed. B\u011bhem t\u00e9to doby m\u011bl zku\u0161enosti s prac\u00ed ACIO ve funkci speci\u00e1ln\u00edch sil, kter\u00e9 mu pomohly z\u00edskat znalosti a postupovat d\u00e1le v organizaci.<\/span><\/p><p><span class=\"x-el x-el-span c1-8x c1-8y c1-b c1-c c1-d c1-e c1-f c1-g\">Pot\u00e9, co byl 5 let zam\u011bstn\u00e1n v ACIO, mu byla nab\u00eddnuta pozice ve 12. divizi ACIO. Jeho pracovn\u00ed n\u00e1pln\u00ed bylo mimo jin\u00e9 sledov\u00e1n\u00ed p\u0159\u00edtomnosti mimozem\u0161\u0165an\u016f a jejich \u00fa\u010delu pobytu na Zemi.\u00a0<\/span><\/p><p><span class=\"x-el x-el-span c1-8x c1-8y c1-b c1-c c1-d c1-e c1-f c1-g\">Po 20 letech se Peter stal \u0159editelem 12. divize ACIO a do 28. roku tohoto odd\u011blen\u00ed byl vysl\u00e1n do tajn\u00fdch vesm\u00edrn\u00fdch mis\u00ed. Mezi jeho zku\u0161enosti pat\u0159\u00ed migrace mezi r\u016fzn\u00fdmi \u010dasov\u00fdmi liniemi, realitami, prostory, vesm\u00edry, dimenzemi a megaverses, aby pomohla udr\u017eet na\u0161i realitu a sv\u011bt pohromad\u011b.<\/span><\/p><p><span class=\"x-el x-el-span c1-8x c1-8y c1-b c1-c c1-d c1-e c1-f c1-g\">Krom\u011b sv\u00e9 pr\u00e1ce s ACIO dostal Peter povolen\u00ed zve\u0159ej\u0148ovat informace, kter\u00e9 d\u0159\u00edve nebyly p\u0159\u00edstupn\u00e9 a povolen\u00e9. Sd\u00edl\u00ed vysv\u011btlen\u00ed na\u0161\u00ed sou\u010dasn\u00e9 doby a odhaluje mnoho z\u00e1had a kuri\u00f3zn\u00edch ud\u00e1lost\u00ed, d\u00edky nim\u017e si obyvatel\u00e9 kladou ot\u00e1zku, zda mimozem\u0161\u0165an\u00e9 skute\u010dn\u011b existuj\u00ed a jak\u00e1 je jejich m\u00edra zapojen\u00ed zde na Zemi.<\/span><\/p>\t\t\t\t\t\t\t\t<\/div>\n\t\t\t\t<\/div>\n\t\t\t\t\t<\/div>\n\t\t<\/div>\n\t\t\t\t<div class=\"elementor-column elementor-col-33 elementor-top-column elementor-element elementor-element-fcd7715\" data-id=\"fcd7715\" data-element_type=\"column\" data-e-type=\"column\">\n\t\t\t<div class=\"elementor-widget-wrap elementor-element-populated\">\n\t\t\t\t\t\t<div class=\"elementor-element elementor-element-15bd08a elementor-widget elementor-widget-image\" data-id=\"15bd08a\" data-element_type=\"widget\" data-e-type=\"widget\" data-widget_type=\"image.default\">\n\t\t\t\t<div class=\"elementor-widget-container\">\n\t\t\t\t\t\t\t\t\t\t\t\t\t\t\t<img fetchpriority=\"high\" decoding=\"async\" width=\"300\" height=\"450\" src=\"https:\/\/acio-official.org\/wp-content\/uploads\/2021\/06\/pipe-man.jpg\" class=\"attachment-large size-large wp-image-566\" alt=\"\" srcset=\"https:\/\/acio-official.org\/wp-content\/uploads\/2021\/06\/pipe-man.jpg 300w, https:\/\/acio-official.org\/wp-content\/uploads\/2021\/06\/pipe-man-200x300.jpg 200w, https:\/\/acio-official.org\/wp-content\/uploads\/2021\/06\/pipe-man-8x12.jpg 8w\" sizes=\"(max-width: 300px) 100vw, 300px\" \/>\t\t\t\t\t\t\t\t\t\t\t\t\t\t\t<\/div>\n\t\t\t\t<\/div>\n\t\t\t\t\t<\/div>\n\t\t<\/div>\n\t\t\t\t\t<\/div>\n\t\t<\/section>\n\t\t\t\t<section class=\"elementor-section elementor-top-section elementor-element elementor-element-fa0d31d elementor-section-boxed elementor-section-height-default elementor-section-height-default\" data-id=\"fa0d31d\" data-element_type=\"section\" data-e-type=\"section\" data-settings=\"{&quot;background_background&quot;:&quot;classic&quot;}\">\n\t\t\t\t\t\t\t<div class=\"elementor-background-overlay\"><\/div>\n\t\t\t\t\t\t\t<div class=\"elementor-container elementor-column-gap-default\">\n\t\t\t\t\t<div class=\"elementor-column elementor-col-100 elementor-top-column elementor-element elementor-element-dc8a3c3\" data-id=\"dc8a3c3\" data-element_type=\"column\" data-e-type=\"column\">\n\t\t\t<div class=\"elementor-widget-wrap elementor-element-populated\">\n\t\t\t\t\t\t<div class=\"elementor-element elementor-element-1657666 elementor-widget elementor-widget-heading\" data-id=\"1657666\" data-element_type=\"widget\" data-e-type=\"widget\" data-widget_type=\"heading.default\">\n\t\t\t\t<div class=\"elementor-widget-container\">\n\t\t\t\t\t<h2 class=\"elementor-heading-title elementor-size-default\">Jessica Arael Marrocco<\/h2>\t\t\t\t<\/div>\n\t\t\t\t<\/div>\n\t\t\t\t\t<\/div>\n\t\t<\/div>\n\t\t\t\t\t<\/div>\n\t\t<\/section>\n\t\t\t\t<section class=\"elementor-section elementor-top-section elementor-element elementor-element-c93a6f6 elementor-section-boxed elementor-section-height-default elementor-section-height-default\" data-id=\"c93a6f6\" data-element_type=\"section\" data-e-type=\"section\">\n\t\t\t\t\t\t<div class=\"elementor-container elementor-column-gap-default\">\n\t\t\t\t\t<div class=\"elementor-column elementor-col-100 elementor-top-column elementor-element elementor-element-e9eb4da\" data-id=\"e9eb4da\" data-element_type=\"column\" data-e-type=\"column\">\n\t\t\t<div class=\"elementor-widget-wrap elementor-element-populated\">\n\t\t\t\t\t\t<div class=\"elementor-element elementor-element-84935f4 elementor-widget elementor-widget-text-editor\" data-id=\"84935f4\" data-element_type=\"widget\" data-e-type=\"widget\" data-widget_type=\"text-editor.default\">\n\t\t\t\t<div class=\"elementor-widget-container\">\n\t\t\t\t\t\t\t\t\t<p><span style=\"text-decoration: underline;\"><em>ACIO 6. divize Cicada 3301<\/em><\/span><\/p>\t\t\t\t\t\t\t\t<\/div>\n\t\t\t\t<\/div>\n\t\t\t\t\t<\/div>\n\t\t<\/div>\n\t\t\t\t\t<\/div>\n\t\t<\/section>\n\t\t\t\t<section class=\"elementor-section elementor-top-section elementor-element elementor-element-d0fc563 elementor-section-boxed elementor-section-height-default elementor-section-height-default\" data-id=\"d0fc563\" data-element_type=\"section\" data-e-type=\"section\" data-settings=\"{&quot;background_background&quot;:&quot;classic&quot;}\">\n\t\t\t\t\t\t\t<div class=\"elementor-background-overlay\"><\/div>\n\t\t\t\t\t\t\t<div class=\"elementor-container elementor-column-gap-default\">\n\t\t\t\t\t<div class=\"elementor-column elementor-col-66 elementor-top-column elementor-element elementor-element-4ee9051\" data-id=\"4ee9051\" data-element_type=\"column\" data-e-type=\"column\">\n\t\t\t<div class=\"elementor-widget-wrap elementor-element-populated\">\n\t\t\t\t\t\t<div class=\"elementor-element elementor-element-3c8f711 elementor-widget elementor-widget-text-editor\" data-id=\"3c8f711\" data-element_type=\"widget\" data-e-type=\"widget\" data-widget_type=\"text-editor.default\">\n\t\t\t\t<div class=\"elementor-widget-container\">\n\t\t\t\t\t\t\t\t\t<p>Jessica se narodila v bostonsk\u00e9 oblasti v roce 1964. Byla vysoce c\u00edlen\u00e1 a byla vybr\u00e1na pro pou\u017eit\u00ed v programech od narozen\u00ed po cel\u00e9 sv\u00e9 d\u011btstv\u00ed, proto\u017ee ji ACIO rychle poznala, \u017ee m\u00e1 podpis du\u0161e nezn\u00e1m\u00e9ho mimozemsk\u00e9ho p\u016fvodu. Hned na za\u010d\u00e1tku projevila mimo\u0159\u00e1dn\u011b bystr\u00e9 psychick\u00e9 vn\u00edm\u00e1n\u00ed, kter\u00e9 p\u0159evy\u0161ovalo v\u011bt\u0161inu ostatn\u00edch lid\u00ed. Kv\u016fli jej\u00edmu z\u00e1hadn\u00e9mu p\u016fvodu byla um\u00edst\u011bna<a href=\"https:\/\/mrr.ixy.mybluehost.me\/website_dcad05ef\/2021\/06\/27\/the-numbers-group\/\"> skupina \u010d\u00edsel<\/a> jako \u010d\u00edslo 12.<\/p><p>Ve v\u011bku 5 let byla Jessica p\u0159edstavena ACIO a <a href=\"https:\/\/mrr.ixy.mybluehost.me\/website_dcad05ef\/2021\/06\/13\/intergalactic-council\/\">Mezigalaktick\u00e1 rada<\/a> a pot\u00e9 v roce 2016 nav\u00e1zala kontakt s Peterem Insiderem, kde za\u010dala odhalovat sv\u00e9 zapojen\u00ed do tajn\u00fdch vesm\u00edrn\u00fdch program\u016f. Jako v\u00fdjime\u010dn\u00e1 psychika p\u016fvodu ET byla Jessica v programech siln\u011b vyu\u017e\u00edv\u00e1na organizacemi, jako je <a href=\"https:\/\/mrr.ixy.mybluehost.me\/website_dcad05ef\/2021\/06\/28\/mars-colony-corporation\/\">MCC (Mars Colony Corporation)<\/a>, <a href=\"https:\/\/mrr.ixy.mybluehost.me\/website_dcad05ef\/2021\/07\/02\/worldwide-military-corporations\/\">Kruger Mercenary Corporation<\/a>,<a href=\"https:\/\/mrr.ixy.mybluehost.me\/website_dcad05ef\/2021\/06\/27\/the-labyrinth-group\/\"> Labyrintov\u00e1 skupina<\/a>, a tak\u00e9 pracoval jako galaktick\u00fd Liaison komunikuj\u00edc\u00ed s<a href=\"https:\/\/mrr.ixy.mybluehost.me\/website_dcad05ef\/2021\/06\/13\/council-of-5\/\"> Rada ze dne 5<\/a>. Jessica je tak\u00e9 aktivn\u00ed jako aktivum v r\u00e1mci 6. divize ACIO Cicada 3301, kde pokra\u010duje v de\u0161ifrov\u00e1n\u00ed dat z mezigalaktick\u00e9 aktivity a jejich \u00fa\u010dink\u016f na planetu.<\/p><p>Skupinu \u010d\u00edsel tvo\u0159\u00ed jednotlivci se schopnostmi, kte\u0159\u00ed jsou pe\u010dliv\u011b sledov\u00e1ni, aby zjistili, zda jsou pro tuto realitu benevolentn\u00ed nebo hanebn\u00ed. Mnoho dal\u0161\u00edch se z\u00e1rove\u0148 za\u010dalo zaj\u00edmat o d\u011bti se schopnostmi, tak\u017ee se j\u00ed to otev\u0159elo zlovoln\u00fdm program\u016fm, milab\u016fm a tajn\u00fdm vojensk\u00fdm operac\u00edm a experiment\u016fm.<\/p><p>Jessica je zku\u0161enou SSP a MILAB, kter\u00e1 se jako psychick\u00e1 a intuitivn\u00ed odbornice hluboce pod\u00edlela na r\u016fzn\u00fdch projektech super voj\u00e1k\u016f a speci\u00e1ln\u00edch p\u0159\u00edstupov\u00fdch programech.<\/p><p>Vzhledem k tomu, \u017ee jde o vysoce cen\u011bn\u00e9 aktivum, byla Jessica ve sv\u00fdch 6 letech tak\u00e9 unesena a nucena experimentovat se za\u0159\u00edzen\u00edm Murkoff MILAB jako sou\u010d\u00e1st <a href=\"https:\/\/outlast.fandom.com\/wiki\/The_Walrider\">Projekt Walrider<\/a>. Zde byly \u00fadajn\u011b extrahov\u00e1ny aspekty jej\u00edho energetick\u00e9ho podpisu a prod\u00e1ny r\u016fzn\u00fdm stran\u00e1m, aby byly pou\u017eity pro jin\u00e9 agendy. Jedn\u00edm z p\u0159\u00edklad\u016f je skute\u010dn\u00fd majetek CIA, b\u011b\u017en\u011b ozna\u010dovan\u00fd jako <a href=\"https:\/\/callofduty.fandom.com\/wiki\/Jason_Hudson\">Jason Hudson<\/a>, jednotlivec v programech, kter\u00fd byl spojen s ukraden\u00fdm energetick\u00fdm podpisem Jessicy. Jason Hudson je tak\u00e9 zm\u00edn\u011bn jako postava v s\u00e9rii videohry Call of Duty, kde je postava videohry zalo\u017eena na skute\u010dn\u00e9 osob\u011b p\u016fsob\u00edc\u00ed v programech.<\/p><p>Jessica tak\u00e9 \u00fazce spolupracovala s <a href=\"https:\/\/mrr.ixy.mybluehost.me\/website_dcad05ef\/2021\/06\/14\/monarch-umbrella-refugee-group-m-u-r-g\/\">MURG (Monarch Umbrella Refugee Group)<\/a> kde byla p\u0159id\u011blena do mate\u0159sk\u00e9 role, aby pomohla v\u00e9st a starat se o zneu\u017e\u00edvan\u00e9 \u010dleny po \u00fat\u011bku z jejich p\u0159\u00edslu\u0161n\u00fdch programovac\u00edch za\u0159\u00edzen\u00ed v Monarch a Umbrella.<\/p><p><span style=\"font-weight: 400;\">Dnes Jessica z\u016fst\u00e1v\u00e1 aktivn\u00ed jako psychick\u00e1, interdimenzion\u00e1ln\u00ed v\u011b\u0161tkyn\u011b, \u010dte\u010dka aka\u0161ick\u00fdch z\u00e1znam\u016f, rozhlasov\u00fd moder\u00e1tor, podcaster a majitel <a href=\"https:\/\/andronetalksradio.com\/\" target=\"_blank\" rel=\"noopener\">R\u00e1dio AndronETalks<\/a>. Pravideln\u011b hraje s Peterem <a href=\"https:\/\/www.youtube.com\/channel\/UC0zR-WRVWfW474e5L8HYqoQ\" target=\"_blank\" rel=\"noopener\">kan\u00e1l YouTube<\/a> diskuse o odhalen\u00ed, planet\u00e1rn\u00edch a galaktick\u00fdch ud\u00e1lostech ovliv\u0148uj\u00edc\u00edch sv\u011bt. Dozv\u011bd\u011bt se v\u00edc o <a href=\"https:\/\/readingsbyarael.com\/\" target=\"_blank\" rel=\"noopener\">Jessica na sv\u00e9m webu zde<\/a>. <\/span><\/p>\t\t\t\t\t\t\t\t<\/div>\n\t\t\t\t<\/div>\n\t\t\t\t\t<\/div>\n\t\t<\/div>\n\t\t\t\t<div class=\"elementor-column elementor-col-33 elementor-top-column elementor-element elementor-element-fb8b8cc\" data-id=\"fb8b8cc\" data-element_type=\"column\" data-e-type=\"column\">\n\t\t\t<div class=\"elementor-widget-wrap elementor-element-populated\">\n\t\t\t\t\t\t<div class=\"elementor-element elementor-element-153d57a elementor-widget elementor-widget-image\" data-id=\"153d57a\" data-element_type=\"widget\" data-e-type=\"widget\" data-widget_type=\"image.default\">\n\t\t\t\t<div class=\"elementor-widget-container\">\n\t\t\t\t\t\t\t\t\t\t\t\t<figure class=\"wp-caption\">\n\t\t\t\t\t\t\t\t\t\t\t<a href=\"https:\/\/readingsbyarael.com\/\" target=\"_blank\">\n\t\t\t\t\t\t\t<img decoding=\"async\" width=\"450\" height=\"600\" src=\"https:\/\/acio-official.org\/wp-content\/uploads\/2021\/06\/1550503650236-768x1024.jpeg\" class=\"attachment-large size-large wp-image-298\" alt=\"\" srcset=\"https:\/\/acio-official.org\/wp-content\/uploads\/2021\/06\/1550503650236-768x1024.jpeg 768w, https:\/\/acio-official.org\/wp-content\/uploads\/2021\/06\/1550503650236-225x300.jpeg 225w, https:\/\/acio-official.org\/wp-content\/uploads\/2021\/06\/1550503650236-600x800.jpeg 600w, https:\/\/acio-official.org\/wp-content\/uploads\/2021\/06\/1550503650236-487x649.jpeg 487w, https:\/\/acio-official.org\/wp-content\/uploads\/2021\/06\/1550503650236.jpeg 960w\" sizes=\"(max-width: 450px) 100vw, 450px\" \/>\t\t\t\t\t\t\t\t<\/a>\n\t\t\t\t\t\t\t\t\t\t\t<figcaption class=\"widget-image-caption wp-caption-text\">Nav\u0161tivte web Jessicy: readingsbyarael.com<\/figcaption>\n\t\t\t\t\t\t\t\t\t\t<\/figure>\n\t\t\t\t\t\t\t\t\t<\/div>\n\t\t\t\t<\/div>\n\t\t\t\t\t<\/div>\n\t\t<\/div>\n\t\t\t\t\t<\/div>\n\t\t<\/section>\n\t\t\t\t<\/div>","protected":false},"excerpt":{"rendered":"<p>ACIO STAFF Peter the Insider ACIO 12th Division Director Peter was born in 1970 in Slovakia, which is a part of former Czechoslovaki and has a U.S. Nato Security Clearance level 60 and above. At an early age he had his first contact or encounter with aliens (approximately around 5 years old). Growing up in [&hellip;]<\/p>\n","protected":false},"author":1,"featured_media":0,"parent":0,"menu_order":0,"comment_status":"closed","ping_status":"closed","template":"","meta":{"om_disable_all_campaigns":false,"site-sidebar-layout":"no-sidebar","site-content-layout":"page-builder","ast-site-content-layout":"default","site-content-style":"default","site-sidebar-style":"default","ast-global-header-display":"","ast-banner-title-visibility":"","ast-main-header-display":"","ast-hfb-above-header-display":"","ast-hfb-below-header-display":"","ast-hfb-mobile-header-display":"","site-post-title":"disabled","ast-breadcrumbs-content":"","ast-featured-img":"disabled","footer-sml-layout":"","ast-disable-related-posts":"","theme-transparent-header-meta":"","adv-header-id-meta":"","stick-header-meta":"","header-above-stick-meta":"","header-main-stick-meta":"","header-below-stick-meta":"","astra-migrate-meta-layouts":"default","ast-page-background-enabled":"default","ast-page-background-meta":{"desktop":{"background-color":"","background-image":"","background-repeat":"repeat","background-position":"center center","background-size":"auto","background-attachment":"scroll","background-type":"","background-media":"","overlay-type":"","overlay-color":"","overlay-opacity":"","overlay-gradient":""},"tablet":{"background-color":"","background-image":"","background-repeat":"repeat","background-position":"center center","background-size":"auto","background-attachment":"scroll","background-type":"","background-media":"","overlay-type":"","overlay-color":"","overlay-opacity":"","overlay-gradient":""},"mobile":{"background-color":"","background-image":"","background-repeat":"repeat","background-position":"center center","background-size":"auto","background-attachment":"scroll","background-type":"","background-media":"","overlay-type":"","overlay-color":"","overlay-opacity":"","overlay-gradient":""}},"ast-content-background-meta":{"desktop":{"background-color":"var(--ast-global-color-5)","background-image":"","background-repeat":"repeat","background-position":"center center","background-size":"auto","background-attachment":"scroll","background-type":"","background-media":"","overlay-type":"","overlay-color":"","overlay-opacity":"","overlay-gradient":""},"tablet":{"background-color":"var(--ast-global-color-5)","background-image":"","background-repeat":"repeat","background-position":"center center","background-size":"auto","background-attachment":"scroll","background-type":"","background-media":"","overlay-type":"","overlay-color":"","overlay-opacity":"","overlay-gradient":""},"mobile":{"background-color":"var(--ast-global-color-5)","background-image":"","background-repeat":"repeat","background-position":"center center","background-size":"auto","background-attachment":"scroll","background-type":"","background-media":"","overlay-type":"","overlay-color":"","overlay-opacity":"","overlay-gradient":""}},"footnotes":""},"class_list":["post-286","page","type-page","status-publish","hentry"],"_links":{"self":[{"href":"https:\/\/acio-official.org\/cs\/wp-json\/wp\/v2\/pages\/286","targetHints":{"allow":["GET"]}}],"collection":[{"href":"https:\/\/acio-official.org\/cs\/wp-json\/wp\/v2\/pages"}],"about":[{"href":"https:\/\/acio-official.org\/cs\/wp-json\/wp\/v2\/types\/page"}],"author":[{"embeddable":true,"href":"https:\/\/acio-official.org\/cs\/wp-json\/wp\/v2\/users\/1"}],"replies":[{"embeddable":true,"href":"https:\/\/acio-official.org\/cs\/wp-json\/wp\/v2\/comments?post=286"}],"version-history":[{"count":5,"href":"https:\/\/acio-official.org\/cs\/wp-json\/wp\/v2\/pages\/286\/revisions"}],"predecessor-version":[{"id":1430,"href":"https:\/\/acio-official.org\/cs\/wp-json\/wp\/v2\/pages\/286\/revisions\/1430"}],"wp:attachment":[{"href":"https:\/\/acio-official.org\/cs\/wp-json\/wp\/v2\/media?parent=286"}],"curies":[{"name":"wp","href":"https:\/\/api.w.org\/{rel}","templated":true}]}}