{"id":213,"date":"2021-06-14T03:19:30","date_gmt":"2021-06-14T03:19:30","guid":{"rendered":"https:\/\/mrr.ixy.mybluehost.me\/website_dcad05ef\/?page_id=213"},"modified":"2021-06-22T02:43:48","modified_gmt":"2021-06-22T02:43:48","slug":"disclaimers-on-the-acio","status":"publish","type":"page","link":"https:\/\/acio-official.org\/cs\/disclaimers-on-the-acio\/","title":{"rendered":"Z\u0159eknut\u00ed se odpov\u011bdnosti za ACIO"},"content":{"rendered":"<div data-elementor-type=\"wp-page\" data-elementor-id=\"213\" class=\"elementor elementor-213\">\n\t\t\t\t\t\t<section class=\"elementor-section elementor-top-section elementor-element elementor-element-qxsprek elementor-section-boxed elementor-section-height-default elementor-section-height-default\" data-id=\"qxsprek\" data-element_type=\"section\" data-e-type=\"section\" data-settings=\"{&quot;background_background&quot;:&quot;classic&quot;}\">\n\t\t\t\t\t\t\t<div class=\"elementor-background-overlay\"><\/div>\n\t\t\t\t\t\t\t<div class=\"elementor-container elementor-column-gap-default\">\n\t\t\t\t\t<div class=\"elementor-column elementor-col-100 elementor-top-column elementor-element elementor-element-1053ca7a\" data-id=\"1053ca7a\" data-element_type=\"column\" data-e-type=\"column\">\n\t\t\t<div class=\"elementor-widget-wrap elementor-element-populated\">\n\t\t\t\t\t\t<div class=\"elementor-element elementor-element-3d99e122 elementor-widget elementor-widget-heading\" data-id=\"3d99e122\" data-element_type=\"widget\" data-e-type=\"widget\" data-widget_type=\"heading.default\">\n\t\t\t\t<div class=\"elementor-widget-container\">\n\t\t\t\t\t<h1 class=\"elementor-heading-title elementor-size-default\">ODM\u00cdTNUT\u00cd ACIO <\/h1>\t\t\t\t<\/div>\n\t\t\t\t<\/div>\n\t\t\t\t\t<\/div>\n\t\t<\/div>\n\t\t\t\t\t<\/div>\n\t\t<\/section>\n\t\t\t\t<section class=\"elementor-section elementor-top-section elementor-element elementor-element-6f6dab4 elementor-section-boxed elementor-section-height-default elementor-section-height-default\" data-id=\"6f6dab4\" data-element_type=\"section\" data-e-type=\"section\" data-settings=\"{&quot;background_background&quot;:&quot;classic&quot;}\">\n\t\t\t\t\t\t\t<div class=\"elementor-background-overlay\"><\/div>\n\t\t\t\t\t\t\t<div class=\"elementor-container elementor-column-gap-default\">\n\t\t\t\t\t<div class=\"elementor-column elementor-col-100 elementor-top-column elementor-element elementor-element-5dbc720\" data-id=\"5dbc720\" data-element_type=\"column\" data-e-type=\"column\">\n\t\t\t<div class=\"elementor-widget-wrap elementor-element-populated\">\n\t\t\t\t\t\t<div class=\"elementor-element elementor-element-d6d363c elementor-widget elementor-widget-text-editor\" data-id=\"d6d363c\" data-element_type=\"widget\" data-e-type=\"widget\" data-widget_type=\"text-editor.default\">\n\t\t\t\t<div class=\"elementor-widget-container\">\n\t\t\t\t\t\t\t\t\t<p><span style=\"font-weight: 400;\">K datu tohoto psan\u00ed jsou ofici\u00e1ln\u00ed webov\u00e9 str\u00e1nky ACIO a Peter the Insider jedin\u00fdm ofici\u00e1ln\u011b schv\u00e1len\u00fdm zdrojem a autoritou v Advanced Contact Intelligence Organization. Zjistili jsme, \u017ee mohou existovat dal\u0161\u00ed skupiny nebo jednotlivci online, kte\u0159\u00ed tvrd\u00ed, \u017ee jsou odd\u011bleni od ACIO, nebo \u017ee maj\u00ed p\u0159\u00edstup k person\u00e1ln\u00edm z\u00e1znam\u016fm, datab\u00e1zov\u00fdm soubor\u016fm a zpravodajsk\u00fdm zpr\u00e1v\u00e1m z ACIO. \u017d\u00e1d\u00e1me v\u00e1s, abyste prozkoumali tato tvrzen\u00ed n\u00e1ro\u010dn\u00fdm pohledem, proto\u017ee mnoz\u00ed se pokou\u0161eli fale\u0161n\u011b vyd\u00e1vat za z\u00e1stupce ACIO pro r\u016fzn\u00e9 negativn\u00ed agendy, kter\u00e9 slou\u017e\u00ed pouze k potla\u010den\u00ed a diskreditaci hnut\u00ed za zve\u0159ejn\u011bn\u00ed.\u00a0<\/span><\/p><p><span style=\"font-weight: 400;\">K dne\u0161n\u00edmu dni je Peter Insider jedin\u00fd zn\u00e1m\u00fd jedinec, kter\u00fd ve\u0159ejn\u011b nab\u00edz\u00ed zpravodajstv\u00ed p\u0159\u00edmo z ACIO, proto\u017ee \u017e\u00e1dn\u00fd jin\u00fd jednotlivec nebyl ACIO opr\u00e1vn\u011bn vykon\u00e1vat tuto roli na ve\u0159ejn\u00e9 \u00farovni. S vybran\u00fdmi jednotlivci, se kter\u00fdmi Peter pracuje, je schopen pou\u017e\u00edt technologick\u00e9 rozhran\u00ed pro p\u0159\u00edstup k energetick\u00e9mu poli jednotlivc\u016f a extrahovat relevantn\u00ed informace a person\u00e1ln\u00ed soubory pro super voj\u00e1ky a SSP. Tento proces je velmi podobn\u00fd tomu, jak se psychik m\u016f\u017ee naladit na akashick\u00fd z\u00e1znam jednotlivce, av\u0161ak po\u010d\u00edta\u010dov\u00e9 rozhran\u00ed ACIO mu umo\u017e\u0148uje p\u0159\u00edstup na nejhlub\u0161\u00ed mo\u017enou \u00farove\u0148 akashick\u00e9ho z\u00e1znamu jednotlivce. Toto se ozna\u010duje jako \u00farove\u0148 proto-v\u011bdom\u00ed a je p\u0159\u00edstupn\u00e1 pouze t\u011bm nejzku\u0161en\u011bj\u0161\u00edm a nejzku\u0161en\u011bj\u0161\u00edm psychik\u016fm v limbu na astr\u00e1ln\u00ed \u00farovni, pokud je v\u016fbec p\u0159\u00edstupn\u00e1 b\u011b\u017en\u00e9mu \u010dlov\u011bku. D\u00edky tomu je dokonce i samotn\u00e9mu Petrovi poskytnut autorizovan\u00fd p\u0159\u00edstup pouze k omezen\u00e9 datab\u00e1zi v r\u00e1mci ACIO za \u00fa\u010delem zve\u0159ejn\u011bn\u00ed. V tuto chv\u00edli Peter ve\u0159ejn\u011b nenab\u00edz\u00ed p\u0159\u00edstup k person\u00e1ln\u00edm z\u00e1znam\u016fm pro super voj\u00e1ky nebo SSP kv\u016fli jin\u00fdm v\u00fdznamn\u00fdm odpov\u011bdnostem, ve kter\u00fdch je aktu\u00e1ln\u011b aktivn\u00ed, a nen\u00ed k dispozici \u017e\u00e1dn\u00e1 definitivn\u00ed \u010dasov\u00e1 osa, kdy se Peter vr\u00e1t\u00ed k nab\u00eddce t\u00e9to slu\u017eby. Je v\u0161ak t\u0159eba poznamenat, \u017ee Peter nikdy nebude \u017e\u00e1dat o kompenzaci za \u017e\u00e1dnou z t\u011bchto slu\u017eeb, tak\u017ee ka\u017ed\u00fd jednotlivec, kter\u00fd tvrd\u00ed, \u017ee nab\u00edz\u00ed sd\u00edlen\u00ed z\u00e1znam\u016f zam\u011bstnanc\u016f ACIO za \u00faplatu, je jednozna\u010dn\u00fdm podvodem a m\u011bl by b\u00fdt ignorov\u00e1n a vyhnout se mu. <\/span><\/p>\t\t\t\t\t\t\t\t<\/div>\n\t\t\t\t<\/div>\n\t\t\t\t\t<\/div>\n\t\t<\/div>\n\t\t\t\t\t<\/div>\n\t\t<\/section>\n\t\t\t\t<\/div>","protected":false},"excerpt":{"rendered":"<p>ACIO DISCLAIMERS As of the date of this writing, the ACIO official website and Peter the Insider are the only officially sanctioned resources and authority on the Advanced Contact Intelligence Organization. It has come to our awareness that there may be other groups or individuals online that claim to be apart of the ACIO or [&hellip;]<\/p>\n","protected":false},"author":1,"featured_media":0,"parent":0,"menu_order":0,"comment_status":"closed","ping_status":"closed","template":"","meta":{"om_disable_all_campaigns":false,"site-sidebar-layout":"no-sidebar","site-content-layout":"page-builder","ast-site-content-layout":"default","site-content-style":"default","site-sidebar-style":"default","ast-global-header-display":"","ast-banner-title-visibility":"","ast-main-header-display":"","ast-hfb-above-header-display":"","ast-hfb-below-header-display":"","ast-hfb-mobile-header-display":"","site-post-title":"disabled","ast-breadcrumbs-content":"","ast-featured-img":"disabled","footer-sml-layout":"","ast-disable-related-posts":"","theme-transparent-header-meta":"","adv-header-id-meta":"","stick-header-meta":"","header-above-stick-meta":"","header-main-stick-meta":"","header-below-stick-meta":"","astra-migrate-meta-layouts":"default","ast-page-background-enabled":"default","ast-page-background-meta":{"desktop":{"background-color":"","background-image":"","background-repeat":"repeat","background-position":"center center","background-size":"auto","background-attachment":"scroll","background-type":"","background-media":"","overlay-type":"","overlay-color":"","overlay-opacity":"","overlay-gradient":""},"tablet":{"background-color":"","background-image":"","background-repeat":"repeat","background-position":"center center","background-size":"auto","background-attachment":"scroll","background-type":"","background-media":"","overlay-type":"","overlay-color":"","overlay-opacity":"","overlay-gradient":""},"mobile":{"background-color":"","background-image":"","background-repeat":"repeat","background-position":"center center","background-size":"auto","background-attachment":"scroll","background-type":"","background-media":"","overlay-type":"","overlay-color":"","overlay-opacity":"","overlay-gradient":""}},"ast-content-background-meta":{"desktop":{"background-color":"var(--ast-global-color-5)","background-image":"","background-repeat":"repeat","background-position":"center center","background-size":"auto","background-attachment":"scroll","background-type":"","background-media":"","overlay-type":"","overlay-color":"","overlay-opacity":"","overlay-gradient":""},"tablet":{"background-color":"var(--ast-global-color-5)","background-image":"","background-repeat":"repeat","background-position":"center center","background-size":"auto","background-attachment":"scroll","background-type":"","background-media":"","overlay-type":"","overlay-color":"","overlay-opacity":"","overlay-gradient":""},"mobile":{"background-color":"var(--ast-global-color-5)","background-image":"","background-repeat":"repeat","background-position":"center center","background-size":"auto","background-attachment":"scroll","background-type":"","background-media":"","overlay-type":"","overlay-color":"","overlay-opacity":"","overlay-gradient":""}},"footnotes":""},"class_list":["post-213","page","type-page","status-publish","hentry"],"_links":{"self":[{"href":"https:\/\/acio-official.org\/cs\/wp-json\/wp\/v2\/pages\/213","targetHints":{"allow":["GET"]}}],"collection":[{"href":"https:\/\/acio-official.org\/cs\/wp-json\/wp\/v2\/pages"}],"about":[{"href":"https:\/\/acio-official.org\/cs\/wp-json\/wp\/v2\/types\/page"}],"author":[{"embeddable":true,"href":"https:\/\/acio-official.org\/cs\/wp-json\/wp\/v2\/users\/1"}],"replies":[{"embeddable":true,"href":"https:\/\/acio-official.org\/cs\/wp-json\/wp\/v2\/comments?post=213"}],"version-history":[{"count":22,"href":"https:\/\/acio-official.org\/cs\/wp-json\/wp\/v2\/pages\/213\/revisions"}],"predecessor-version":[{"id":558,"href":"https:\/\/acio-official.org\/cs\/wp-json\/wp\/v2\/pages\/213\/revisions\/558"}],"wp:attachment":[{"href":"https:\/\/acio-official.org\/cs\/wp-json\/wp\/v2\/media?parent=213"}],"curies":[{"name":"wp","href":"https:\/\/api.w.org\/{rel}","templated":true}]}}